{"id":691079,"date":"2025-08-27T13:56:07","date_gmt":"2025-08-27T10:56:07","guid":{"rendered":"https:\/\/roveyayinevi.com.tr\/index.php\/urun\/oyunlarla-keman\/"},"modified":"2026-02-03T02:01:57","modified_gmt":"2026-02-02T23:01:57","slug":"oyunlarla-keman","status":"publish","type":"product","link":"https:\/\/roveyayinevi.com.tr\/index.php\/urun\/oyunlarla-keman\/","title":{"rendered":"Oyunlarla Keman"},"content":{"rendered":"<p>Bu kitap, keman \u00e7almak isteyen k\u00fc\u00e7\u00fck \u00e7ocuklara ve onlar\u0131n \u00f6\u011fretmenlerine y\u00f6neliktir. Kitapta bireysel keman derslerini destekleyen ve \u00e7ocuklar\u0131n birbirleri ile etkile\u015fimlerini sa\u011flayan sekiz toplu keman dersi yer almaktad\u0131r. \u00c7ocuklar\u0131 ruhsal ve zihinsel \u00f6zelliklerine ugun d\u00fczenlemeleri i\u00e7eren bu dersler arac\u0131l\u0131\u011f\u0131yla, k\u00fc\u00e7\u00fcklerin, kemanla tan\u0131\u015ft\u0131r\u0131lmas\u0131, keman \u00e7almaya motive edilmesi, yarat\u0131c\u0131l\u0131klar\u0131n geli\u015ftirilmesi ve hem i\u015fitsel hem de teknik becerilerinin temelinin at\u0131lmas\u0131 hedeflenmi\u015ftir. Ayr\u0131ca kitab\u0131n beraberinde, etkinliklerde kullan\u0131lan \u00f6yk\u00fc ve m\u00fczikleri i\u00e7eren bir CD bulunmaktad\u0131r.<\/p>\n","protected":false},"excerpt":{"rendered":"<p>Bu kitap, keman \u00e7almak isteyen k\u00fc\u00e7\u00fck \u00e7ocuklara ve onlar\u0131n \u00f6\u011fretmenlerine y\u00f6neliktir. Kitapta bireysel keman derslerini destekleyen ve \u00e7ocuklar\u0131n birbirleri ile etkile\u015fimlerini sa\u011flayan sekiz toplu keman dersi<span class=\"excerpt-hellip\"> [\u2026]<\/span><\/p>\n","protected":false},"featured_media":0,"template":"","meta":{"_monsterinsights_skip_tracking":false,"_monsterinsights_sitenote_active":false,"_monsterinsights_sitenote_note":"","_monsterinsights_sitenote_category":0},"product_brand":[],"product_cat":[14556,14557],"product_tag":[],"class_list":{"0":"post-691079","1":"product","2":"type-product","3":"status-publish","5":"product_cat-muzik","6":"product_cat-nota-kitaplari","7":"pa_cilt-ciltsiz","8":"pa_tur-kitap","9":"pa_yayinevi-muzik-egitimi-yayinlari","10":"pa_yazar-sermin-bilen","12":"first","13":"instock","14":"sale","15":"shipping-taxable","16":"purchasable","17":"product-type-simple"},"_links":{"self":[{"href":"https:\/\/roveyayinevi.com.tr\/index.php\/wp-json\/wp\/v2\/product\/691079","targetHints":{"allow":["GET"]}}],"collection":[{"href":"https:\/\/roveyayinevi.com.tr\/index.php\/wp-json\/wp\/v2\/product"}],"about":[{"href":"https:\/\/roveyayinevi.com.tr\/index.php\/wp-json\/wp\/v2\/types\/product"}],"wp:attachment":[{"href":"https:\/\/roveyayinevi.com.tr\/index.php\/wp-json\/wp\/v2\/media?parent=691079"}],"wp:term":[{"taxonomy":"product_brand","embeddable":true,"href":"https:\/\/roveyayinevi.com.tr\/index.php\/wp-json\/wp\/v2\/product_brand?post=691079"},{"taxonomy":"product_cat","embeddable":true,"href":"https:\/\/roveyayinevi.com.tr\/index.php\/wp-json\/wp\/v2\/product_cat?post=691079"},{"taxonomy":"product_tag","embeddable":true,"href":"https:\/\/roveyayinevi.com.tr\/index.php\/wp-json\/wp\/v2\/product_tag?post=691079"}],"curies":[{"name":"wp","href":"https:\/\/api.w.org\/{rel}","templated":true}]}}