{"id":691075,"date":"2025-08-27T13:56:06","date_gmt":"2025-08-27T10:56:06","guid":{"rendered":"https:\/\/roveyayinevi.com.tr\/index.php\/urun\/keman-icin-teknik-calismalar-techinical-studies-for-violin\/"},"modified":"2026-04-16T02:00:27","modified_gmt":"2026-04-15T23:00:27","slug":"keman-icin-teknik-calismalar-techinical-studies-for-violin","status":"publish","type":"product","link":"https:\/\/roveyayinevi.com.tr\/index.php\/urun\/keman-icin-teknik-calismalar-techinical-studies-for-violin\/","title":{"rendered":"Keman \u0130\u00e7in Teknik \u00c7al\u0131\u015fmalar \/ Techinical Studies for Violin"},"content":{"rendered":"<p>Keman \u0130\u00e7in Teknik \u00c7al\u0131\u015fmalar kitab\u0131 de\u011ferli keman e\u011fitimcisi Prof. Hazar Alap\u0131nar&#8217;\u0131n 39 y\u0131ll\u0131k deneyimin ve ayn\u0131 zamanda kemanla 1948 y\u0131l\u0131nda ba\u015flayan tan\u0131\u015f\u0131kl\u0131\u011f\u0131n\u0131n bir \u00fcr\u00fcn\u00fcd\u00fcr. Kitapta birinci pozisyondan ba\u015flayarak ileri pozisyonlara kadar \u00e7\u0131kan egzersizleri ve ayn\u0131 egzersizlerin de\u011fi\u015fik kal\u0131plara uygulanmalar\u0131n\u0131 bulabilirsiniz. De\u011fi\u015fik telleri kapsayan farkl\u0131 tonlardaki \u00e7al\u0131\u015fmalarda ise ton adlar\u0131 \u00f6zellikle belirtilmemi\u015ftir. Ba\u015ftaki donan\u0131mlardan \u00e7al\u0131c\u0131n\u0131n bulmas\u0131 ama\u00e7lanm\u0131\u015ft\u0131r. \u00d6\u011frencilerin ton duygusu, egzersizlerin tamam\u0131n\u0131 \u00e7al\u0131\u015ft\u0131k\u00e7a daha da geli\u015fecektir.Keman \u0130\u00e7in Teknik \u00c7al\u0131\u015fmalar kitab\u0131, \u00e7ift sesli egzersizleri, 2-3-4 oktavl\u0131k gam ve arpej \u00e7al\u0131\u015fmalar\u0131 ile 36 \u00e7e\u015fit yay tekni\u011fini kapsamaktad\u0131r. Kitapta de\u011ferli keman e\u011fitimcilerinin yard\u0131mlar\u0131 ile \u00f6\u011frencilerin teknik y\u00f6nden geli\u015fimine yard\u0131mc\u0131 olmak hedeflenmi\u015ftir.<\/p>\n","protected":false},"excerpt":{"rendered":"<p>Keman \u0130\u00e7in Teknik \u00c7al\u0131\u015fmalar kitab\u0131 de\u011ferli keman e\u011fitimcisi Prof. Hazar Alap\u0131nar&#8217;\u0131n 39 y\u0131ll\u0131k deneyimin ve ayn\u0131 zamanda kemanla 1948 y\u0131l\u0131nda ba\u015flayan tan\u0131\u015f\u0131kl\u0131\u011f\u0131n\u0131n bir \u00fcr\u00fcn\u00fcd\u00fcr. Kitapta birinci<span class=\"excerpt-hellip\"> [\u2026]<\/span><\/p>\n","protected":false},"featured_media":0,"template":"","meta":{"_monsterinsights_skip_tracking":false,"_monsterinsights_sitenote_active":false,"_monsterinsights_sitenote_note":"","_monsterinsights_sitenote_category":0},"product_brand":[],"product_cat":[14591,14556],"product_tag":[],"class_list":{"0":"post-691075","1":"product","2":"type-product","3":"status-publish","5":"product_cat-genel-kavramlar-kuram-ve-tarihce","6":"product_cat-muzik","7":"pa_cilt-ciltsiz","8":"pa_tur-kitap","9":"pa_yayinevi-muzik-egitimi-yayinlari","10":"pa_yazar-hazar-alapinar","12":"first","13":"instock","14":"sale","15":"shipping-taxable","16":"purchasable","17":"product-type-simple"},"_links":{"self":[{"href":"https:\/\/roveyayinevi.com.tr\/index.php\/wp-json\/wp\/v2\/product\/691075","targetHints":{"allow":["GET"]}}],"collection":[{"href":"https:\/\/roveyayinevi.com.tr\/index.php\/wp-json\/wp\/v2\/product"}],"about":[{"href":"https:\/\/roveyayinevi.com.tr\/index.php\/wp-json\/wp\/v2\/types\/product"}],"wp:attachment":[{"href":"https:\/\/roveyayinevi.com.tr\/index.php\/wp-json\/wp\/v2\/media?parent=691075"}],"wp:term":[{"taxonomy":"product_brand","embeddable":true,"href":"https:\/\/roveyayinevi.com.tr\/index.php\/wp-json\/wp\/v2\/product_brand?post=691075"},{"taxonomy":"product_cat","embeddable":true,"href":"https:\/\/roveyayinevi.com.tr\/index.php\/wp-json\/wp\/v2\/product_cat?post=691075"},{"taxonomy":"product_tag","embeddable":true,"href":"https:\/\/roveyayinevi.com.tr\/index.php\/wp-json\/wp\/v2\/product_tag?post=691075"}],"curies":[{"name":"wp","href":"https:\/\/api.w.org\/{rel}","templated":true}]}}