{"id":691073,"date":"2025-08-27T13:56:06","date_gmt":"2025-08-27T10:56:06","guid":{"rendered":"https:\/\/roveyayinevi.com.tr\/index.php\/urun\/butun-oyunlari-3\/"},"modified":"2026-04-16T02:00:27","modified_gmt":"2026-04-15T23:00:27","slug":"butun-oyunlari-3","status":"publish","type":"product","link":"https:\/\/roveyayinevi.com.tr\/index.php\/urun\/butun-oyunlari-3\/","title":{"rendered":"B\u00fct\u00fcn Oyunlar\u0131 3"},"content":{"rendered":"<p>Bizim \u00e7alg\u0131l\u0131-\u015fark\u0131l\u0131 oyun dedi\u011fimiz m\u00fczikallerin pek \u00e7o\u011fu -elbet hepsi de\u011fil- bo\u015fal\u0131m tiyatrosudur. \u00c7alg\u0131l\u0131-\u015fark\u0131l\u0131 oyun \u00f6zelliklerini de bozmadan, tiyatro salonundan \u00e7\u0131kt\u0131\u011f\u0131nda seyirciyi b\u0131rakmayan, ona bir de\u011fer art\u0131m\u0131 ekleyen bir oyun yaz\u0131lamaz m\u0131? Bu soruya yan\u0131t verebilmek i\u00e7in bug\u00fcne dek yedi-sekiz \u00e7alg\u0131l\u0131-\u015fark\u0131l\u0131 oyun yazd\u0131m. Yazd\u0131\u011f\u0131m \u00e7alg\u0131l\u0131-\u015fark\u0131l\u0131 oyunlardan d\u00f6rd\u00fcn\u00fc bu kitab\u0131mda derledim. \u00d6b\u00fcr \u00e7alg\u0131l\u0131-\u015fark\u0131l\u0131 oyunlar\u0131m\u0131 da kitapla\u015ft\u0131rmay\u0131 tasarl\u0131yorum. Bu kitab\u0131m\u0131, toplu oyunlar\u0131m\u0131 i\u00e7eren dizinin \u00fc\u00e7\u00fcnc\u00fc cildi olarak sunuyorum. -Aziz Nesin- \ufffcTan\u0131t\u0131m Metni<\/p>\n","protected":false},"excerpt":{"rendered":"<p>Bizim \u00e7alg\u0131l\u0131-\u015fark\u0131l\u0131 oyun dedi\u011fimiz m\u00fczikallerin pek \u00e7o\u011fu -elbet hepsi de\u011fil- bo\u015fal\u0131m tiyatrosudur. \u00c7alg\u0131l\u0131-\u015fark\u0131l\u0131 oyun \u00f6zelliklerini de bozmadan, tiyatro salonundan \u00e7\u0131kt\u0131\u011f\u0131nda seyirciyi b\u0131rakmayan, ona bir de\u011fer art\u0131m\u0131<span class=\"excerpt-hellip\"> [\u2026]<\/span><\/p>\n","protected":false},"featured_media":0,"template":"","meta":{"_monsterinsights_skip_tracking":false,"_monsterinsights_sitenote_active":false,"_monsterinsights_sitenote_note":"","_monsterinsights_sitenote_category":0},"product_brand":[],"product_cat":[12291,12332],"product_tag":[],"class_list":{"0":"post-691073","1":"product","2":"type-product","3":"status-publish","5":"product_cat-edebiyat","6":"product_cat-senaryo","7":"pa_tur-kitap","8":"pa_yayinevi-nesin-yayinlari","9":"pa_yazar-aziz-nesin","11":"first","12":"instock","13":"sale","14":"shipping-taxable","15":"purchasable","16":"product-type-simple"},"_links":{"self":[{"href":"https:\/\/roveyayinevi.com.tr\/index.php\/wp-json\/wp\/v2\/product\/691073","targetHints":{"allow":["GET"]}}],"collection":[{"href":"https:\/\/roveyayinevi.com.tr\/index.php\/wp-json\/wp\/v2\/product"}],"about":[{"href":"https:\/\/roveyayinevi.com.tr\/index.php\/wp-json\/wp\/v2\/types\/product"}],"wp:attachment":[{"href":"https:\/\/roveyayinevi.com.tr\/index.php\/wp-json\/wp\/v2\/media?parent=691073"}],"wp:term":[{"taxonomy":"product_brand","embeddable":true,"href":"https:\/\/roveyayinevi.com.tr\/index.php\/wp-json\/wp\/v2\/product_brand?post=691073"},{"taxonomy":"product_cat","embeddable":true,"href":"https:\/\/roveyayinevi.com.tr\/index.php\/wp-json\/wp\/v2\/product_cat?post=691073"},{"taxonomy":"product_tag","embeddable":true,"href":"https:\/\/roveyayinevi.com.tr\/index.php\/wp-json\/wp\/v2\/product_tag?post=691073"}],"curies":[{"name":"wp","href":"https:\/\/api.w.org\/{rel}","templated":true}]}}