{"id":691069,"date":"2025-08-27T13:56:05","date_gmt":"2025-08-27T10:56:05","guid":{"rendered":"https:\/\/roveyayinevi.com.tr\/index.php\/urun\/aklimin-cicekleri\/"},"modified":"2026-04-16T02:00:27","modified_gmt":"2026-04-15T23:00:27","slug":"aklimin-cicekleri","status":"publish","type":"product","link":"https:\/\/roveyayinevi.com.tr\/index.php\/urun\/aklimin-cicekleri\/","title":{"rendered":"Akl\u0131m\u0131n \u00c7i\u00e7ekleri"},"content":{"rendered":"<p>Gen\u00e7 bir anne ve tan\u0131nm\u0131\u015f bir \u015fair ve yazar olan Zeynep Uzunbay, bu kitapta yer alan \u00f6yk\u00fclerinde k\u00fc\u00e7\u00fcklerin g\u00f6z\u00fcyle d\u00fcnyaya ve olaylara bak\u0131yor. Bir \u00e7ocu\u011fun d\u00fcnyas\u0131nda neler gizlidir? <\/p>\n","protected":false},"excerpt":{"rendered":"<p>Gen\u00e7 bir anne ve tan\u0131nm\u0131\u015f bir \u015fair ve yazar olan Zeynep Uzunbay, bu kitapta yer alan \u00f6yk\u00fclerinde k\u00fc\u00e7\u00fcklerin g\u00f6z\u00fcyle d\u00fcnyaya ve olaylara bak\u0131yor. Bir \u00e7ocu\u011fun d\u00fcnyas\u0131nda<span class=\"excerpt-hellip\"> [\u2026]<\/span><\/p>\n","protected":false},"featured_media":0,"template":"","meta":{"_monsterinsights_skip_tracking":false,"_monsterinsights_sitenote_active":false,"_monsterinsights_sitenote_note":"","_monsterinsights_sitenote_category":0},"product_brand":[],"product_cat":[17996,12364],"product_tag":[],"class_list":{"0":"post-691069","1":"product","2":"type-product","3":"status-publish","5":"product_cat-ebeveyn-kitaplari","6":"product_cat-genel-konular","7":"pa_tur-kitap","8":"pa_yayinevi-nesin-yayinlari","9":"pa_yazar-zeynep-uzunbay","11":"first","12":"instock","13":"sale","14":"shipping-taxable","15":"purchasable","16":"product-type-simple"},"_links":{"self":[{"href":"https:\/\/roveyayinevi.com.tr\/index.php\/wp-json\/wp\/v2\/product\/691069","targetHints":{"allow":["GET"]}}],"collection":[{"href":"https:\/\/roveyayinevi.com.tr\/index.php\/wp-json\/wp\/v2\/product"}],"about":[{"href":"https:\/\/roveyayinevi.com.tr\/index.php\/wp-json\/wp\/v2\/types\/product"}],"wp:attachment":[{"href":"https:\/\/roveyayinevi.com.tr\/index.php\/wp-json\/wp\/v2\/media?parent=691069"}],"wp:term":[{"taxonomy":"product_brand","embeddable":true,"href":"https:\/\/roveyayinevi.com.tr\/index.php\/wp-json\/wp\/v2\/product_brand?post=691069"},{"taxonomy":"product_cat","embeddable":true,"href":"https:\/\/roveyayinevi.com.tr\/index.php\/wp-json\/wp\/v2\/product_cat?post=691069"},{"taxonomy":"product_tag","embeddable":true,"href":"https:\/\/roveyayinevi.com.tr\/index.php\/wp-json\/wp\/v2\/product_tag?post=691069"}],"curies":[{"name":"wp","href":"https:\/\/api.w.org\/{rel}","templated":true}]}}