{"id":691067,"date":"2025-08-27T13:56:05","date_gmt":"2025-08-27T10:56:05","guid":{"rendered":"https:\/\/roveyayinevi.com.tr\/index.php\/urun\/aysel\/"},"modified":"2026-04-16T02:00:27","modified_gmt":"2026-04-15T23:00:27","slug":"aysel","status":"publish","type":"product","link":"https:\/\/roveyayinevi.com.tr\/index.php\/urun\/aysel\/","title":{"rendered":"Aysel"},"content":{"rendered":"<p>Aysel, \u00f6l\u00fcm d\u00f6\u015fe\u011findeki bir gen\u00e7 k\u0131z\u0131n yazd\u0131\u011f\u0131, y\u00fcrekleri par\u00e7alayan bir mektubun a\u00e7\u0131l\u0131m\u0131. \u00d6ks\u00fcz ve yetim kalarak, yeti\u015ftirme yurduna yerle\u015ftirilen Aysel, insafs\u0131z insanlar\u0131n ve art niyetli ki\u015filerin elinde harap olur. Ak\u0131llar\u0131 durduran hayat m\u00fccadelesi ve amans\u0131z kanser hastal\u0131\u011f\u0131yla bo\u011fu\u015furken ya\u015fad\u0131\u011f\u0131 hadiseler, okuyan y\u00fcrekleri parampar\u00e7a edecek cinstendir. \u0130nsan ili\u015fkilerini, toplumsal yozla\u015fmay\u0131, gen\u00e7lik problemlerini sorgulayan bu kitap, intihar etmek \u00fczere olan bir gen\u00e7 k\u0131z\u0131n ak\u0131llar\u0131 durduran kurtulu\u015funun \u00f6yk\u00fcs\u00fcd\u00fcr. Her insan\u0131n bu ya\u015fananlardan alaca\u011f\u0131 ibret dolu mesajlar vard\u0131r. Dayanabilecek y\u00fcreklere&#8230; <\/p>\n","protected":false},"excerpt":{"rendered":"<p>Aysel, \u00f6l\u00fcm d\u00f6\u015fe\u011findeki bir gen\u00e7 k\u0131z\u0131n yazd\u0131\u011f\u0131, y\u00fcrekleri par\u00e7alayan bir mektubun a\u00e7\u0131l\u0131m\u0131. \u00d6ks\u00fcz ve yetim kalarak, yeti\u015ftirme yurduna yerle\u015ftirilen Aysel, insafs\u0131z insanlar\u0131n ve art niyetli ki\u015filerin<span class=\"excerpt-hellip\"> [\u2026]<\/span><\/p>\n","protected":false},"featured_media":0,"template":"","meta":{"_monsterinsights_skip_tracking":false,"_monsterinsights_sitenote_active":false,"_monsterinsights_sitenote_note":"","_monsterinsights_sitenote_category":0},"product_brand":[],"product_cat":[12291,12292],"product_tag":[],"class_list":{"0":"post-691067","1":"product","2":"type-product","3":"status-publish","5":"product_cat-edebiyat","6":"product_cat-turk-edebiyati","7":"pa_cilt-ciltsiz","8":"pa_tur-kitap","9":"pa_yayinevi-nesil-yayinlari","10":"pa_yazar-halit-ertugrul","12":"first","13":"instock","14":"sale","15":"shipping-taxable","16":"purchasable","17":"product-type-simple"},"_links":{"self":[{"href":"https:\/\/roveyayinevi.com.tr\/index.php\/wp-json\/wp\/v2\/product\/691067","targetHints":{"allow":["GET"]}}],"collection":[{"href":"https:\/\/roveyayinevi.com.tr\/index.php\/wp-json\/wp\/v2\/product"}],"about":[{"href":"https:\/\/roveyayinevi.com.tr\/index.php\/wp-json\/wp\/v2\/types\/product"}],"wp:attachment":[{"href":"https:\/\/roveyayinevi.com.tr\/index.php\/wp-json\/wp\/v2\/media?parent=691067"}],"wp:term":[{"taxonomy":"product_brand","embeddable":true,"href":"https:\/\/roveyayinevi.com.tr\/index.php\/wp-json\/wp\/v2\/product_brand?post=691067"},{"taxonomy":"product_cat","embeddable":true,"href":"https:\/\/roveyayinevi.com.tr\/index.php\/wp-json\/wp\/v2\/product_cat?post=691067"},{"taxonomy":"product_tag","embeddable":true,"href":"https:\/\/roveyayinevi.com.tr\/index.php\/wp-json\/wp\/v2\/product_tag?post=691067"}],"curies":[{"name":"wp","href":"https:\/\/api.w.org\/{rel}","templated":true}]}}