{"id":691064,"date":"2025-08-27T13:56:04","date_gmt":"2025-08-27T10:56:04","guid":{"rendered":"https:\/\/roveyayinevi.com.tr\/index.php\/urun\/bir-vicdan-davasi\/"},"modified":"2026-04-16T02:00:27","modified_gmt":"2026-04-15T23:00:27","slug":"bir-vicdan-davasi","status":"publish","type":"product","link":"https:\/\/roveyayinevi.com.tr\/index.php\/urun\/bir-vicdan-davasi\/","title":{"rendered":"Bir Vicdan Davas\u0131"},"content":{"rendered":"<p>Onbe\u015f y\u0131l s\u00fcren TYS genel ba\u015fkanl\u0131\u011f\u0131m s\u00fcresini ve yazarlar\u0131m\u0131za ili\u015fkin an\u0131lar\u0131m\u0131 ayr\u0131nt\u0131l\u0131 olarak yazmay\u0131 \u00e7ok istiyorum ama yetmi\u015fyedi ya\u015f\u0131mdan sonra buna art\u0131k zaman\u0131m olaca\u011f\u0131n\u0131 sanm\u0131yorum. Tomris Uyar\u0131 a\u015fa\u011f\u0131lad\u0131\u011f\u0131m sav\u0131 ile 3 milyon lira ile birlikte toplam 51milyon 667 bin 5001lira tazminat \u00f6deme cezas\u0131na \u00e7arpt\u0131r\u0131lm\u0131\u015f olmam dolay\u0131s\u0131yla bu kitapta derledi\u011fim belgeler onbe\u015f-yirmi y\u0131ll\u0131k sendika ya\u015fam\u0131m\u0131n hi\u00e7 olmazsa \u00e7ok k\u0131sa bir b\u00f6l\u00fcm\u00fcn\u00fc yans\u0131tacakt\u0131r diye d\u00fc\u015f\u00fcn\u00fcyorum. Amac\u0131m, kendimi savunmak yada kendisini a\u015fa\u011f\u0131lad\u0131\u011f\u0131m\u0131 s\u00f6yleyen Tomris Uyar\u2019\u0131n haks\u0131zl\u0131\u011f\u0131n\u0131 kan\u0131tlamak de\u011fil. A\u00e7t\u0131\u011f\u0131 tazminat davas\u0131n\u0131 kazanan Tomris Uyar\u2019\u0131 ister hakl\u0131 ister haks\u0131z bulun, bu kitapla ya\u015fad\u0131\u011f\u0131m \u00e7a\u011fda TYS gibi \u00f6nemli bir \u00f6rg\u00fct\u00fcn ekseni \u00e7evresinde \u00fclkemizin bir toplumsal kesitini sunmak istiyorum. \ufffcTan\u0131t\u0131m Metni<\/p>\n","protected":false},"excerpt":{"rendered":"<p>Onbe\u015f y\u0131l s\u00fcren TYS genel ba\u015fkanl\u0131\u011f\u0131m s\u00fcresini ve yazarlar\u0131m\u0131za ili\u015fkin an\u0131lar\u0131m\u0131 ayr\u0131nt\u0131l\u0131 olarak yazmay\u0131 \u00e7ok istiyorum ama yetmi\u015fyedi ya\u015f\u0131mdan sonra buna art\u0131k zaman\u0131m olaca\u011f\u0131n\u0131 sanm\u0131yorum. Tomris<span class=\"excerpt-hellip\"> [\u2026]<\/span><\/p>\n","protected":false},"featured_media":0,"template":"","meta":{"_monsterinsights_skip_tracking":false,"_monsterinsights_sitenote_active":false,"_monsterinsights_sitenote_note":"","_monsterinsights_sitenote_category":0},"product_brand":[],"product_cat":[12782,12291],"product_tag":[],"class_list":{"0":"post-691064","1":"product","2":"type-product","3":"status-publish","5":"product_cat-alman-edebiyati","6":"product_cat-edebiyat","7":"pa_tur-kitap","8":"pa_yayinevi-nesin-yayinlari","9":"pa_yazar-aziz-nesin","11":"first","12":"instock","13":"sale","14":"shipping-taxable","15":"purchasable","16":"product-type-simple"},"_links":{"self":[{"href":"https:\/\/roveyayinevi.com.tr\/index.php\/wp-json\/wp\/v2\/product\/691064","targetHints":{"allow":["GET"]}}],"collection":[{"href":"https:\/\/roveyayinevi.com.tr\/index.php\/wp-json\/wp\/v2\/product"}],"about":[{"href":"https:\/\/roveyayinevi.com.tr\/index.php\/wp-json\/wp\/v2\/types\/product"}],"wp:attachment":[{"href":"https:\/\/roveyayinevi.com.tr\/index.php\/wp-json\/wp\/v2\/media?parent=691064"}],"wp:term":[{"taxonomy":"product_brand","embeddable":true,"href":"https:\/\/roveyayinevi.com.tr\/index.php\/wp-json\/wp\/v2\/product_brand?post=691064"},{"taxonomy":"product_cat","embeddable":true,"href":"https:\/\/roveyayinevi.com.tr\/index.php\/wp-json\/wp\/v2\/product_cat?post=691064"},{"taxonomy":"product_tag","embeddable":true,"href":"https:\/\/roveyayinevi.com.tr\/index.php\/wp-json\/wp\/v2\/product_tag?post=691064"}],"curies":[{"name":"wp","href":"https:\/\/api.w.org\/{rel}","templated":true}]}}