{"id":691063,"date":"2025-08-27T13:56:04","date_gmt":"2025-08-27T10:56:04","guid":{"rendered":"https:\/\/roveyayinevi.com.tr\/index.php\/urun\/bir-dokun-bin-dinle\/"},"modified":"2026-04-16T02:00:27","modified_gmt":"2026-04-15T23:00:27","slug":"bir-dokun-bin-dinle","status":"publish","type":"product","link":"https:\/\/roveyayinevi.com.tr\/index.php\/urun\/bir-dokun-bin-dinle\/","title":{"rendered":"Bir Dokun Bin Dinle"},"content":{"rendered":"<p>Benim d\u00f6nemimde, benim ku\u015fa\u011f\u0131mdan insanlar\u0131n \u00fcnlenmesi i\u00e7in \u00e7ok ilgin\u00e7 bi\u015fey, biraz da ay\u0131p do\u011frusu, hapisaneye girmesi gerekliydi. Bu ressamlar i\u00e7in de, \u015fairler i\u00e7in de b\u00f6yleydi. Ressama d\u00fc\u015fmand\u0131r bu millet, yazara d\u00fc\u015fmand\u0131r ama m\u00fczisyenin fark\u0131nda de\u011fildir. O \u00e7alarken, \u00f6tt\u00fcr\u00fcrken, bana muhalif mi de\u011fil mi, fark\u0131na varmaz. Liman sergisinde adamlan ora\u011fa, \u00e7ekice benziyor diye takibata u\u011fratm\u0131\u015flard\u0131. Benim d\u00f6nemimde b\u00f6yleydi, hatta hapisaneye girmemi\u015f olan\u0131 yazar saymazlard\u0131. Bu tabii devletin sisteminin ay\u0131b\u0131yd\u0131&#8230; \ufffcTan\u0131t\u0131m Metni<\/p>\n","protected":false},"excerpt":{"rendered":"<p>Benim d\u00f6nemimde, benim ku\u015fa\u011f\u0131mdan insanlar\u0131n \u00fcnlenmesi i\u00e7in \u00e7ok ilgin\u00e7 bi\u015fey, biraz da ay\u0131p do\u011frusu, hapisaneye girmesi gerekliydi. Bu ressamlar i\u00e7in de, \u015fairler i\u00e7in de b\u00f6yleydi. Ressama<span class=\"excerpt-hellip\"> [\u2026]<\/span><\/p>\n","protected":false},"featured_media":0,"template":"","meta":{"_monsterinsights_skip_tracking":false,"_monsterinsights_sitenote_active":false,"_monsterinsights_sitenote_note":"","_monsterinsights_sitenote_category":0},"product_brand":[],"product_cat":[12291,12292],"product_tag":[],"class_list":{"0":"post-691063","1":"product","2":"type-product","3":"status-publish","5":"product_cat-edebiyat","6":"product_cat-turk-edebiyati","7":"pa_cilt-ciltsiz","8":"pa_tur-kitap","9":"pa_yayinevi-nesin-yayinlari","10":"pa_yazar-aziz-nesin","12":"first","13":"instock","14":"sale","15":"shipping-taxable","16":"purchasable","17":"product-type-simple"},"_links":{"self":[{"href":"https:\/\/roveyayinevi.com.tr\/index.php\/wp-json\/wp\/v2\/product\/691063","targetHints":{"allow":["GET"]}}],"collection":[{"href":"https:\/\/roveyayinevi.com.tr\/index.php\/wp-json\/wp\/v2\/product"}],"about":[{"href":"https:\/\/roveyayinevi.com.tr\/index.php\/wp-json\/wp\/v2\/types\/product"}],"wp:attachment":[{"href":"https:\/\/roveyayinevi.com.tr\/index.php\/wp-json\/wp\/v2\/media?parent=691063"}],"wp:term":[{"taxonomy":"product_brand","embeddable":true,"href":"https:\/\/roveyayinevi.com.tr\/index.php\/wp-json\/wp\/v2\/product_brand?post=691063"},{"taxonomy":"product_cat","embeddable":true,"href":"https:\/\/roveyayinevi.com.tr\/index.php\/wp-json\/wp\/v2\/product_cat?post=691063"},{"taxonomy":"product_tag","embeddable":true,"href":"https:\/\/roveyayinevi.com.tr\/index.php\/wp-json\/wp\/v2\/product_tag?post=691063"}],"curies":[{"name":"wp","href":"https:\/\/api.w.org\/{rel}","templated":true}]}}