{"id":691061,"date":"2025-08-27T13:56:03","date_gmt":"2025-08-27T10:56:03","guid":{"rendered":"https:\/\/roveyayinevi.com.tr\/index.php\/urun\/bay-duduk\/"},"modified":"2026-04-16T02:00:27","modified_gmt":"2026-04-15T23:00:27","slug":"bay-duduk","status":"publish","type":"product","link":"https:\/\/roveyayinevi.com.tr\/index.php\/urun\/bay-duduk\/","title":{"rendered":"Bay D\u00fcd\u00fck"},"content":{"rendered":"<p>&#8220;\u00d6n\u00fcm\u00fczden bir taksi ge\u00e7erken cebinden d\u00fcd\u00fc\u011f\u00fc \u00e7\u0131kar\u0131p f\u0131\u0131r f\u0131\u0131\u0131r \u00f6tt\u00fcrd\u00fc. D\u00fcd\u00fc\u011f\u00fc \u00f6tt\u00fcrmesine, h\u0131zla giden taksi d\u00f6nd\u00fc geldi, \u00f6n\u00fcm\u00fczde durdu. Biz taksiye bindik. \u0130\u015fin \u015fa\u015f\u0131lacak yan\u0131, bo\u015f arabaya ba\u015fkalar\u0131 sald\u0131rmad\u0131. Arabada,\u2013 Ulan Musa, yoksa sen trafik m\u00fcd\u00fcr\u00fc m\u00fc oldun? dedim.Parma\u011f\u0131n\u0131 duda\u011f\u0131na g\u00f6t\u00fcr\u00fcp \u201csus\u201d i\u015fareti yapt\u0131. Ni\u015fanta\u015f\u0131\u2019nda taksiden indik. Musa c\u00fczdana davrand\u0131.\u015eof\u00f6r,\u2013 Aya\u011f\u0131n\u0131 \u00f6peyim abi, para istemez kurban olay\u0131m&#8230; dedi, para almad\u0131.\u2013 \u015eof\u00f6r tan\u0131d\u0131k m\u0131? dedim.\u2013 Yoo&#8230; dedi.\u2013 Ulan Musa, yoksa sen polis m\u00fcd\u00fcr\u00fc m\u00fc oldun?&#8221;<\/p>\n","protected":false},"excerpt":{"rendered":"<p>&#8220;\u00d6n\u00fcm\u00fczden bir taksi ge\u00e7erken cebinden d\u00fcd\u00fc\u011f\u00fc \u00e7\u0131kar\u0131p f\u0131\u0131r f\u0131\u0131\u0131r \u00f6tt\u00fcrd\u00fc. D\u00fcd\u00fc\u011f\u00fc \u00f6tt\u00fcrmesine, h\u0131zla giden taksi d\u00f6nd\u00fc geldi, \u00f6n\u00fcm\u00fczde durdu. Biz taksiye bindik. \u0130\u015fin \u015fa\u015f\u0131lacak yan\u0131, bo\u015f<span class=\"excerpt-hellip\"> [\u2026]<\/span><\/p>\n","protected":false},"featured_media":0,"template":"","meta":{"_monsterinsights_skip_tracking":false,"_monsterinsights_sitenote_active":false,"_monsterinsights_sitenote_note":"","_monsterinsights_sitenote_category":0},"product_brand":[],"product_cat":[12477,12364],"product_tag":[],"class_list":{"0":"post-691061","1":"product","2":"type-product","3":"status-publish","5":"product_cat-eglence-mizah","6":"product_cat-genel-konular","7":"pa_cilt-ciltsiz","8":"pa_tur-kitap","9":"pa_yayinevi-nesin-yayinlari","10":"pa_yazar-aziz-nesin","12":"first","13":"instock","14":"sale","15":"shipping-taxable","16":"purchasable","17":"product-type-simple"},"_links":{"self":[{"href":"https:\/\/roveyayinevi.com.tr\/index.php\/wp-json\/wp\/v2\/product\/691061","targetHints":{"allow":["GET"]}}],"collection":[{"href":"https:\/\/roveyayinevi.com.tr\/index.php\/wp-json\/wp\/v2\/product"}],"about":[{"href":"https:\/\/roveyayinevi.com.tr\/index.php\/wp-json\/wp\/v2\/types\/product"}],"wp:attachment":[{"href":"https:\/\/roveyayinevi.com.tr\/index.php\/wp-json\/wp\/v2\/media?parent=691061"}],"wp:term":[{"taxonomy":"product_brand","embeddable":true,"href":"https:\/\/roveyayinevi.com.tr\/index.php\/wp-json\/wp\/v2\/product_brand?post=691061"},{"taxonomy":"product_cat","embeddable":true,"href":"https:\/\/roveyayinevi.com.tr\/index.php\/wp-json\/wp\/v2\/product_cat?post=691061"},{"taxonomy":"product_tag","embeddable":true,"href":"https:\/\/roveyayinevi.com.tr\/index.php\/wp-json\/wp\/v2\/product_tag?post=691061"}],"curies":[{"name":"wp","href":"https:\/\/api.w.org\/{rel}","templated":true}]}}