{"id":691058,"date":"2025-08-27T13:56:03","date_gmt":"2025-08-27T10:56:03","guid":{"rendered":"https:\/\/roveyayinevi.com.tr\/index.php\/urun\/ah-biz-odlek-aydinlar\/"},"modified":"2026-04-16T02:00:27","modified_gmt":"2026-04-15T23:00:27","slug":"ah-biz-odlek-aydinlar","status":"publish","type":"product","link":"https:\/\/roveyayinevi.com.tr\/index.php\/urun\/ah-biz-odlek-aydinlar\/","title":{"rendered":"Ah Biz \u00d6dlek Ayd\u0131nlar"},"content":{"rendered":"<p>T\u00fcrkiye\u2019nin toplumsal topografyas\u0131n\u0131 vermeye \u00e7al\u0131\u015f\u0131rken, bu i\u015fi kendi insanlar\u0131mla alay ederek, onlar\u0131 g\u00fcl\u00fcn\u00e7le\u015ftirerek, yererek yapt\u0131m elbet, \u00e7ok da k\u0131zd\u0131m onlara. Ama b\u00fct\u00fcn bunlar\u0131n hepsinden daha \u00e7ok, hepsinden daha \u00fcst\u00fcn bir duyguyla sevdim onlar\u0131. Her ne yazd\u0131msa, halk\u0131m\u0131 ger\u00e7ekten, \u00f6zden severek yazd\u0131m. \u0130nsanlar\u0131 sevmek diye \u00e7ok kli\u015fe bir s\u00f6z var. D\u0131\u015f anlam\u0131yla be\u011fenmiyorum, do\u011fru bulmuyorum bu s\u00f6z\u00fc. \u00c7\u00fcnk\u00fc, insanlan sevmek, halk\u0131 sevmek deyince, onlar\u0131 oldu\u011fu gibi, \u015fimdiki durumlar\u0131yla m\u0131 sevece\u011fiz? Yani k\u00f6t\u00fc olanlara k\u0131zmadan, k\u00f6t\u00fcl\u00fckleri ho\u015f g\u00f6rerek mi sevece\u011fiz? Hay\u0131r, ben k\u0131zarak seviyorum, ama k\u0131zmam\u0131n k\u00f6k\u00fcnde sevgi var. Bug\u00fcnk\u00fc durumu be\u011fenmedi\u011fim i\u00e7in k\u0131z\u0131yorum. Ama \u00f6yk\u00fclerime ald\u0131\u011f\u0131m insanlan \u00e7ok sevdi\u011fim i\u00e7in de, dunumlanmn de\u011fi\u015fmesini istiyor ve buna \u00e7al\u0131\u015f\u0131yorum. Ben bir g\u00fclmece yazar\u0131y\u0131m. K\u0131zmadan, \u00f6fkelenmeden, her an \u00f6fke \u00fcst\u00fcnde olmadan, durmadan \u00f6fkesi bilenmeden nas\u0131l g\u00fclmece yap\u0131labilir? Ve o k\u0131zd\u0131\u011f\u0131n insanlan sevmeden nas\u0131l sanat yap\u0131labilir? Ya\u015fad\u0131\u011f\u0131m \u00e7a\u011fda yurdumun toplumsal topografyas\u0131n\u0131 \u00e7izmeye \u00e7al\u0131\u015ft\u0131\u011f\u0131m \u00f6yk\u00fclerim, ikisi de ayn\u0131 duygu kayna\u011f\u0131ndan gelen k\u0131zg\u0131nl\u0131\u011f\u0131m\u0131n ve sevgimin \u00fcr\u00fcnleridir, demek yanl\u0131\u015f olmaz san\u0131r\u0131m. Sevilene kar\u015f\u0131 duyulan \u00f6fke&#8230; adl\u0131 b\u00f6l\u00fcmden&#8230; \ufffcTan\u0131t\u0131m Metni<\/p>\n","protected":false},"excerpt":{"rendered":"<p>T\u00fcrkiye\u2019nin toplumsal topografyas\u0131n\u0131 vermeye \u00e7al\u0131\u015f\u0131rken, bu i\u015fi kendi insanlar\u0131mla alay ederek, onlar\u0131 g\u00fcl\u00fcn\u00e7le\u015ftirerek, yererek yapt\u0131m elbet, \u00e7ok da k\u0131zd\u0131m onlara. Ama b\u00fct\u00fcn bunlar\u0131n hepsinden daha \u00e7ok,<span class=\"excerpt-hellip\"> [\u2026]<\/span><\/p>\n","protected":false},"featured_media":0,"template":"","meta":{"_monsterinsights_skip_tracking":false,"_monsterinsights_sitenote_active":false,"_monsterinsights_sitenote_note":"","_monsterinsights_sitenote_category":0},"product_brand":[],"product_cat":[12291,12292],"product_tag":[],"class_list":{"0":"post-691058","1":"product","2":"type-product","3":"status-publish","5":"product_cat-edebiyat","6":"product_cat-turk-edebiyati","7":"pa_tur-kitap","8":"pa_yayinevi-nesin-yayinlari","9":"pa_yazar-aziz-nesin","11":"first","12":"instock","13":"sale","14":"shipping-taxable","15":"purchasable","16":"product-type-simple"},"_links":{"self":[{"href":"https:\/\/roveyayinevi.com.tr\/index.php\/wp-json\/wp\/v2\/product\/691058","targetHints":{"allow":["GET"]}}],"collection":[{"href":"https:\/\/roveyayinevi.com.tr\/index.php\/wp-json\/wp\/v2\/product"}],"about":[{"href":"https:\/\/roveyayinevi.com.tr\/index.php\/wp-json\/wp\/v2\/types\/product"}],"wp:attachment":[{"href":"https:\/\/roveyayinevi.com.tr\/index.php\/wp-json\/wp\/v2\/media?parent=691058"}],"wp:term":[{"taxonomy":"product_brand","embeddable":true,"href":"https:\/\/roveyayinevi.com.tr\/index.php\/wp-json\/wp\/v2\/product_brand?post=691058"},{"taxonomy":"product_cat","embeddable":true,"href":"https:\/\/roveyayinevi.com.tr\/index.php\/wp-json\/wp\/v2\/product_cat?post=691058"},{"taxonomy":"product_tag","embeddable":true,"href":"https:\/\/roveyayinevi.com.tr\/index.php\/wp-json\/wp\/v2\/product_tag?post=691058"}],"curies":[{"name":"wp","href":"https:\/\/api.w.org\/{rel}","templated":true}]}}