{"id":691056,"date":"2025-08-27T13:56:03","date_gmt":"2025-08-27T10:56:03","guid":{"rendered":"https:\/\/roveyayinevi.com.tr\/index.php\/urun\/execution\/"},"modified":"2026-04-16T02:00:27","modified_gmt":"2026-04-15T23:00:27","slug":"execution","status":"publish","type":"product","link":"https:\/\/roveyayinevi.com.tr\/index.php\/urun\/execution\/","title":{"rendered":"Execution"},"content":{"rendered":"<p>EEXECUTION Bu g\u00fcnk\u00fc i\u015f d\u00fcnyas\u0131n\u0131n bug\u00fcne kadar ele al\u0131nmam\u0131\u015f \u00f6nemli bir konusudur. B\u00fcy\u00fck \u015firketlerde ve k\u00fc\u00e7\u00fck \u015firketlerde de ba\u015far\u0131 i\u00e7in temel D\u0130S\u0130PL\u0130ND\u0130R. Her \u015feyi d\u00fczene koyar. Bu Kitap, daha sa\u011fl\u0131kl\u0131 bir strateji se\u00e7iminde yard\u0131mc\u0131 olacakt\u0131r. \u015eirketlerde iyi bir execution k\u00fclt\u00fcr\u00fc varsa ba\u015far\u0131 yakalamas\u0131 \u00e7ok ama \u00e7ok g\u00fc\u00e7l\u00fc bir olas\u0131l\u0131kt\u0131r. <\/p>\n","protected":false},"excerpt":{"rendered":"<p>EEXECUTION Bu g\u00fcnk\u00fc i\u015f d\u00fcnyas\u0131n\u0131n bug\u00fcne kadar ele al\u0131nmam\u0131\u015f \u00f6nemli bir konusudur. B\u00fcy\u00fck \u015firketlerde ve k\u00fc\u00e7\u00fck \u015firketlerde de ba\u015far\u0131 i\u00e7in temel D\u0130S\u0130PL\u0130ND\u0130R. Her \u015feyi d\u00fczene koyar.<span class=\"excerpt-hellip\"> [\u2026]<\/span><\/p>\n","protected":false},"featured_media":0,"template":"","meta":{"_monsterinsights_skip_tracking":false,"_monsterinsights_sitenote_active":false,"_monsterinsights_sitenote_note":"","_monsterinsights_sitenote_category":0},"product_brand":[],"product_cat":[13043,14754],"product_tag":[],"class_list":{"0":"post-691056","1":"product","2":"type-product","3":"status-publish","5":"product_cat-ekonomi","6":"product_cat-halkla-iliskiler-insan-kaynaklari","7":"pa_cilt-ciltsiz","8":"pa_tur-kitap","9":"pa_yayinevi-mediacat-kitaplari","10":"pa_yazar-larry-bossidy-ram-charan","12":"first","13":"instock","14":"sale","15":"shipping-taxable","16":"purchasable","17":"product-type-simple"},"_links":{"self":[{"href":"https:\/\/roveyayinevi.com.tr\/index.php\/wp-json\/wp\/v2\/product\/691056","targetHints":{"allow":["GET"]}}],"collection":[{"href":"https:\/\/roveyayinevi.com.tr\/index.php\/wp-json\/wp\/v2\/product"}],"about":[{"href":"https:\/\/roveyayinevi.com.tr\/index.php\/wp-json\/wp\/v2\/types\/product"}],"wp:attachment":[{"href":"https:\/\/roveyayinevi.com.tr\/index.php\/wp-json\/wp\/v2\/media?parent=691056"}],"wp:term":[{"taxonomy":"product_brand","embeddable":true,"href":"https:\/\/roveyayinevi.com.tr\/index.php\/wp-json\/wp\/v2\/product_brand?post=691056"},{"taxonomy":"product_cat","embeddable":true,"href":"https:\/\/roveyayinevi.com.tr\/index.php\/wp-json\/wp\/v2\/product_cat?post=691056"},{"taxonomy":"product_tag","embeddable":true,"href":"https:\/\/roveyayinevi.com.tr\/index.php\/wp-json\/wp\/v2\/product_tag?post=691056"}],"curies":[{"name":"wp","href":"https:\/\/api.w.org\/{rel}","templated":true}]}}