{"id":691053,"date":"2025-08-27T13:56:02","date_gmt":"2025-08-27T10:56:02","guid":{"rendered":"https:\/\/roveyayinevi.com.tr\/index.php\/urun\/drive-nasil-motive-oluruz-nasil-motive-ederiz\/"},"modified":"2026-04-03T02:04:28","modified_gmt":"2026-04-02T23:04:28","slug":"drive-nasil-motive-oluruz-nasil-motive-ederiz","status":"publish","type":"product","link":"https:\/\/roveyayinevi.com.tr\/index.php\/urun\/drive-nasil-motive-oluruz-nasil-motive-ederiz\/","title":{"rendered":"Drive (Nas\u0131l Motive Oluruz? Nas\u0131l Motive Ederiz?)"},"content":{"rendered":"<p>Dr\u0131ve, sizi d\u00fc\u015f\u00fcnmeye ve harekete ge\u00e7meye te\u015fvik eden nadir kitaplardan. Yazar, ortaya koydu\u011fu g\u00fc\u00e7l\u00fc ve bilimsel savlarla motivasyon olgusunu yeniden d\u00fc\u015f\u00fcnmemizi sa\u011flarken, bize hayat\u0131m\u0131z\u0131 de\u011fi\u015ftirmek i\u00e7in ihtiya\u00e7 duyaca\u011f\u0131m\u0131z ara\u00e7lar\u0131 da sa\u011fl\u0131yor.\u201d Dr. Mehmet \u00d6z Johnny Bunko\u2019nun Maceralar\u0131 ve Akl\u0131n Yeni S\u0131n\u0131rlar\u0131 kitaplar\u0131n\u0131n yazar\u0131 Daniel H. Pink, bizi ger\u00e7ekte nelerin motive etti\u011fine dair, bildik t\u00fcm kli\u015feleri k\u0131ran bir kitapla kar\u015f\u0131m\u0131zda. Pink, kli\u015feleri k\u0131rmakla kalm\u0131yor, bu yeni bilgilerle daha verimli \u00e7al\u0131\u015fman\u0131n, daha iyi ya\u015faman\u0131n yollar\u0131n\u0131 da g\u00f6steriyor. Bir\u00e7o\u011fumuz, kendimizi ve ba\u015fkalar\u0131n\u0131 motive etmenin en iyi yolunun para gibi harici \u00f6d\u00fcller oldu\u011funu d\u00fc\u015f\u00fcn\u00fcr, \u00f6d\u00fcl-ceza sisteminin etkinli\u011fine inan\u0131r\u0131z. Daniel H. Pink, k\u0131\u015fk\u0131rt\u0131c\u0131 ve ikna edici yeni kitab\u0131nda bunun bir yan\u0131lg\u0131 oldu\u011funu s\u00f6yl\u00fcyor. Pink, insan motivasyonu konusunda yap\u0131lm\u0131\u015f k\u0131rk y\u0131ll\u0131k bilimsel ara\u015ft\u0131rma birikimine dayanarak yazd\u0131\u011f\u0131 bu kitab\u0131nda, bilimin bildi\u011fi ile i\u015f d\u00fcnyas\u0131n\u0131n yapt\u0131\u011f\u0131 aras\u0131ndaki u\u00e7uruma dikkat \u00e7ekiyor ve bunun hayat\u0131m\u0131z\u0131n her boyutunu nas\u0131l etkiledi\u011fini irdeliyor. Drive, b\u00fcy\u00fck fikirlerle dolu, d\u00fc\u015f\u00fcnme ve ya\u015fama \u015feklinizi de\u011fi\u015ftirecek ender kitaplardan biri. <\/p>\n","protected":false},"excerpt":{"rendered":"<p>Dr\u0131ve, sizi d\u00fc\u015f\u00fcnmeye ve harekete ge\u00e7meye te\u015fvik eden nadir kitaplardan. Yazar, ortaya koydu\u011fu g\u00fc\u00e7l\u00fc ve bilimsel savlarla motivasyon olgusunu yeniden d\u00fc\u015f\u00fcnmemizi sa\u011flarken, bize hayat\u0131m\u0131z\u0131 de\u011fi\u015ftirmek i\u00e7in<span class=\"excerpt-hellip\"> [\u2026]<\/span><\/p>\n","protected":false},"featured_media":0,"template":"","meta":{"_monsterinsights_skip_tracking":false,"_monsterinsights_sitenote_active":false,"_monsterinsights_sitenote_note":"","_monsterinsights_sitenote_category":0},"product_brand":[],"product_cat":[12364,12376],"product_tag":[],"class_list":{"0":"post-691053","1":"product","2":"type-product","3":"status-publish","5":"product_cat-genel-konular","6":"product_cat-kisisel-gelisim","7":"pa_cilt-ciltsiz","8":"pa_tur-kitap","9":"pa_yayinevi-mediacat-kitaplari","10":"pa_yazar-daniel-h-pink","12":"first","13":"instock","14":"sale","15":"shipping-taxable","16":"purchasable","17":"product-type-simple"},"_links":{"self":[{"href":"https:\/\/roveyayinevi.com.tr\/index.php\/wp-json\/wp\/v2\/product\/691053","targetHints":{"allow":["GET"]}}],"collection":[{"href":"https:\/\/roveyayinevi.com.tr\/index.php\/wp-json\/wp\/v2\/product"}],"about":[{"href":"https:\/\/roveyayinevi.com.tr\/index.php\/wp-json\/wp\/v2\/types\/product"}],"wp:attachment":[{"href":"https:\/\/roveyayinevi.com.tr\/index.php\/wp-json\/wp\/v2\/media?parent=691053"}],"wp:term":[{"taxonomy":"product_brand","embeddable":true,"href":"https:\/\/roveyayinevi.com.tr\/index.php\/wp-json\/wp\/v2\/product_brand?post=691053"},{"taxonomy":"product_cat","embeddable":true,"href":"https:\/\/roveyayinevi.com.tr\/index.php\/wp-json\/wp\/v2\/product_cat?post=691053"},{"taxonomy":"product_tag","embeddable":true,"href":"https:\/\/roveyayinevi.com.tr\/index.php\/wp-json\/wp\/v2\/product_tag?post=691053"}],"curies":[{"name":"wp","href":"https:\/\/api.w.org\/{rel}","templated":true}]}}