{"id":691049,"date":"2025-08-27T13:56:01","date_gmt":"2025-08-27T10:56:01","guid":{"rendered":"https:\/\/roveyayinevi.com.tr\/index.php\/urun\/aklin-yeni-sinirlari\/"},"modified":"2026-04-16T02:00:26","modified_gmt":"2026-04-15T23:00:26","slug":"aklin-yeni-sinirlari","status":"publish","type":"product","link":"https:\/\/roveyayinevi.com.tr\/index.php\/urun\/aklin-yeni-sinirlari\/","title":{"rendered":"Akl\u0131n Yeni S\u0131n\u0131rlar\u0131"},"content":{"rendered":"<p>Kavramsal \u00c7a\u011fda \u0130\u015f Ba\u015far\u0131s\u0131n\u0131n 6 Anahtar\u0131 Bu Kitapta!   25 May\u0131s\u2019ta \u0130stanbul\u2019da konferans veren Daniel Pink\u2019in kitab\u0131 \u00e7\u0131kt\u0131!!!    (\u00c7\u00fcnk\u00fc) gelece\u011fi y\u00f6netecek olanlar, sa\u011f beynini kullanabilenlerdir.    Daniel H. Pink\u2019in bu kitab\u0131 d\u00fcnya \u00e7ap\u0131nda en \u00e7ok satanlar aras\u0131nda yer al\u0131yor    B\u00fcy\u00fck ba\u015far\u0131! Bu bir ki\u015fisel geli\u015fim kitab\u0131 de\u011fil. \u00c7ok daha \u00f6nemli bir kitap. Bir d\u00f6n\u00fcm noktas\u0131na i\u015faret eden, herkesten \u00f6nce okumu\u015f olmak isteyece\u011finiz \u015fu ender kitaplardan biri. Dan Pink bir kez daha ta\u015f\u0131 gedi\u011fine koyuyor . Bu kitapta Daniel Pink, yap\u0131lan ara\u015ft\u0131malara da dayanarak profesyonel ba\u015far\u0131 ve ki\u015fisel mutlulu\u011fun temel ta\u015flar\u0131n\u0131 a\u00e7\u0131kl\u0131yor. Tasar\u0131m, \u00d6yk\u00fc, Senfoni, Empati, Oyun va Anlam Kitap bu yetenekleri g\u00fc\u00e7lendirmemiz i\u00e7in bir dizi ara\u00e7, ipucu ve al\u0131\u015ft\u0131rma i\u00e7eriyor. Bu kitap d\u00fc\u015f\u00fcnce bi\u00e7iminizi geli\u015ftirecek ve ya\u015fam\u0131n\u0131za zenginlik katacak. <\/p>\n","protected":false},"excerpt":{"rendered":"<p>Kavramsal \u00c7a\u011fda \u0130\u015f Ba\u015far\u0131s\u0131n\u0131n 6 Anahtar\u0131 Bu Kitapta! 25 May\u0131s\u2019ta \u0130stanbul\u2019da konferans veren Daniel Pink\u2019in kitab\u0131 \u00e7\u0131kt\u0131!!! (\u00c7\u00fcnk\u00fc) gelece\u011fi y\u00f6netecek olanlar, sa\u011f beynini kullanabilenlerdir. Daniel H.<span class=\"excerpt-hellip\"> [\u2026]<\/span><\/p>\n","protected":false},"featured_media":0,"template":"","meta":{"_monsterinsights_skip_tracking":false,"_monsterinsights_sitenote_active":false,"_monsterinsights_sitenote_note":"","_monsterinsights_sitenote_category":0},"product_brand":[],"product_cat":[13043,14754],"product_tag":[],"class_list":{"0":"post-691049","1":"product","2":"type-product","3":"status-publish","5":"product_cat-ekonomi","6":"product_cat-halkla-iliskiler-insan-kaynaklari","7":"pa_tur-kitap","8":"pa_yayinevi-mediacat-kitaplari","9":"pa_yazar-daniel-h-pink","11":"first","12":"instock","13":"sale","14":"shipping-taxable","15":"purchasable","16":"product-type-simple"},"_links":{"self":[{"href":"https:\/\/roveyayinevi.com.tr\/index.php\/wp-json\/wp\/v2\/product\/691049","targetHints":{"allow":["GET"]}}],"collection":[{"href":"https:\/\/roveyayinevi.com.tr\/index.php\/wp-json\/wp\/v2\/product"}],"about":[{"href":"https:\/\/roveyayinevi.com.tr\/index.php\/wp-json\/wp\/v2\/types\/product"}],"wp:attachment":[{"href":"https:\/\/roveyayinevi.com.tr\/index.php\/wp-json\/wp\/v2\/media?parent=691049"}],"wp:term":[{"taxonomy":"product_brand","embeddable":true,"href":"https:\/\/roveyayinevi.com.tr\/index.php\/wp-json\/wp\/v2\/product_brand?post=691049"},{"taxonomy":"product_cat","embeddable":true,"href":"https:\/\/roveyayinevi.com.tr\/index.php\/wp-json\/wp\/v2\/product_cat?post=691049"},{"taxonomy":"product_tag","embeddable":true,"href":"https:\/\/roveyayinevi.com.tr\/index.php\/wp-json\/wp\/v2\/product_tag?post=691049"}],"curies":[{"name":"wp","href":"https:\/\/api.w.org\/{rel}","templated":true}]}}