{"id":691048,"date":"2025-08-27T13:56:01","date_gmt":"2025-08-27T10:56:01","guid":{"rendered":"https:\/\/roveyayinevi.com.tr\/index.php\/urun\/ortadogu-uygarlik-mirasi-2\/"},"modified":"2026-04-16T02:00:26","modified_gmt":"2026-04-15T23:00:26","slug":"ortadogu-uygarlik-mirasi-2","status":"publish","type":"product","link":"https:\/\/roveyayinevi.com.tr\/index.php\/urun\/ortadogu-uygarlik-mirasi-2\/","title":{"rendered":"Ortado\u011fu Uygarl\u0131k Miras\u0131 2"},"content":{"rendered":"<p>Ortado\u011fu Uygarl\u0131k Miras\u0131 kitab\u0131n\u0131n devam\u0131 olan bu kitap. Muazzez \u0130lmiye \u00c7\u0131\u011f\u2019\u0131n \u00e7e\u015fitli dergilerde yay\u0131mlanan makaleleri, bilimsel toplant\u0131larda sundu\u011fu baz\u0131 bildirileri ve daha \u00f6nce yay\u0131mlanmam\u0131\u015f kimi yaz\u0131lar\u0131n\u0131 kapsamaktad\u0131r. \u00c7\u0131\u011f, Sumerlilerden zaman\u0131m\u0131za ula\u015fan k\u00fclt\u00fcr izlerini yaz\u0131lar\u0131yla bizlere ta\u015f\u0131yor. Kitapta yer alan baz\u0131 konu ba\u015fl\u0131klar\u0131 \u015funlard\u0131r: Kilden Tabletler&#8230; Binlerce Y\u0131l Boyu Anadolu&#8230; Eski Babil \u00c7a\u011f\u0131na Ait \u0130ki T\u00fcketim Listesi&#8230; Kad\u0131n Neden \u00c2dem\u2019in Kaburga Kemi\u011finden Yarat\u0131lm\u0131\u015ft\u0131r&#8230; Bir Rahibenin \u00c7eyizi ve Evlenme Kontrat\u0131&#8230; Babilliler Kira Meselesini 3 700 Y\u0131l \u00d6nce Halletmi\u015flerdi&#8230; Tarihte \u0130lk Cezaevi ve Oraya \u0130lk Giren Yazar&#8230; S\u00fcmer Edebiyat\u0131&#8230; \u0130nsan ve Onun Tanr\u0131s\u0131 Adl\u0131 Bir S\u00fcmer \u015eiiri&#8230; Sumerlilerde Adalet ve Ahlak Kavram\u0131&#8230; S\u00fcmer \u0130lahileri&#8230; S\u00fcmer Efsanelerinden \u0130nanna Bilulu&#8230; S\u00fcmer A\u011f\u0131tlar\u0131&#8230; Lut Peygamber K\u0131zlar\u0131yla Neden Yatt\u0131&#8230; \u0130nsanl\u0131k Tarihinin En Eski \u00d6\u011fretmenleri&#8230; Sumerlilerde Sanat&#8230; S\u00fcmer Kutsal Evlenme Hik\u00e2yesinin Kur\u2019an ve Tevrat\u2019taki \u0130zleri&#8230; S\u00fcmer\u2019de \u0130\u015f\u00e7i S\u0131n\u0131f\u0131n\u0131n Durumu&#8230; Saban \u0130le Kazma\u2019n\u0131n Tart\u0131\u015fmas\u0131. Sumerlilerde Ekonomi&#8230; Mezopotamya\u2019da T\u0131p&#8230; Mezopotamya\u2019da Sihir ve B\u00fcy\u00fc&#8230; Mezopotamya\u2019da Astronomi. Ba\u015f\u00f6rt\u00fcs\u00fcn\u00fcn Arkas\u0131ndaki Ger\u00e7ekler&#8230; Piri Reis\u2019in Haritas\u0131 ve Bir Bilimkurgu Roman\u0131&#8230; \u0130nsanl\u0131k Tarihinde \u0130lk \u015eehir Plan\u0131&#8230; T\u00fcrk Yaz\u0131s\u0131 En Eski Yaz\u0131 m\u0131d\u0131r?.. Porto Riko\u2019yu Kurtaran T\u00fcrk Topu&#8230; \ufffcTan\u0131t\u0131m Metni<\/p>\n","protected":false},"excerpt":{"rendered":"<p>Ortado\u011fu Uygarl\u0131k Miras\u0131 kitab\u0131n\u0131n devam\u0131 olan bu kitap. Muazzez \u0130lmiye \u00c7\u0131\u011f\u2019\u0131n \u00e7e\u015fitli dergilerde yay\u0131mlanan makaleleri, bilimsel toplant\u0131larda sundu\u011fu baz\u0131 bildirileri ve daha \u00f6nce yay\u0131mlanmam\u0131\u015f kimi yaz\u0131lar\u0131n\u0131<span class=\"excerpt-hellip\"> [\u2026]<\/span><\/p>\n","protected":false},"featured_media":0,"template":"","meta":{"_monsterinsights_skip_tracking":false,"_monsterinsights_sitenote_active":false,"_monsterinsights_sitenote_note":"","_monsterinsights_sitenote_category":0},"product_brand":[],"product_cat":[12312,12304],"product_tag":[],"class_list":{"0":"post-691048","1":"product","2":"type-product","3":"status-publish","5":"product_cat-diger","6":"product_cat-tarih","7":"pa_tur-kitap","8":"pa_yayinevi-kaynak-yayinlari","9":"pa_yazar-muazzez-ilmiye-cig","11":"first","12":"instock","13":"sale","14":"shipping-taxable","15":"purchasable","16":"product-type-simple"},"_links":{"self":[{"href":"https:\/\/roveyayinevi.com.tr\/index.php\/wp-json\/wp\/v2\/product\/691048","targetHints":{"allow":["GET"]}}],"collection":[{"href":"https:\/\/roveyayinevi.com.tr\/index.php\/wp-json\/wp\/v2\/product"}],"about":[{"href":"https:\/\/roveyayinevi.com.tr\/index.php\/wp-json\/wp\/v2\/types\/product"}],"wp:attachment":[{"href":"https:\/\/roveyayinevi.com.tr\/index.php\/wp-json\/wp\/v2\/media?parent=691048"}],"wp:term":[{"taxonomy":"product_brand","embeddable":true,"href":"https:\/\/roveyayinevi.com.tr\/index.php\/wp-json\/wp\/v2\/product_brand?post=691048"},{"taxonomy":"product_cat","embeddable":true,"href":"https:\/\/roveyayinevi.com.tr\/index.php\/wp-json\/wp\/v2\/product_cat?post=691048"},{"taxonomy":"product_tag","embeddable":true,"href":"https:\/\/roveyayinevi.com.tr\/index.php\/wp-json\/wp\/v2\/product_tag?post=691048"}],"curies":[{"name":"wp","href":"https:\/\/api.w.org\/{rel}","templated":true}]}}