{"id":691047,"date":"2025-08-27T13:56:01","date_gmt":"2025-08-27T10:56:01","guid":{"rendered":"https:\/\/roveyayinevi.com.tr\/index.php\/urun\/piyano-icin-ilk-bach-albumu-first-bach-album-for-piano\/"},"modified":"2026-04-16T02:00:26","modified_gmt":"2026-04-15T23:00:26","slug":"piyano-icin-ilk-bach-albumu-first-bach-album-for-piano","status":"publish","type":"product","link":"https:\/\/roveyayinevi.com.tr\/index.php\/urun\/piyano-icin-ilk-bach-albumu-first-bach-album-for-piano\/","title":{"rendered":"Piyano \u0130\u00e7in \u0130lk Bach Alb\u00fcm\u00fc \/ First Bach Album for Piano"},"content":{"rendered":"<p>Johann Sebastian Bach, kendi \u00e7ocuklar\u0131n\u0131 e\u011fitmek amac\u0131yla Wilhelm Friedemann Bach i\u00e7in Klavye Kitap\u00e7\u0131\u011f\u0131 ve Anna Magdalena Bach i\u00e7in iki adet kitap\u00e7\u0131k haz\u0131rlam\u0131\u015ft\u0131r. Y\u0131llar sonra pek \u00e7ok edit\u00f6r taraf\u0131ndan bu \u00fc\u00e7 alb\u00fcmden se\u00e7ilerek yay\u0131nlanan eserler g\u00fcn\u00fcm\u00fczde piyano \u00f6\u011frencileri taraf\u0131ndan sevilerek \u00e7al\u0131nmaktad\u0131r. Bach&#8217;\u0131n se\u00e7me eserlerinin sunuldu\u011fu en \u00fcnl\u00fc alb\u00fcmlerden bir tanesi, ku\u015fkusuz edit\u00f6rl\u00fc\u011f\u00fcn\u00fc Kurt Herrmann&#8217;\u0131n yapt\u0131\u011f\u0131 Der Erste Bach isimli kitapt\u0131r.<\/p>\n","protected":false},"excerpt":{"rendered":"<p>Johann Sebastian Bach, kendi \u00e7ocuklar\u0131n\u0131 e\u011fitmek amac\u0131yla Wilhelm Friedemann Bach i\u00e7in Klavye Kitap\u00e7\u0131\u011f\u0131 ve Anna Magdalena Bach i\u00e7in iki adet kitap\u00e7\u0131k haz\u0131rlam\u0131\u015ft\u0131r. Y\u0131llar sonra pek \u00e7ok<span class=\"excerpt-hellip\"> [\u2026]<\/span><\/p>\n","protected":false},"featured_media":0,"template":"","meta":{"_monsterinsights_skip_tracking":false,"_monsterinsights_sitenote_active":false,"_monsterinsights_sitenote_note":"","_monsterinsights_sitenote_category":0},"product_brand":[],"product_cat":[14556,14557],"product_tag":[],"class_list":{"0":"post-691047","1":"product","2":"type-product","3":"status-publish","5":"product_cat-muzik","6":"product_cat-nota-kitaplari","7":"pa_cilt-ciltsiz","8":"pa_tur-kitap","9":"pa_yayinevi-muzik-egitimi-yayinlari","10":"pa_yazar-kolektif","12":"first","13":"instock","14":"sale","15":"shipping-taxable","16":"purchasable","17":"product-type-simple"},"_links":{"self":[{"href":"https:\/\/roveyayinevi.com.tr\/index.php\/wp-json\/wp\/v2\/product\/691047","targetHints":{"allow":["GET"]}}],"collection":[{"href":"https:\/\/roveyayinevi.com.tr\/index.php\/wp-json\/wp\/v2\/product"}],"about":[{"href":"https:\/\/roveyayinevi.com.tr\/index.php\/wp-json\/wp\/v2\/types\/product"}],"wp:attachment":[{"href":"https:\/\/roveyayinevi.com.tr\/index.php\/wp-json\/wp\/v2\/media?parent=691047"}],"wp:term":[{"taxonomy":"product_brand","embeddable":true,"href":"https:\/\/roveyayinevi.com.tr\/index.php\/wp-json\/wp\/v2\/product_brand?post=691047"},{"taxonomy":"product_cat","embeddable":true,"href":"https:\/\/roveyayinevi.com.tr\/index.php\/wp-json\/wp\/v2\/product_cat?post=691047"},{"taxonomy":"product_tag","embeddable":true,"href":"https:\/\/roveyayinevi.com.tr\/index.php\/wp-json\/wp\/v2\/product_tag?post=691047"}],"curies":[{"name":"wp","href":"https:\/\/api.w.org\/{rel}","templated":true}]}}