{"id":691045,"date":"2025-08-27T13:56:01","date_gmt":"2025-08-27T10:56:01","guid":{"rendered":"https:\/\/roveyayinevi.com.tr\/index.php\/urun\/klasik-ve-pop-gitar-metodu\/"},"modified":"2026-04-16T02:00:26","modified_gmt":"2026-04-15T23:00:26","slug":"klasik-ve-pop-gitar-metodu","status":"publish","type":"product","link":"https:\/\/roveyayinevi.com.tr\/index.php\/urun\/klasik-ve-pop-gitar-metodu\/","title":{"rendered":"Klasik ve Pop Gitar Metodu"},"content":{"rendered":"<p>Bu kitap klasik ya da pop gitar \u00e7almaya ilgi duyan her ya\u015f d\u00fczeyindeki bireylerin, ba\u015flang\u0131\u00e7 i\u00e7in yararlanabilecekleri \u015fekilde haz\u0131rlanm\u0131\u015ft\u0131r. Bu nedenle i\u00e7inde yer alan al\u0131\u015ft\u0131rma ve par\u00e7alar\u0131n olabildi\u011fince yal\u0131n ve kolay olmas\u0131na b\u00fcy\u00fck \u00f6zen g\u00f6sterilmi\u015ftir. M\u00fczikle ilgili bir alt yap\u0131ya sahip olan \u00f6\u011frencilerle ve bir \u00f6\u011fretmen k\u0131lavuzlu\u011funda yap\u0131lan haftada iki saatlik bir \u00e7al\u0131\u015fmayla kitap bitirildi\u011finde -3 ay gibi k\u0131sa bir s\u00fcrede- hem kolay klasik gitar par\u00e7alar\u0131n\u0131n \u00e7al\u0131nabildi\u011fi, hem de akor ve ritimlerle \u00e7e\u015fitli pop ve okul \u015fark\u0131lar\u0131na e\u015flik edilebildi\u011fi g\u00f6zlenmi\u015ftir.  Gitar\u0131n di\u011fer \u00e7alg\u0131lara g\u00f6re \u00e7e\u015fitli avantajlar\u0131 bulunmaktad\u0131r. Bunlar\u0131n ba\u015f\u0131nda ta\u015f\u0131nabilir olmas\u0131, kolayca edinilebilmesi, hem bir solo ve hem de bir e\u015flik \u00e7alg\u0131s\u0131 olarak kullan\u0131labilmesi gelmektedir. Bu bak\u0131mdan gitar; genel, amat\u00f6r ve hatta mesleki m\u00fczik e\u011fitiminin ve bu alanlarda \u00f6\u011fretim yapan m\u00fczik e\u011fitimcilerinin vazge\u00e7ilmez \u00e7alg\u0131lar\u0131ndan biridir.  T\u00fcm d\u00fcnyada ve \u00fclkemizde, \u00f6zellikle gen\u00e7ler aras\u0131nda son derece pop\u00fcler olan gitar\u0131n \u00f6\u011fretimine ili\u015fkin, \u00fclkemizde \u201cmetod\u201d ad\u0131 alt\u0131nda \u00e7ok say\u0131da yay\u0131n bulunmas\u0131na kar\u015f\u0131n bunlar\u0131n \u00e7ok az\u0131 \u00f6zg\u00fcn ve e\u011fitici niteliktedir. Hatta denebilir ki neredeyse gitar \u00e7almay\u0131 \u00f6\u011frenen herkes bir metod(!) \u00e7\u0131karmaktad\u0131r. Bu kitab\u0131n di\u011fer yay\u0131nlardan ba\u015fl\u0131ca farkl\u0131l\u0131\u011f\u0131 \u201cklasik temelli pop gitar \u00e7alabilmeyi\u201d hedeflemi\u015f olmas\u0131d\u0131r. Bu nedenle ba\u015flang\u0131\u00e7ta bir klasik gitar metodu gibi g\u00f6r\u00fcnmesine kar\u015f\u0131n, kitab\u0131n sonlar\u0131na do\u011fru pop m\u00fczikte kullan\u0131lan temel akorlara, bu akorlar\u0131 bir araya getirerek yap\u0131labilecek basit kadanslara ve bir okul \u015fark\u0131s\u0131 \u00f6rne\u011fine yer verildi\u011fi de g\u00f6r\u00fclecektir. Ayr\u0131ca kitab\u0131n sonunda \u00e7ok az say\u0131da par\u00e7aya yer verilen \u201cDa\u011farc\u0131k\u201d ba\u015fl\u0131kl\u0131 b\u00f6l\u00fcmde ise yine kolay \u00e7al\u0131nabilir klasik ve pop m\u00fczik par\u00e7alar\u0131 yer almaktad\u0131r <\/p>\n","protected":false},"excerpt":{"rendered":"<p>Bu kitap klasik ya da pop gitar \u00e7almaya ilgi duyan her ya\u015f d\u00fczeyindeki bireylerin, ba\u015flang\u0131\u00e7 i\u00e7in yararlanabilecekleri \u015fekilde haz\u0131rlanm\u0131\u015ft\u0131r. Bu nedenle i\u00e7inde yer alan al\u0131\u015ft\u0131rma ve<span class=\"excerpt-hellip\"> [\u2026]<\/span><\/p>\n","protected":false},"featured_media":0,"template":"","meta":{"_monsterinsights_skip_tracking":false,"_monsterinsights_sitenote_active":false,"_monsterinsights_sitenote_note":"","_monsterinsights_sitenote_category":0},"product_brand":[],"product_cat":[14591,14556],"product_tag":[],"class_list":{"0":"post-691045","1":"product","2":"type-product","3":"status-publish","5":"product_cat-genel-kavramlar-kuram-ve-tarihce","6":"product_cat-muzik","7":"pa_cilt-ciltsiz","8":"pa_tur-kitap","9":"pa_yayinevi-muzik-egitimi-yayinlari","10":"pa_yazar-suleyman-tarman","12":"first","13":"instock","14":"sale","15":"shipping-taxable","16":"purchasable","17":"product-type-simple"},"_links":{"self":[{"href":"https:\/\/roveyayinevi.com.tr\/index.php\/wp-json\/wp\/v2\/product\/691045","targetHints":{"allow":["GET"]}}],"collection":[{"href":"https:\/\/roveyayinevi.com.tr\/index.php\/wp-json\/wp\/v2\/product"}],"about":[{"href":"https:\/\/roveyayinevi.com.tr\/index.php\/wp-json\/wp\/v2\/types\/product"}],"wp:attachment":[{"href":"https:\/\/roveyayinevi.com.tr\/index.php\/wp-json\/wp\/v2\/media?parent=691045"}],"wp:term":[{"taxonomy":"product_brand","embeddable":true,"href":"https:\/\/roveyayinevi.com.tr\/index.php\/wp-json\/wp\/v2\/product_brand?post=691045"},{"taxonomy":"product_cat","embeddable":true,"href":"https:\/\/roveyayinevi.com.tr\/index.php\/wp-json\/wp\/v2\/product_cat?post=691045"},{"taxonomy":"product_tag","embeddable":true,"href":"https:\/\/roveyayinevi.com.tr\/index.php\/wp-json\/wp\/v2\/product_tag?post=691045"}],"curies":[{"name":"wp","href":"https:\/\/api.w.org\/{rel}","templated":true}]}}