{"id":691044,"date":"2025-08-27T13:56:00","date_gmt":"2025-08-27T10:56:00","guid":{"rendered":"https:\/\/roveyayinevi.com.tr\/index.php\/urun\/klasik-gitar-icin-populer-dagarcik\/"},"modified":"2026-04-16T02:00:26","modified_gmt":"2026-04-15T23:00:26","slug":"klasik-gitar-icin-populer-dagarcik","status":"publish","type":"product","link":"https:\/\/roveyayinevi.com.tr\/index.php\/urun\/klasik-gitar-icin-populer-dagarcik\/","title":{"rendered":"Klasik Gitar \u0130\u00e7in Pop\u00fcler Da\u011farc\u0131k"},"content":{"rendered":"<p>&#8220;Deli La Bu \u00d6rtmen&#8221; ve &#8220;Sevgiler Olsun: E\u015flik CD\u2019li \u00c7ocuk \u015eark\u0131lar\u0131&#8221; kitaplar\u0131n\u0131n yazar\u0131 ve deneyimli m\u00fczik e\u011fitimcisi Yakup K\u0131vrak, 1976 y\u0131l\u0131ndan ba\u015flayarak k\u00f6y \u00f6\u011fretmenli\u011fi yapt\u0131\u011f\u0131 2,5 y\u0131ll\u0131k s\u00fcre\u00e7te kendi kendine \u00f6\u011frenmeye \u00e7al\u0131\u015ft\u0131\u011f\u0131 klasik gitarla ba\u011f\u0131n\u0131 bug\u00fcne dek hi\u00e7 koparmad\u0131. 70\u2019li y\u0131llar\u0131n de\u011ferli e\u011fitim m\u00fczi\u011fi bestecisi ve \u00fclkemizi klasik gitarla tan\u0131\u015ft\u0131ran gitar e\u011fitimcisi Ziya Ayd\u0131ntan\u2019dan mektupla moral ve teknik destek g\u00f6ren K\u0131vrak, aradan ge\u00e7en 35 y\u0131ll\u0131k s\u00fcre i\u00e7inde yapt\u0131\u011f\u0131 besteleri, t\u00fcrk\u00fc\/\u015fark\u0131 d\u00fczenlemeleri ile birlikte evrensel klasik gitar da\u011farc\u0131\u011f\u0131n\u0131n en pop\u00fcler ve kolay eserlerini bu kitapta toplad\u0131. Eserleri kolaydan zora do\u011fru s\u0131ralay\u0131p, harmanlad\u0131 ve baz\u0131lar\u0131n\u0131 resimledi. Sonunda 100\u2019den fazla ba\u015flang\u0131\u00e7 ve orta d\u00fczey klasik gitar eserinin yer ald\u0131\u011f\u0131 bu kitap, b\u00fct\u00fcn klasik gitar severlerin \u00e7almak istedi\u011fi par\u00e7alardan olu\u015fan g\u00fczel bir da\u011farc\u0131k halini ald\u0131. \u0130lk kez 2009 y\u0131l\u0131nda yay\u0131nland\u0131 ve b\u00fcy\u00fck be\u011feniyle kar\u015f\u0131land\u0131, k\u0131sa s\u00fcrede t\u00fckendi. Kitab\u0131n daha kolay a\u00e7\u0131labilen; spiral ciltli, alfabetik eser dizini bulunan geli\u015ftirilmi\u015f bu bas\u0131m\u0131n\u0131 sizlere sunmaktan gurur duyar\u0131z.<\/p>\n","protected":false},"excerpt":{"rendered":"<p>&#8220;Deli La Bu \u00d6rtmen&#8221; ve &#8220;Sevgiler Olsun: E\u015flik CD\u2019li \u00c7ocuk \u015eark\u0131lar\u0131&#8221; kitaplar\u0131n\u0131n yazar\u0131 ve deneyimli m\u00fczik e\u011fitimcisi Yakup K\u0131vrak, 1976 y\u0131l\u0131ndan ba\u015flayarak k\u00f6y \u00f6\u011fretmenli\u011fi yapt\u0131\u011f\u0131 2,5<span class=\"excerpt-hellip\"> [\u2026]<\/span><\/p>\n","protected":false},"featured_media":0,"template":"","meta":{"_monsterinsights_skip_tracking":false,"_monsterinsights_sitenote_active":false,"_monsterinsights_sitenote_note":"","_monsterinsights_sitenote_category":0},"product_brand":[],"product_cat":[14556,14557],"product_tag":[],"class_list":{"0":"post-691044","1":"product","2":"type-product","3":"status-publish","5":"product_cat-muzik","6":"product_cat-nota-kitaplari","7":"pa_cilt-ciltsiz","8":"pa_tur-kitap","9":"pa_yayinevi-muzik-egitimi-yayinlari","10":"pa_yazar-yakup-kivrak","12":"first","13":"instock","14":"sale","15":"shipping-taxable","16":"purchasable","17":"product-type-simple"},"_links":{"self":[{"href":"https:\/\/roveyayinevi.com.tr\/index.php\/wp-json\/wp\/v2\/product\/691044","targetHints":{"allow":["GET"]}}],"collection":[{"href":"https:\/\/roveyayinevi.com.tr\/index.php\/wp-json\/wp\/v2\/product"}],"about":[{"href":"https:\/\/roveyayinevi.com.tr\/index.php\/wp-json\/wp\/v2\/types\/product"}],"wp:attachment":[{"href":"https:\/\/roveyayinevi.com.tr\/index.php\/wp-json\/wp\/v2\/media?parent=691044"}],"wp:term":[{"taxonomy":"product_brand","embeddable":true,"href":"https:\/\/roveyayinevi.com.tr\/index.php\/wp-json\/wp\/v2\/product_brand?post=691044"},{"taxonomy":"product_cat","embeddable":true,"href":"https:\/\/roveyayinevi.com.tr\/index.php\/wp-json\/wp\/v2\/product_cat?post=691044"},{"taxonomy":"product_tag","embeddable":true,"href":"https:\/\/roveyayinevi.com.tr\/index.php\/wp-json\/wp\/v2\/product_tag?post=691044"}],"curies":[{"name":"wp","href":"https:\/\/api.w.org\/{rel}","templated":true}]}}