{"id":691043,"date":"2025-08-27T13:56:00","date_gmt":"2025-08-27T10:56:00","guid":{"rendered":"https:\/\/roveyayinevi.com.tr\/index.php\/urun\/yedi-deliler\/"},"modified":"2026-04-16T02:00:26","modified_gmt":"2026-04-15T23:00:26","slug":"yedi-deliler","status":"publish","type":"product","link":"https:\/\/roveyayinevi.com.tr\/index.php\/urun\/yedi-deliler\/","title":{"rendered":"Yedi Deliler"},"content":{"rendered":"<p>\u201cBir varm\u0131\u015f, bir yokmu\u015f. Evvel zaman i\u00e7inde, kalbur saman i\u00e7inde, develer tellal, pireler berber iken\u2026\u201d diye ba\u015flar masal\u0131m\u0131z. Masallar \u00e7ocuklara okuma al\u0131\u015fkanl\u0131\u011f\u0131 kazand\u0131rd\u0131\u011f\u0131 gibi ya\u015fam\u0131 kavramalar\u0131n\u0131n \u00f6nemli birer arac\u0131. \u201cYedi Deliler\u201d adl\u0131 masal\u0131m\u0131z akl\u0131 do\u011fru kullanman\u0131n ya\u015fam\u0131 nas\u0131l kolayla\u015ft\u0131rd\u0131\u011f\u0131n\u0131 masals\u0131 bir dille anlat\u0131rken \u00e7ocuklar\u0131n hayal g\u00fcc\u00fcn\u00fc geli\u015ftirmektedir. <\/p>\n","protected":false},"excerpt":{"rendered":"<p>\u201cBir varm\u0131\u015f, bir yokmu\u015f. Evvel zaman i\u00e7inde, kalbur saman i\u00e7inde, develer tellal, pireler berber iken\u2026\u201d diye ba\u015flar masal\u0131m\u0131z. Masallar \u00e7ocuklara okuma al\u0131\u015fkanl\u0131\u011f\u0131 kazand\u0131rd\u0131\u011f\u0131 gibi ya\u015fam\u0131 kavramalar\u0131n\u0131n<span class=\"excerpt-hellip\"> [\u2026]<\/span><\/p>\n","protected":false},"featured_media":0,"template":"","meta":{"_monsterinsights_skip_tracking":false,"_monsterinsights_sitenote_active":false,"_monsterinsights_sitenote_note":"","_monsterinsights_sitenote_category":0},"product_brand":[],"product_cat":[12275,12274],"product_tag":[],"class_list":{"0":"post-691043","1":"product","2":"type-product","3":"status-publish","5":"product_cat-6-12-yas-kitaplari","6":"product_cat-cocuk-ve-genclik-kitaplari","7":"pa_cilt-ciltsiz","8":"pa_tur-kitap","9":"pa_yayinevi-kok-yayinevi","10":"pa_yazar-ebru-batur-musaoglu","12":"first","13":"instock","14":"sale","15":"shipping-taxable","16":"purchasable","17":"product-type-simple"},"_links":{"self":[{"href":"https:\/\/roveyayinevi.com.tr\/index.php\/wp-json\/wp\/v2\/product\/691043","targetHints":{"allow":["GET"]}}],"collection":[{"href":"https:\/\/roveyayinevi.com.tr\/index.php\/wp-json\/wp\/v2\/product"}],"about":[{"href":"https:\/\/roveyayinevi.com.tr\/index.php\/wp-json\/wp\/v2\/types\/product"}],"wp:attachment":[{"href":"https:\/\/roveyayinevi.com.tr\/index.php\/wp-json\/wp\/v2\/media?parent=691043"}],"wp:term":[{"taxonomy":"product_brand","embeddable":true,"href":"https:\/\/roveyayinevi.com.tr\/index.php\/wp-json\/wp\/v2\/product_brand?post=691043"},{"taxonomy":"product_cat","embeddable":true,"href":"https:\/\/roveyayinevi.com.tr\/index.php\/wp-json\/wp\/v2\/product_cat?post=691043"},{"taxonomy":"product_tag","embeddable":true,"href":"https:\/\/roveyayinevi.com.tr\/index.php\/wp-json\/wp\/v2\/product_tag?post=691043"}],"curies":[{"name":"wp","href":"https:\/\/api.w.org\/{rel}","templated":true}]}}