{"id":691042,"date":"2025-08-27T13:56:00","date_gmt":"2025-08-27T10:56:00","guid":{"rendered":"https:\/\/roveyayinevi.com.tr\/index.php\/urun\/yalnizligi-seven-kirlangic\/"},"modified":"2026-04-16T02:00:26","modified_gmt":"2026-04-15T23:00:26","slug":"yalnizligi-seven-kirlangic","status":"publish","type":"product","link":"https:\/\/roveyayinevi.com.tr\/index.php\/urun\/yalnizligi-seven-kirlangic\/","title":{"rendered":"Yaln\u0131zl\u0131\u011f\u0131 Seven K\u0131rlang\u0131\u00e7"},"content":{"rendered":"<p>Bu kitapta okuyaca\u011f\u0131n\u0131z \u00f6yk\u00fcler, sizi de\u011fi\u015fik d\u00fcnyalara ta\u015f\u0131yacak, olaylar, durumlar, insan davran\u0131\u015flar\u0131 \u00fczerinde d\u00fc\u015f\u00fcnmenizi sa\u011flayacak. \u00e7\u00fcnk\u00fc bu \u00f6yk\u00fclerin daha \u00f6nce okudu\u011funuz \u00f6yk\u00fclerden ayr\u0131lan bir yan\u0131 var: Her \u00f6yk\u00fc, bir atas\u00f6z\u00fcm\u00fcz\u00fcn yans\u0131tt\u0131\u011f\u0131 ya\u015fam ger\u00e7e\u011fini i\u00e7eriyor. Bu ger\u00e7e\u011fi bulabilmek i\u00e7in sorular\u0131n ard\u0131na d\u00fc\u015fecek, merakl\u0131 dakikalar ya\u015fayacaks\u0131n\u0131z. G\u00fczel kitaplar\u0131n bir \u00f6zelli\u011fi de i\u00e7imizde sorular uyand\u0131rmas\u0131 de\u011fil midir? Kitaptaki \u00f6yk\u00fclerin g\u00fczelli\u011fi de buradan geliyor i\u015fte: D\u00fc\u015f\u00fcnd\u00fcrmesinden, merak\u0131m\u0131z\u0131 kam\u00e7\u0131lamas\u0131ndan. Yaln\u0131z\u011f\u0131 Seven K\u0131rlang\u0131\u00e7taki \u00f6yk\u00fcleri severek, tat alarak okuyacaks\u0131n\u0131z. \ufffcTan\u0131t\u0131m Metni<\/p>\n","protected":false},"excerpt":{"rendered":"<p>Bu kitapta okuyaca\u011f\u0131n\u0131z \u00f6yk\u00fcler, sizi de\u011fi\u015fik d\u00fcnyalara ta\u015f\u0131yacak, olaylar, durumlar, insan davran\u0131\u015flar\u0131 \u00fczerinde d\u00fc\u015f\u00fcnmenizi sa\u011flayacak. \u00e7\u00fcnk\u00fc bu \u00f6yk\u00fclerin daha \u00f6nce okudu\u011funuz \u00f6yk\u00fclerden ayr\u0131lan bir yan\u0131 var:<span class=\"excerpt-hellip\"> [\u2026]<\/span><\/p>\n","protected":false},"featured_media":0,"template":"","meta":{"_monsterinsights_skip_tracking":false,"_monsterinsights_sitenote_active":false,"_monsterinsights_sitenote_note":"","_monsterinsights_sitenote_category":0},"product_brand":[],"product_cat":[12275,12274],"product_tag":[],"class_list":{"0":"post-691042","1":"product","2":"type-product","3":"status-publish","5":"product_cat-6-12-yas-kitaplari","6":"product_cat-cocuk-ve-genclik-kitaplari","7":"pa_cilt-ciltsiz","8":"pa_tur-kitap","9":"pa_yayinevi-kok-yayinevi","10":"pa_yazar-emin-ozdemir","12":"first","13":"instock","14":"sale","15":"shipping-taxable","16":"purchasable","17":"product-type-simple"},"_links":{"self":[{"href":"https:\/\/roveyayinevi.com.tr\/index.php\/wp-json\/wp\/v2\/product\/691042","targetHints":{"allow":["GET"]}}],"collection":[{"href":"https:\/\/roveyayinevi.com.tr\/index.php\/wp-json\/wp\/v2\/product"}],"about":[{"href":"https:\/\/roveyayinevi.com.tr\/index.php\/wp-json\/wp\/v2\/types\/product"}],"wp:attachment":[{"href":"https:\/\/roveyayinevi.com.tr\/index.php\/wp-json\/wp\/v2\/media?parent=691042"}],"wp:term":[{"taxonomy":"product_brand","embeddable":true,"href":"https:\/\/roveyayinevi.com.tr\/index.php\/wp-json\/wp\/v2\/product_brand?post=691042"},{"taxonomy":"product_cat","embeddable":true,"href":"https:\/\/roveyayinevi.com.tr\/index.php\/wp-json\/wp\/v2\/product_cat?post=691042"},{"taxonomy":"product_tag","embeddable":true,"href":"https:\/\/roveyayinevi.com.tr\/index.php\/wp-json\/wp\/v2\/product_tag?post=691042"}],"curies":[{"name":"wp","href":"https:\/\/api.w.org\/{rel}","templated":true}]}}