{"id":691041,"date":"2025-08-27T13:56:00","date_gmt":"2025-08-27T10:56:00","guid":{"rendered":"https:\/\/roveyayinevi.com.tr\/index.php\/urun\/sozcuk-sozcuk-icinde\/"},"modified":"2026-04-16T02:00:26","modified_gmt":"2026-04-15T23:00:26","slug":"sozcuk-sozcuk-icinde","status":"publish","type":"product","link":"https:\/\/roveyayinevi.com.tr\/index.php\/urun\/sozcuk-sozcuk-icinde\/","title":{"rendered":"S\u00f6zc\u00fck S\u00f6zc\u00fck \u0130\u00e7inde"},"content":{"rendered":"<p>D\u00fc\u015f\u00fcnme,duyma,anlama ve anlatma g\u00fcv\u00fcm\u00fczle s\u00f6z da\u011farc\u0131\u011f\u0131m\u0131z aras\u0131nda s\u0131k\u0131 bir ili\u015fki vard\u0131r.S\u00f6z da\u011farc\u0131\u011f\u0131m\u0131z s\u0131n\u0131rl\u0131ysaanlamakta ve anlatmakta s\u0131k\u0131nt\u0131 \u00e7ekeriz.\u00c7\u00fcnk\u00fc s\u00f6zc\u00fckler anlaman\u0131n ve anlatman\u0131n temel yap\u0131 ta\u015flar\u0131d\u0131r. \ufffcTan\u0131t\u0131m Metni<\/p>\n","protected":false},"excerpt":{"rendered":"<p>D\u00fc\u015f\u00fcnme,duyma,anlama ve anlatma g\u00fcv\u00fcm\u00fczle s\u00f6z da\u011farc\u0131\u011f\u0131m\u0131z aras\u0131nda s\u0131k\u0131 bir ili\u015fki vard\u0131r.S\u00f6z da\u011farc\u0131\u011f\u0131m\u0131z s\u0131n\u0131rl\u0131ysaanlamakta ve anlatmakta s\u0131k\u0131nt\u0131 \u00e7ekeriz.\u00c7\u00fcnk\u00fc s\u00f6zc\u00fckler anlaman\u0131n ve anlatman\u0131n temel yap\u0131 ta\u015flar\u0131d\u0131r. \ufffcTan\u0131t\u0131m Metni<\/p>\n","protected":false},"featured_media":0,"template":"","meta":{"_monsterinsights_skip_tracking":false,"_monsterinsights_sitenote_active":false,"_monsterinsights_sitenote_note":"","_monsterinsights_sitenote_category":0},"product_brand":[],"product_cat":[12566,13611],"product_tag":[],"class_list":{"0":"post-691041","1":"product","2":"type-product","3":"status-publish","5":"product_cat-egitim","6":"product_cat-sozlukler-ve-konusma-kilavuzlari","7":"pa_cilt-ciltsiz","8":"pa_tur-kitap","9":"pa_yayinevi-kok-yayinevi","10":"pa_yazar-kolektif","12":"first","13":"instock","14":"sale","15":"shipping-taxable","16":"purchasable","17":"product-type-simple"},"_links":{"self":[{"href":"https:\/\/roveyayinevi.com.tr\/index.php\/wp-json\/wp\/v2\/product\/691041","targetHints":{"allow":["GET"]}}],"collection":[{"href":"https:\/\/roveyayinevi.com.tr\/index.php\/wp-json\/wp\/v2\/product"}],"about":[{"href":"https:\/\/roveyayinevi.com.tr\/index.php\/wp-json\/wp\/v2\/types\/product"}],"wp:attachment":[{"href":"https:\/\/roveyayinevi.com.tr\/index.php\/wp-json\/wp\/v2\/media?parent=691041"}],"wp:term":[{"taxonomy":"product_brand","embeddable":true,"href":"https:\/\/roveyayinevi.com.tr\/index.php\/wp-json\/wp\/v2\/product_brand?post=691041"},{"taxonomy":"product_cat","embeddable":true,"href":"https:\/\/roveyayinevi.com.tr\/index.php\/wp-json\/wp\/v2\/product_cat?post=691041"},{"taxonomy":"product_tag","embeddable":true,"href":"https:\/\/roveyayinevi.com.tr\/index.php\/wp-json\/wp\/v2\/product_tag?post=691041"}],"curies":[{"name":"wp","href":"https:\/\/api.w.org\/{rel}","templated":true}]}}