{"id":691040,"date":"2025-08-27T13:56:00","date_gmt":"2025-08-27T10:56:00","guid":{"rendered":"https:\/\/roveyayinevi.com.tr\/index.php\/urun\/sevgili-kuslar\/"},"modified":"2026-04-16T02:00:26","modified_gmt":"2026-04-15T23:00:26","slug":"sevgili-kuslar","status":"publish","type":"product","link":"https:\/\/roveyayinevi.com.tr\/index.php\/urun\/sevgili-kuslar\/","title":{"rendered":"Sevgili Ku\u015flar"},"content":{"rendered":"<p>\u00e7ocuklarda \u00e7evre duyarl\u0131l\u0131\u011f\u0131 geli\u015ftirebilecek \u00f6nemli yap\u0131t. Do\u011fac\u0131 zek\u00e2ya sahip \u00e7ocuklara olduk\u00e7a \u00e7ekici gelecektir. Sorun \u00e7\u00f6zme ve yarat\u0131c\u0131 d\u00fc\u015f\u00fcnme becerilerinin geli\u015fmesinde \u00f6nemli bir kaynak ve bunun yan\u0131 ilk\u00f6\u011fretim \u00e7a\u011f\u0131 \u00e7ocuklar\u0131n\u0131n severek oku- yacaklar\u0131 bir \u00e7al\u0131\u015fma oldu\u011fu inanc\u0131nday\u0131z. <\/p>\n","protected":false},"excerpt":{"rendered":"<p>\u00e7ocuklarda \u00e7evre duyarl\u0131l\u0131\u011f\u0131 geli\u015ftirebilecek \u00f6nemli yap\u0131t. Do\u011fac\u0131 zek\u00e2ya sahip \u00e7ocuklara olduk\u00e7a \u00e7ekici gelecektir. Sorun \u00e7\u00f6zme ve yarat\u0131c\u0131 d\u00fc\u015f\u00fcnme becerilerinin geli\u015fmesinde \u00f6nemli bir kaynak ve bunun yan\u0131<span class=\"excerpt-hellip\"> [\u2026]<\/span><\/p>\n","protected":false},"featured_media":0,"template":"","meta":{"_monsterinsights_skip_tracking":false,"_monsterinsights_sitenote_active":false,"_monsterinsights_sitenote_note":"","_monsterinsights_sitenote_category":0},"product_brand":[],"product_cat":[12275,12274],"product_tag":[],"class_list":{"0":"post-691040","1":"product","2":"type-product","3":"status-publish","5":"product_cat-6-12-yas-kitaplari","6":"product_cat-cocuk-ve-genclik-kitaplari","7":"pa_cilt-ciltsiz","8":"pa_tur-kitap","9":"pa_yayinevi-kok-yayinevi","10":"pa_yazar-aysel-korkut","12":"first","13":"instock","14":"sale","15":"shipping-taxable","16":"purchasable","17":"product-type-simple"},"_links":{"self":[{"href":"https:\/\/roveyayinevi.com.tr\/index.php\/wp-json\/wp\/v2\/product\/691040","targetHints":{"allow":["GET"]}}],"collection":[{"href":"https:\/\/roveyayinevi.com.tr\/index.php\/wp-json\/wp\/v2\/product"}],"about":[{"href":"https:\/\/roveyayinevi.com.tr\/index.php\/wp-json\/wp\/v2\/types\/product"}],"wp:attachment":[{"href":"https:\/\/roveyayinevi.com.tr\/index.php\/wp-json\/wp\/v2\/media?parent=691040"}],"wp:term":[{"taxonomy":"product_brand","embeddable":true,"href":"https:\/\/roveyayinevi.com.tr\/index.php\/wp-json\/wp\/v2\/product_brand?post=691040"},{"taxonomy":"product_cat","embeddable":true,"href":"https:\/\/roveyayinevi.com.tr\/index.php\/wp-json\/wp\/v2\/product_cat?post=691040"},{"taxonomy":"product_tag","embeddable":true,"href":"https:\/\/roveyayinevi.com.tr\/index.php\/wp-json\/wp\/v2\/product_tag?post=691040"}],"curies":[{"name":"wp","href":"https:\/\/api.w.org\/{rel}","templated":true}]}}