{"id":691032,"date":"2025-08-27T13:55:05","date_gmt":"2025-08-27T10:55:05","guid":{"rendered":"https:\/\/roveyayinevi.com.tr\/index.php\/urun\/piyano-icin-ilk-mozart-albumu-first-mozart-album-for-piano\/"},"modified":"2026-04-16T02:00:26","modified_gmt":"2026-04-15T23:00:26","slug":"piyano-icin-ilk-mozart-albumu-first-mozart-album-for-piano","status":"publish","type":"product","link":"https:\/\/roveyayinevi.com.tr\/index.php\/urun\/piyano-icin-ilk-mozart-albumu-first-mozart-album-for-piano\/","title":{"rendered":"Piyano i\u00e7in \u0130lk Mozart Alb\u00fcm\u00fc \/ First Mozart Album for Piano"},"content":{"rendered":"<p>M\u00fczik E\u011fitimi Yay\u0131nlar\u0131 i\u00e7in olu\u015fturulan ve i\u00e7inde 30 eser yer alan bu alb\u00fcm, yay\u0131nevinin Barok D\u00f6nem\/Bach ile ba\u015flayan ve t\u00fcm d\u00f6nemleri kapsayan ar\u015fiv olu\u015fturma projesinin ikinci kitab\u0131 olarak haz\u0131rlanm\u0131\u015ft\u0131r. Klasik D\u00f6nem\u2019in en \u00f6nemli bestecilerinden olan Wolfgang Amadeus Mozart\u2019\u0131n; hem mesleki m\u00fczik e\u011fitiminde ve hem de amat\u00f6r m\u00fczik e\u011fitiminde, \u00f6\u011frencilerin Mozart\u2019\u0131n eserlerini \u00e7ok severek \u00e7almalar\u0131 ve m\u00fczikal donan\u0131mlar\u0131n\u0131n geli\u015fmesinde ayr\u0131 bir yeri vard\u0131r. Bu Mozart alb\u00fcm\u00fcn\u00fc, say\u0131ca \u00e7ok fazla ve de\u011fi\u015fik edisyonlar ara\u015ft\u0131r\u0131larak ve \u00f6\u011frencilerle uygulanarak haz\u0131rlanm\u0131\u015ft\u0131r. Eserlerin se\u00e7iminde hem \u00f6\u011frencilerin teknik ve m\u00fczikal geli\u015fimlerine katk\u0131da bulunmaya hem de herkes taraf\u0131ndan be\u011fenilir ve kolayl\u0131kla \u00e7al\u0131nabilir olmas\u0131na dikkat edilmi\u015ftir. Ayr\u0131ca bu alb\u00fcmle, yay\u0131nevinin hedefleri do\u011frultusunda Mozart\u2019\u0131n eserlerine ula\u015fmada kaynak s\u0131k\u0131nt\u0131s\u0131 \u00e7ekenlere de bir \u00f6l\u00e7\u00fcde yard\u0131mc\u0131 olmak istenmi\u015ftir. Temel piyano e\u011fitimi alm\u0131\u015f her ya\u015f ve d\u00fczeydeki piyano \u00f6\u011frencilerinin severek \u00e7alaca\u011f\u0131n\u0131 ve \u00f6\u011fretmenlerimizin de be\u011fenece\u011fini umdu\u011fumuz &#8220;Piyano i\u00e7in \u0130lk Mozart Alb\u00fcm\u00fc&#8221; isimli kitab\u0131m\u0131z\u0131n yararl\u0131 olmas\u0131 dile\u011fiyle. &#8220;Ruhumuzu ar\u0131nd\u0131rmak i\u00e7in Mozart dinlemeye su gibi, ekmek, peynir gibi ihtiyac\u0131m\u0131z var. Hele \u00f6\u011frenip \u00e7alarsak hem ruhumuz, hem bedenimiz beslenir. Bu g\u00fczel notalarla sizin \u00e7alabilece\u011finiz kolayl\u0131kta ama i\u00e7i hazinelerle dolu c\u00fcmlelere ula\u015facaks\u0131n\u0131z. Ne mutlu sizlere \u00e7ocuklar! Yay\u0131nevine ve Serpil \u00d6zy\u00fcksel\u2019e te\u015fekk\u00fcrler -G\u00fclsin Onay- Piyanist-Devlet Sanat\u00e7\u0131s\u0131 \ufffcTan\u0131t\u0131m Metni<\/p>\n","protected":false},"excerpt":{"rendered":"<p>M\u00fczik E\u011fitimi Yay\u0131nlar\u0131 i\u00e7in olu\u015fturulan ve i\u00e7inde 30 eser yer alan bu alb\u00fcm, yay\u0131nevinin Barok D\u00f6nem\/Bach ile ba\u015flayan ve t\u00fcm d\u00f6nemleri kapsayan ar\u015fiv olu\u015fturma projesinin ikinci<span class=\"excerpt-hellip\"> [\u2026]<\/span><\/p>\n","protected":false},"featured_media":0,"template":"","meta":{"_monsterinsights_skip_tracking":false,"_monsterinsights_sitenote_active":false,"_monsterinsights_sitenote_note":"","_monsterinsights_sitenote_category":0},"product_brand":[],"product_cat":[14556,14557],"product_tag":[],"class_list":{"0":"post-691032","1":"product","2":"type-product","3":"status-publish","5":"product_cat-muzik","6":"product_cat-nota-kitaplari","7":"pa_cilt-ciltsiz","8":"pa_tur-kitap","9":"pa_yayinevi-muzik-egitimi-yayinlari","10":"pa_yazar-kolektif","12":"first","13":"instock","14":"sale","15":"shipping-taxable","16":"purchasable","17":"product-type-simple"},"_links":{"self":[{"href":"https:\/\/roveyayinevi.com.tr\/index.php\/wp-json\/wp\/v2\/product\/691032","targetHints":{"allow":["GET"]}}],"collection":[{"href":"https:\/\/roveyayinevi.com.tr\/index.php\/wp-json\/wp\/v2\/product"}],"about":[{"href":"https:\/\/roveyayinevi.com.tr\/index.php\/wp-json\/wp\/v2\/types\/product"}],"wp:attachment":[{"href":"https:\/\/roveyayinevi.com.tr\/index.php\/wp-json\/wp\/v2\/media?parent=691032"}],"wp:term":[{"taxonomy":"product_brand","embeddable":true,"href":"https:\/\/roveyayinevi.com.tr\/index.php\/wp-json\/wp\/v2\/product_brand?post=691032"},{"taxonomy":"product_cat","embeddable":true,"href":"https:\/\/roveyayinevi.com.tr\/index.php\/wp-json\/wp\/v2\/product_cat?post=691032"},{"taxonomy":"product_tag","embeddable":true,"href":"https:\/\/roveyayinevi.com.tr\/index.php\/wp-json\/wp\/v2\/product_tag?post=691032"}],"curies":[{"name":"wp","href":"https:\/\/api.w.org\/{rel}","templated":true}]}}