{"id":691024,"date":"2025-08-27T13:55:03","date_gmt":"2025-08-27T10:55:03","guid":{"rendered":"https:\/\/roveyayinevi.com.tr\/index.php\/urun\/gencler-icin-piyano-parcalari-2-piano-pieces-for-youngsters-2\/"},"modified":"2026-04-16T02:00:26","modified_gmt":"2026-04-15T23:00:26","slug":"gencler-icin-piyano-parcalari-2-piano-pieces-for-youngsters-2","status":"publish","type":"product","link":"https:\/\/roveyayinevi.com.tr\/index.php\/urun\/gencler-icin-piyano-parcalari-2-piano-pieces-for-youngsters-2\/","title":{"rendered":"Gen\u00e7ler \u0130\u00e7in Piyano Par\u00e7alar\u0131 &#8211; 2 \/ Piano Pieces for Youngsters -2"},"content":{"rendered":"<p>Bu kitap 2011 y\u0131l\u0131nda yay\u0131nlanan Gen\u00e7ler i\u00e7in Piyano Par\u00e7alar\u0131 isimli kitab\u0131n devam\u0131d\u0131r. Kitapta, gen\u00e7lerin piyano e\u011fitimine katk\u0131 sa\u011flayaca\u011f\u0131 d\u00fc\u015f\u00fcn\u00fclen 9 \u00f6zg\u00fcn eser yer almaktad\u0131r ve bunlardan \u00fc\u00e7\u00fc d\u00f6rt el i\u00e7in bestelenmi\u015ftir. Eserlerin ba\u015fl\u0131klar\u0131 T\u00fcrk\u00e7e\u2019dir ve yap\u0131lar\u0131 ise yine bu ba\u015fl\u0131klar\u0131 anlatmaktad\u0131r. Bestelerin tamam\u0131, hem motifleri hem de c\u00fcmle yap\u0131lar\u0131 ile do\u011fay\u0131 ve do\u011fadaki \u00f6\u011feleri yans\u0131tmakta ve duygular\u0131 bu yolla betimlemeye \u00e7al\u0131\u015fmaktad\u0131r. \ufffcTan\u0131t\u0131m Metni<\/p>\n","protected":false},"excerpt":{"rendered":"<p>Bu kitap 2011 y\u0131l\u0131nda yay\u0131nlanan Gen\u00e7ler i\u00e7in Piyano Par\u00e7alar\u0131 isimli kitab\u0131n devam\u0131d\u0131r. Kitapta, gen\u00e7lerin piyano e\u011fitimine katk\u0131 sa\u011flayaca\u011f\u0131 d\u00fc\u015f\u00fcn\u00fclen 9 \u00f6zg\u00fcn eser yer almaktad\u0131r ve bunlardan<span class=\"excerpt-hellip\"> [\u2026]<\/span><\/p>\n","protected":false},"featured_media":0,"template":"","meta":{"_monsterinsights_skip_tracking":false,"_monsterinsights_sitenote_active":false,"_monsterinsights_sitenote_note":"","_monsterinsights_sitenote_category":0},"product_brand":[],"product_cat":[14591,14556],"product_tag":[],"class_list":{"0":"post-691024","1":"product","2":"type-product","3":"status-publish","5":"product_cat-genel-kavramlar-kuram-ve-tarihce","6":"product_cat-muzik","7":"pa_cilt-ciltsiz","8":"pa_tur-kitap","9":"pa_yayinevi-muzik-egitimi-yayinlari","10":"pa_yazar-betul-esra-gulsoy","12":"first","13":"instock","14":"sale","15":"shipping-taxable","16":"purchasable","17":"product-type-simple"},"_links":{"self":[{"href":"https:\/\/roveyayinevi.com.tr\/index.php\/wp-json\/wp\/v2\/product\/691024","targetHints":{"allow":["GET"]}}],"collection":[{"href":"https:\/\/roveyayinevi.com.tr\/index.php\/wp-json\/wp\/v2\/product"}],"about":[{"href":"https:\/\/roveyayinevi.com.tr\/index.php\/wp-json\/wp\/v2\/types\/product"}],"wp:attachment":[{"href":"https:\/\/roveyayinevi.com.tr\/index.php\/wp-json\/wp\/v2\/media?parent=691024"}],"wp:term":[{"taxonomy":"product_brand","embeddable":true,"href":"https:\/\/roveyayinevi.com.tr\/index.php\/wp-json\/wp\/v2\/product_brand?post=691024"},{"taxonomy":"product_cat","embeddable":true,"href":"https:\/\/roveyayinevi.com.tr\/index.php\/wp-json\/wp\/v2\/product_cat?post=691024"},{"taxonomy":"product_tag","embeddable":true,"href":"https:\/\/roveyayinevi.com.tr\/index.php\/wp-json\/wp\/v2\/product_tag?post=691024"}],"curies":[{"name":"wp","href":"https:\/\/api.w.org\/{rel}","templated":true}]}}