{"id":691021,"date":"2025-08-27T13:55:03","date_gmt":"2025-08-27T10:55:03","guid":{"rendered":"https:\/\/roveyayinevi.com.tr\/index.php\/urun\/ermeni-milliyetci-akimlari\/"},"modified":"2026-04-16T02:00:26","modified_gmt":"2026-04-15T23:00:26","slug":"ermeni-milliyetci-akimlari","status":"publish","type":"product","link":"https:\/\/roveyayinevi.com.tr\/index.php\/urun\/ermeni-milliyetci-akimlari\/","title":{"rendered":"Ermeni Milliyet\u00e7i Ak\u0131mlar\u0131"},"content":{"rendered":"<p>Sovyet Ermenistan\u0131\u2019n\u0131n \u00f6nemli devlet ve bilim insanlar\u0131ndan A. B. Karinyan, bu incelemesinde, Ermeni milliyet\u00e7ili\u011finin k\u00f6kenini, s\u0131n\u0131fsal temelini ve tarihsel rol\u00fcn\u00fc tahlil ediyor. Karinyan da g\u00f6stermektedir ki Ermeni milliyet\u00e7ili\u011finin kendine has \u00f6zelliklerini kavramadan, 1914-1922 d\u00f6nemi olaylar\u0131n\u0131 a\u00e7\u0131klama olana\u011f\u0131 yoktur. Karinyan\u2019\u0131n bu incelemesi, Bol\u015feviklerin Ermeni sorununa bak\u0131\u015flar\u0131n\u0131 ve politikalar\u0131n\u0131 de\u011ferlendirmek a\u00e7\u0131s\u0131ndan da e\u015fi az bulunur bir belgedir. Elinizdeki kitapta \u015fu konular\u0131 bulacaks\u0131n\u0131z: <\/p>\n","protected":false},"excerpt":{"rendered":"<p>Sovyet Ermenistan\u0131\u2019n\u0131n \u00f6nemli devlet ve bilim insanlar\u0131ndan A. B. Karinyan, bu incelemesinde, Ermeni milliyet\u00e7ili\u011finin k\u00f6kenini, s\u0131n\u0131fsal temelini ve tarihsel rol\u00fcn\u00fc tahlil ediyor. Karinyan da g\u00f6stermektedir ki<span class=\"excerpt-hellip\"> [\u2026]<\/span><\/p>\n","protected":false},"featured_media":0,"template":"","meta":{"_monsterinsights_skip_tracking":false,"_monsterinsights_sitenote_active":false,"_monsterinsights_sitenote_note":"","_monsterinsights_sitenote_category":0},"product_brand":[],"product_cat":[13656,12337],"product_tag":[],"class_list":{"0":"post-691021","1":"product","2":"type-product","3":"status-publish","5":"product_cat-azinliklar-etnik-sorunlar","6":"product_cat-politika-siyaset","7":"pa_cilt-ciltsiz","8":"pa_tur-kitap","9":"pa_yayinevi-kaynak-yayinlari","10":"pa_yazar-a-b-karinjan","12":"first","13":"instock","14":"sale","15":"shipping-taxable","16":"purchasable","17":"product-type-simple"},"_links":{"self":[{"href":"https:\/\/roveyayinevi.com.tr\/index.php\/wp-json\/wp\/v2\/product\/691021","targetHints":{"allow":["GET"]}}],"collection":[{"href":"https:\/\/roveyayinevi.com.tr\/index.php\/wp-json\/wp\/v2\/product"}],"about":[{"href":"https:\/\/roveyayinevi.com.tr\/index.php\/wp-json\/wp\/v2\/types\/product"}],"wp:attachment":[{"href":"https:\/\/roveyayinevi.com.tr\/index.php\/wp-json\/wp\/v2\/media?parent=691021"}],"wp:term":[{"taxonomy":"product_brand","embeddable":true,"href":"https:\/\/roveyayinevi.com.tr\/index.php\/wp-json\/wp\/v2\/product_brand?post=691021"},{"taxonomy":"product_cat","embeddable":true,"href":"https:\/\/roveyayinevi.com.tr\/index.php\/wp-json\/wp\/v2\/product_cat?post=691021"},{"taxonomy":"product_tag","embeddable":true,"href":"https:\/\/roveyayinevi.com.tr\/index.php\/wp-json\/wp\/v2\/product_tag?post=691021"}],"curies":[{"name":"wp","href":"https:\/\/api.w.org\/{rel}","templated":true}]}}