{"id":691020,"date":"2025-08-27T13:55:02","date_gmt":"2025-08-27T10:55:02","guid":{"rendered":"https:\/\/roveyayinevi.com.tr\/index.php\/urun\/sayi-avcisi-1\/"},"modified":"2026-04-16T02:00:26","modified_gmt":"2026-04-15T23:00:26","slug":"sayi-avcisi-1","status":"publish","type":"product","link":"https:\/\/roveyayinevi.com.tr\/index.php\/urun\/sayi-avcisi-1\/","title":{"rendered":"Say\u0131 Avc\u0131s\u0131 1"},"content":{"rendered":"<p>Say\u0131 Avc\u0131s\u0131, yeni e\u011fitim program\u0131 do\u011frultusunda &#8220;\u0130lk\u00f6\u011fretim 2. s\u0131n\u0131f matematik dersi kazan\u0131mlar\u0131&#8221; g\u00f6z \u00f6n\u00fcne al\u0131narak haz\u0131rland\u0131. Ancak kitab\u0131m\u0131z, \u00e7ocuklar\u0131m\u0131z\u0131n bug\u00fcne de\u011fin g\u00f6rmeye al\u0131\u015f\u0131k olduklar\u0131 matematik kitaplar\u0131ndan olduk\u00e7a farkl\u0131.  \u0130lk sayfadan itibaren \u00e7ocuklar\u0131m\u0131z kendilerini Masallar \u00dclkesi\u2019nin i\u00e7inde bulacaklar. Bazen korsanlar\u0131n saklad\u0131klar\u0131 say\u0131lar\u0131 arayacak, bazen b\u00fcy\u00fcc\u00fcn\u00fcn elinden prensesi kurtaracak \u015fifreyi \u00e7\u00f6zecekler. Ayk\u0131r\u0131 uyaranlar\u0131n yo\u011fun olarak kullan\u0131ld\u0131\u011f\u0131 kitab\u0131n sayfalar\u0131 aras\u0131nda gezerken bolca masal okuyacak, i\u015flemleri yaparken kendi kendileriyle yar\u0131\u015facaklar. Kendi kendilerini de\u011ferlendirme f\u0131rsat\u0131 bulacak eksik olduklar\u0131 konular\u0131 g\u00f6r\u00fcp kendilerini geli\u015ftirecekler. <\/p>\n","protected":false},"excerpt":{"rendered":"<p>Say\u0131 Avc\u0131s\u0131, yeni e\u011fitim program\u0131 do\u011frultusunda &#8220;\u0130lk\u00f6\u011fretim 2. s\u0131n\u0131f matematik dersi kazan\u0131mlar\u0131&#8221; g\u00f6z \u00f6n\u00fcne al\u0131narak haz\u0131rland\u0131. Ancak kitab\u0131m\u0131z, \u00e7ocuklar\u0131m\u0131z\u0131n bug\u00fcne de\u011fin g\u00f6rmeye al\u0131\u015f\u0131k olduklar\u0131 matematik kitaplar\u0131ndan<span class=\"excerpt-hellip\"> [\u2026]<\/span><\/p>\n","protected":false},"featured_media":0,"template":"","meta":{"_monsterinsights_skip_tracking":false,"_monsterinsights_sitenote_active":false,"_monsterinsights_sitenote_note":"","_monsterinsights_sitenote_category":0},"product_brand":[],"product_cat":[12275,12274],"product_tag":[],"class_list":{"0":"post-691020","1":"product","2":"type-product","3":"status-publish","5":"product_cat-6-12-yas-kitaplari","6":"product_cat-cocuk-ve-genclik-kitaplari","7":"pa_cilt-ciltsiz","8":"pa_tur-kitap","9":"pa_yayinevi-kok-yayinevi","10":"pa_yazar-sibel-bayamlioglu","12":"first","13":"instock","14":"sale","15":"shipping-taxable","16":"purchasable","17":"product-type-simple"},"_links":{"self":[{"href":"https:\/\/roveyayinevi.com.tr\/index.php\/wp-json\/wp\/v2\/product\/691020","targetHints":{"allow":["GET"]}}],"collection":[{"href":"https:\/\/roveyayinevi.com.tr\/index.php\/wp-json\/wp\/v2\/product"}],"about":[{"href":"https:\/\/roveyayinevi.com.tr\/index.php\/wp-json\/wp\/v2\/types\/product"}],"wp:attachment":[{"href":"https:\/\/roveyayinevi.com.tr\/index.php\/wp-json\/wp\/v2\/media?parent=691020"}],"wp:term":[{"taxonomy":"product_brand","embeddable":true,"href":"https:\/\/roveyayinevi.com.tr\/index.php\/wp-json\/wp\/v2\/product_brand?post=691020"},{"taxonomy":"product_cat","embeddable":true,"href":"https:\/\/roveyayinevi.com.tr\/index.php\/wp-json\/wp\/v2\/product_cat?post=691020"},{"taxonomy":"product_tag","embeddable":true,"href":"https:\/\/roveyayinevi.com.tr\/index.php\/wp-json\/wp\/v2\/product_tag?post=691020"}],"curies":[{"name":"wp","href":"https:\/\/api.w.org\/{rel}","templated":true}]}}