{"id":691018,"date":"2025-08-27T13:55:02","date_gmt":"2025-08-27T10:55:02","guid":{"rendered":"https:\/\/roveyayinevi.com.tr\/index.php\/urun\/bolluk-paradoksu\/"},"modified":"2026-04-16T02:00:26","modified_gmt":"2026-04-15T23:00:26","slug":"bolluk-paradoksu","status":"publish","type":"product","link":"https:\/\/roveyayinevi.com.tr\/index.php\/urun\/bolluk-paradoksu\/","title":{"rendered":"Bolluk Paradoksu"},"content":{"rendered":"<p>\u0130ster bir kot pantolon sat\u0131n al\u0131yor, ister i\u015f alternatifleri aras\u0131ndan se\u00e7im yap\u0131yor olal\u0131m, g\u00fcnl\u00fck kararlar\u0131m\u0131z, kar\u015f\u0131 kar\u015f\u0131ya kald\u0131\u011f\u0131m\u0131z se\u00e7enek fazlal\u0131\u011f\u0131 nedeniyle giderek daha karma\u015f\u0131k hale geliyor. Daha fazla se\u00e7ene\u011fin daha iyi alternatifler ve daha fazla tatmin demek oldu\u011funu zannediyoruz, ama se\u00e7enek bollu\u011funun tehlikelerine dikkat: Kararlar\u0131n\u0131z\u0131, hen\u00fcz onlar\u0131 almadan sorgulaman\u0131za yol a\u00e7abilir, sizi ger\u00e7ek d\u0131\u015f\u0131, y\u00fcksek beklentiler i\u00e7ine sokabilir ve sonunda kendinizi su\u00e7laman\u0131za neden olabilir. BarrySchwartz, elinizdeki kitapta \u015fu \u00e7\u0131kar\u0131ma var\u0131yor: Se\u00e7enekleri elemek, stresi, kayg\u0131y\u0131 ve yo\u011funlu\u011fumuzu b\u00fcy\u00fck oranda azaltabilir. Bolluk Paradoksu, se\u00e7enekleri makul bir say\u0131 ile s\u0131n\u0131rland\u0131rman\u0131z, \u00f6nemli se\u00e7eneklere odaklan\u0131p di\u011ferlerini g\u00f6rmezden gelme disiplinini edinmeniz ve sonunda yapt\u0131\u011f\u0131n\u0131z se\u00e7imlerden daha b\u00fcy\u00fck tatmin duyman\u0131z i\u00e7in pratik \u00e7\u00f6z\u00fcmler \u00f6neriyor. Bu kitap iki a\u00e7\u0131dan paha bi\u00e7ilmez. Birincisi, \u00e7o\u011fumuzun daha az se\u00e7enekle daha varl\u0131kl\u0131 hissedece\u011fini ortaya koyuyor. \u0130kincisi pek \u00e7o\u011fumuzun en iyi se\u00e7imi yapmak i\u00e7in haddinden fazla u\u011fra\u015ft\u0131\u011f\u0131m\u0131z\u0131 anlat\u0131yor. Ayn\u0131 zamanda se\u00e7im ve mutluluk aras\u0131ndaki psikolojik ara\u015ft\u0131rmalara da bir giri\u015f kitab\u0131 \ufffcTan\u0131t\u0131m Metni<\/p>\n","protected":false},"excerpt":{"rendered":"<p>\u0130ster bir kot pantolon sat\u0131n al\u0131yor, ister i\u015f alternatifleri aras\u0131ndan se\u00e7im yap\u0131yor olal\u0131m, g\u00fcnl\u00fck kararlar\u0131m\u0131z, kar\u015f\u0131 kar\u015f\u0131ya kald\u0131\u011f\u0131m\u0131z se\u00e7enek fazlal\u0131\u011f\u0131 nedeniyle giderek daha karma\u015f\u0131k hale geliyor.<span class=\"excerpt-hellip\"> [\u2026]<\/span><\/p>\n","protected":false},"featured_media":0,"template":"","meta":{"_monsterinsights_skip_tracking":false,"_monsterinsights_sitenote_active":false,"_monsterinsights_sitenote_note":"","_monsterinsights_sitenote_category":0},"product_brand":[],"product_cat":[13043,14754],"product_tag":[],"class_list":{"0":"post-691018","1":"product","2":"type-product","3":"status-publish","5":"product_cat-ekonomi","6":"product_cat-halkla-iliskiler-insan-kaynaklari","7":"pa_cilt-ciltsiz","8":"pa_tur-kitap","9":"pa_yayinevi-mediacat-kitaplari","10":"pa_yazar-barry-schwartz","12":"first","13":"instock","14":"sale","15":"shipping-taxable","16":"purchasable","17":"product-type-simple"},"_links":{"self":[{"href":"https:\/\/roveyayinevi.com.tr\/index.php\/wp-json\/wp\/v2\/product\/691018","targetHints":{"allow":["GET"]}}],"collection":[{"href":"https:\/\/roveyayinevi.com.tr\/index.php\/wp-json\/wp\/v2\/product"}],"about":[{"href":"https:\/\/roveyayinevi.com.tr\/index.php\/wp-json\/wp\/v2\/types\/product"}],"wp:attachment":[{"href":"https:\/\/roveyayinevi.com.tr\/index.php\/wp-json\/wp\/v2\/media?parent=691018"}],"wp:term":[{"taxonomy":"product_brand","embeddable":true,"href":"https:\/\/roveyayinevi.com.tr\/index.php\/wp-json\/wp\/v2\/product_brand?post=691018"},{"taxonomy":"product_cat","embeddable":true,"href":"https:\/\/roveyayinevi.com.tr\/index.php\/wp-json\/wp\/v2\/product_cat?post=691018"},{"taxonomy":"product_tag","embeddable":true,"href":"https:\/\/roveyayinevi.com.tr\/index.php\/wp-json\/wp\/v2\/product_tag?post=691018"}],"curies":[{"name":"wp","href":"https:\/\/api.w.org\/{rel}","templated":true}]}}