{"id":691016,"date":"2025-08-27T13:55:02","date_gmt":"2025-08-27T10:55:02","guid":{"rendered":"https:\/\/roveyayinevi.com.tr\/index.php\/urun\/asla-yalniz-yeme\/"},"modified":"2026-04-16T02:00:26","modified_gmt":"2026-04-15T23:00:26","slug":"asla-yalniz-yeme","status":"publish","type":"product","link":"https:\/\/roveyayinevi.com.tr\/index.php\/urun\/asla-yalniz-yeme\/","title":{"rendered":"Asla Yaln\u0131z Yeme"},"content":{"rendered":"<p>Ba\u015fkalar\u0131yla yak\u0131n ili\u015fkiler i\u00e7inde s\u00fcrd\u00fcr\u00fclen bir hayat insan\u0131 farkl\u0131 bir bak\u0131\u015f a\u00e7\u0131s\u0131na g\u00f6t\u00fcr\u00fcr.\u0130nsanlar\u0131n birbirlerine s\u0131k\u0131 ba\u011flarla ba\u011fl\u0131 olduklar\u0131 hayatlarda bak\u0131\u015f a\u00e7\u0131lar\u0131n\u0131n zenginli\u011fi ya\u015fan\u0131r. Bir bak\u0131\u015f a\u00e7\u0131s\u0131, di\u011ferine g\u00f6t\u00fcr\u00fcr.Hayat\u0131n\u0131zda \u015fu anda bulundu\u011funuz konum ve bildi\u011finiz her \u015fey, \u00f6mr\u00fcn\u00fcz boyunca ister \u015fahsen, ister kitaplar, m\u00fczik, e-posta ya da k\u00fclt\u00fcr yoluyla etkile\u015fim i\u00e7inde oldu\u011funuz fikir, deneyim ve insanlar\u0131n bir sonucudur. Bollu\u011fun daha fazla bollu\u011fa g\u00f6t\u00fcrd\u00fc\u011f\u00fc durumlarda \u00e7etele tutmak gerekmez. O halde hemen bug\u00fcnden ba\u015flayarak, hedeflerinize ula\u015fman\u0131zda size yard\u0131mc\u0131 olacak isimlerle tan\u0131\u015fmak ve gereken bilgi, deneyim ve ki\u015fileri bir araya getirmek \u00fczere kollar\u0131 s\u0131vay\u0131n.Keith Ferrazzi size ili\u015fkinin g\u00fcc\u00fcn\u00fc ve \u00e7ok say\u0131daki ki\u015fiyle tan\u0131\u015f\u0131p bu ki\u015filerle hem arkada\u015f hem de i\u015f arkada\u015f\u0131 olman\u0131n a\u015famalar\u0131n\u0131 ad\u0131m ad\u0131m anlat\u0131yor.<\/p>\n","protected":false},"excerpt":{"rendered":"<p>Ba\u015fkalar\u0131yla yak\u0131n ili\u015fkiler i\u00e7inde s\u00fcrd\u00fcr\u00fclen bir hayat insan\u0131 farkl\u0131 bir bak\u0131\u015f a\u00e7\u0131s\u0131na g\u00f6t\u00fcr\u00fcr.\u0130nsanlar\u0131n birbirlerine s\u0131k\u0131 ba\u011flarla ba\u011fl\u0131 olduklar\u0131 hayatlarda bak\u0131\u015f a\u00e7\u0131lar\u0131n\u0131n zenginli\u011fi ya\u015fan\u0131r. Bir bak\u0131\u015f a\u00e7\u0131s\u0131,<span class=\"excerpt-hellip\"> [\u2026]<\/span><\/p>\n","protected":false},"featured_media":0,"template":"","meta":{"_monsterinsights_skip_tracking":false,"_monsterinsights_sitenote_active":false,"_monsterinsights_sitenote_note":"","_monsterinsights_sitenote_category":0},"product_brand":[],"product_cat":[12364,12376],"product_tag":[],"class_list":{"0":"post-691016","1":"product","2":"type-product","3":"status-publish","5":"product_cat-genel-konular","6":"product_cat-kisisel-gelisim","7":"pa_cilt-ciltsiz","8":"pa_tur-kitap","9":"pa_yayinevi-mediacat-kitaplari","10":"pa_yazar-keith-ferrazzi","12":"first","13":"instock","14":"sale","15":"shipping-taxable","16":"purchasable","17":"product-type-simple"},"_links":{"self":[{"href":"https:\/\/roveyayinevi.com.tr\/index.php\/wp-json\/wp\/v2\/product\/691016","targetHints":{"allow":["GET"]}}],"collection":[{"href":"https:\/\/roveyayinevi.com.tr\/index.php\/wp-json\/wp\/v2\/product"}],"about":[{"href":"https:\/\/roveyayinevi.com.tr\/index.php\/wp-json\/wp\/v2\/types\/product"}],"wp:attachment":[{"href":"https:\/\/roveyayinevi.com.tr\/index.php\/wp-json\/wp\/v2\/media?parent=691016"}],"wp:term":[{"taxonomy":"product_brand","embeddable":true,"href":"https:\/\/roveyayinevi.com.tr\/index.php\/wp-json\/wp\/v2\/product_brand?post=691016"},{"taxonomy":"product_cat","embeddable":true,"href":"https:\/\/roveyayinevi.com.tr\/index.php\/wp-json\/wp\/v2\/product_cat?post=691016"},{"taxonomy":"product_tag","embeddable":true,"href":"https:\/\/roveyayinevi.com.tr\/index.php\/wp-json\/wp\/v2\/product_tag?post=691016"}],"curies":[{"name":"wp","href":"https:\/\/api.w.org\/{rel}","templated":true}]}}