{"id":691015,"date":"2025-08-27T13:55:01","date_gmt":"2025-08-27T10:55:01","guid":{"rendered":"https:\/\/roveyayinevi.com.tr\/index.php\/urun\/5-6-2-tamam-degil-reis\/"},"modified":"2026-04-16T02:00:26","modified_gmt":"2026-04-15T23:00:26","slug":"5-6-2-tamam-degil-reis","status":"publish","type":"product","link":"https:\/\/roveyayinevi.com.tr\/index.php\/urun\/5-6-2-tamam-degil-reis\/","title":{"rendered":"5-6-2 Tamam De\u011fil Reis"},"content":{"rendered":"<p>8 Ekim 1978, 12 Eyl\u00fcl\u2019\u00fcn en kanl\u0131 cinayetlerinden birinin tarihi olarak ge\u00e7ti kay\u0131tlara\u20267 T\u00fcrkiye \u0130\u015f\u00e7i Partili \u00fcniversite \u00f6\u011frencisi Ankara\u2019da Bah\u00e7elievler\u2019de \u00f6ld\u00fcr\u00fcld\u00fc..Olaya kar\u0131\u015fanlar kanl\u0131 bir imza att\u0131lar tarihe\u2026Dava hukuken bitti, ama siyasi olarak hi\u00e7 bitmedi, h\u00e2l\u00e2 da g\u00fcncel\u2026O sald\u0131r\u0131 neden yap\u0131lm\u0131\u015ft\u0131? Amac\u0131 neydi?Bah\u00e7elievler\u2019deki 56\/2 nolu dairede tetik \u00e7eken sadece Haluk K\u0131rc\u0131 m\u0131yd\u0131?Stayer tabancal\u0131 gen\u00e7 nas\u0131l ortadan kayboldu?Y\u0131llar boyunca kanl\u0131 gecenin failleri aras\u0131nda olan genci kim koruyup kollad\u0131, ad\u0131 ni\u00e7in ortaya \u00e7\u0131kmad\u0131?Abdullah \u00c7atl\u0131 ve Haluk K\u0131rc\u0131 neden sustu?\u0130\u015fte bu kitap sayesinde t\u00fcm bu sorular\u0131n cevab\u0131n\u0131 bulacak ve Bah\u00e7elievler olay\u0131 ile ilgili bu g\u00fcne kadar bil-diklerinizi ters y\u00fcz edeceksiniz\u2026<\/p>\n","protected":false},"excerpt":{"rendered":"<p>8 Ekim 1978, 12 Eyl\u00fcl\u2019\u00fcn en kanl\u0131 cinayetlerinden birinin tarihi olarak ge\u00e7ti kay\u0131tlara\u20267 T\u00fcrkiye \u0130\u015f\u00e7i Partili \u00fcniversite \u00f6\u011frencisi Ankara\u2019da Bah\u00e7elievler\u2019de \u00f6ld\u00fcr\u00fcld\u00fc..Olaya kar\u0131\u015fanlar kanl\u0131 bir imza att\u0131lar<span class=\"excerpt-hellip\"> [\u2026]<\/span><\/p>\n","protected":false},"featured_media":0,"template":"","meta":{"_monsterinsights_skip_tracking":false,"_monsterinsights_sitenote_active":false,"_monsterinsights_sitenote_note":"","_monsterinsights_sitenote_category":0},"product_brand":[],"product_cat":[12337,14543],"product_tag":[],"class_list":{"0":"post-691015","1":"product","2":"type-product","3":"status-publish","5":"product_cat-politika-siyaset","6":"product_cat-turkiye-siyaseti-ve-politikasi","7":"pa_cilt-ciltsiz","8":"pa_tur-kitap","9":"pa_yayinevi-kripto-basim-yayin","10":"pa_yazar-necdet-pekmezci","12":"first","13":"instock","14":"sale","15":"shipping-taxable","16":"purchasable","17":"product-type-simple"},"_links":{"self":[{"href":"https:\/\/roveyayinevi.com.tr\/index.php\/wp-json\/wp\/v2\/product\/691015","targetHints":{"allow":["GET"]}}],"collection":[{"href":"https:\/\/roveyayinevi.com.tr\/index.php\/wp-json\/wp\/v2\/product"}],"about":[{"href":"https:\/\/roveyayinevi.com.tr\/index.php\/wp-json\/wp\/v2\/types\/product"}],"wp:attachment":[{"href":"https:\/\/roveyayinevi.com.tr\/index.php\/wp-json\/wp\/v2\/media?parent=691015"}],"wp:term":[{"taxonomy":"product_brand","embeddable":true,"href":"https:\/\/roveyayinevi.com.tr\/index.php\/wp-json\/wp\/v2\/product_brand?post=691015"},{"taxonomy":"product_cat","embeddable":true,"href":"https:\/\/roveyayinevi.com.tr\/index.php\/wp-json\/wp\/v2\/product_cat?post=691015"},{"taxonomy":"product_tag","embeddable":true,"href":"https:\/\/roveyayinevi.com.tr\/index.php\/wp-json\/wp\/v2\/product_tag?post=691015"}],"curies":[{"name":"wp","href":"https:\/\/api.w.org\/{rel}","templated":true}]}}