{"id":691010,"date":"2025-08-27T13:55:00","date_gmt":"2025-08-27T10:55:00","guid":{"rendered":"https:\/\/roveyayinevi.com.tr\/index.php\/urun\/yaz-mevsimler-2\/"},"modified":"2026-04-16T02:00:26","modified_gmt":"2026-04-15T23:00:26","slug":"yaz-mevsimler-2","status":"publish","type":"product","link":"https:\/\/roveyayinevi.com.tr\/index.php\/urun\/yaz-mevsimler-2\/","title":{"rendered":"Yaz Mevsimler 2"},"content":{"rendered":"<p>Erken \u00e7ocukluk d\u00f6nemi \u00e7ocuklar\u0131 i\u00e7in haz\u0131rlanm\u0131\u015f &#8220;Mevsimler Dizisi&#8221; nin ikinci kitab\u0131 olan &#8220;Yaz&#8221; da \u00e7ocuklar\u0131n alg\u0131lama becerilerine uygun yal\u0131n bir dil kullan\u0131larak; Yaz&#8217;a \u00f6zg\u00fc unsurlar ve e\u011fitsel veriler, \u00e7ocu\u011fa e\u011flendirici bir y\u00f6ntemle b\u00fct\u00fcnle\u015ftirilerek sunulmu\u015ftur. <\/p>\n","protected":false},"excerpt":{"rendered":"<p>Erken \u00e7ocukluk d\u00f6nemi \u00e7ocuklar\u0131 i\u00e7in haz\u0131rlanm\u0131\u015f &#8220;Mevsimler Dizisi&#8221; nin ikinci kitab\u0131 olan &#8220;Yaz&#8221; da \u00e7ocuklar\u0131n alg\u0131lama becerilerine uygun yal\u0131n bir dil kullan\u0131larak; Yaz&#8217;a \u00f6zg\u00fc unsurlar ve<span class=\"excerpt-hellip\"> [\u2026]<\/span><\/p>\n","protected":false},"featured_media":0,"template":"","meta":{"_monsterinsights_skip_tracking":false,"_monsterinsights_sitenote_active":false,"_monsterinsights_sitenote_note":"","_monsterinsights_sitenote_category":0},"product_brand":[],"product_cat":[12913,12274],"product_tag":[],"class_list":{"0":"post-691010","1":"product","2":"type-product","3":"status-publish","5":"product_cat-3-6-yas-kitaplari","6":"product_cat-cocuk-ve-genclik-kitaplari","7":"pa_cilt-ciltsiz","8":"pa_tur-kitap","9":"pa_yayinevi-kok-yayinevi","10":"pa_yazar-ulku-ovat","12":"first","13":"instock","14":"sale","15":"shipping-taxable","16":"purchasable","17":"product-type-simple"},"_links":{"self":[{"href":"https:\/\/roveyayinevi.com.tr\/index.php\/wp-json\/wp\/v2\/product\/691010","targetHints":{"allow":["GET"]}}],"collection":[{"href":"https:\/\/roveyayinevi.com.tr\/index.php\/wp-json\/wp\/v2\/product"}],"about":[{"href":"https:\/\/roveyayinevi.com.tr\/index.php\/wp-json\/wp\/v2\/types\/product"}],"wp:attachment":[{"href":"https:\/\/roveyayinevi.com.tr\/index.php\/wp-json\/wp\/v2\/media?parent=691010"}],"wp:term":[{"taxonomy":"product_brand","embeddable":true,"href":"https:\/\/roveyayinevi.com.tr\/index.php\/wp-json\/wp\/v2\/product_brand?post=691010"},{"taxonomy":"product_cat","embeddable":true,"href":"https:\/\/roveyayinevi.com.tr\/index.php\/wp-json\/wp\/v2\/product_cat?post=691010"},{"taxonomy":"product_tag","embeddable":true,"href":"https:\/\/roveyayinevi.com.tr\/index.php\/wp-json\/wp\/v2\/product_tag?post=691010"}],"curies":[{"name":"wp","href":"https:\/\/api.w.org\/{rel}","templated":true}]}}