{"id":691008,"date":"2025-08-27T13:55:00","date_gmt":"2025-08-27T10:55:00","guid":{"rendered":"https:\/\/roveyayinevi.com.tr\/index.php\/urun\/turkce-1-yazili-anlatim\/"},"modified":"2025-11-22T02:13:48","modified_gmt":"2025-11-21T23:13:48","slug":"turkce-1-yazili-anlatim","status":"publish","type":"product","link":"https:\/\/roveyayinevi.com.tr\/index.php\/urun\/turkce-1-yazili-anlatim\/","title":{"rendered":"T\u00fcrk\u00e7e 1 Yaz\u0131l\u0131 Anlat\u0131m"},"content":{"rendered":"<p>Elinizdeki \u00e7al\u0131\u015fma y\u0131llard\u0131r edinilen birikim ve deneyimlerin \u0131\u015f\u0131\u011f\u0131nda raporla\u015ft\u0131r\u0131lm\u0131\u015ft\u0131r. Sizlerden dile\u011fim; bu \u00e7al\u0131\u015fmay\u0131 yaln\u0131zca kuramsal yan\u0131yla \u00f6\u011frencilerinize okutman\u0131z de\u011fil, ayn\u0131 zamanda uygulama ve \u00f6neri k\u0131s\u0131mlar\u0131yla birlikte okutman\u0131z, uygulatman\u0131zd\u0131r. Unutmayal\u0131m, beceriler tekrarland\u0131k\u00e7a peki\u015fir ve kal\u0131c\u0131 olur. Bu nedenle, uygulamalar\u0131 yapt\u0131r\u0131r ve \u00f6\u011frencilerinize yaz\u0131l\u0131 anlat\u0131mla ilgili titiz olmay\u0131 duyu\u015fsal boyutta kavrat\u0131rsan\u0131z, bir\u00e7ok sorun kendili\u011finden \u00e7\u00f6z\u00fcmlenecektir. \u00f6\u011frencilerinize; \u201cBen ana dilimi\/T\u00fcrk\u00e7emi g\u00fczel kullanaca\u011f\u0131m, \u00e7\u00fcnk\u00fc o benim \u2018Ses Bayra\u011f\u0131m\u2019 Bu bayra\u011f\u0131 gerekti\u011fi gibi kullanmamak ayd\u0131n bir T\u00fcrk insan\u0131na yak\u0131\u015fmaz.\u201d d\u00fczeyinde bir bilin\u00e7 a\u015f\u0131lan\u0131rsan\u0131z, onlar, hem yaz\u0131l\u0131 hem de s\u00f6zl\u00fc anlat\u0131m s\u0131ras\u0131nda gereken titizli\u011fi g\u00f6stereceler ve ana dillerini istenilen boyutta g\u00fczel kullanacaklard\u0131r. <\/p>\n","protected":false},"excerpt":{"rendered":"<p>Elinizdeki \u00e7al\u0131\u015fma y\u0131llard\u0131r edinilen birikim ve deneyimlerin \u0131\u015f\u0131\u011f\u0131nda raporla\u015ft\u0131r\u0131lm\u0131\u015ft\u0131r. Sizlerden dile\u011fim; bu \u00e7al\u0131\u015fmay\u0131 yaln\u0131zca kuramsal yan\u0131yla \u00f6\u011frencilerinize okutman\u0131z de\u011fil, ayn\u0131 zamanda uygulama ve \u00f6neri k\u0131s\u0131mlar\u0131yla birlikte<span class=\"excerpt-hellip\"> [\u2026]<\/span><\/p>\n","protected":false},"featured_media":0,"template":"","meta":{"_monsterinsights_skip_tracking":false,"_monsterinsights_sitenote_active":false,"_monsterinsights_sitenote_note":"","_monsterinsights_sitenote_category":0},"product_brand":[],"product_cat":[12573,12566],"product_tag":[],"class_list":{"0":"post-691008","1":"product","2":"type-product","3":"status-publish","5":"product_cat-akademik-kitaplar","6":"product_cat-egitim","7":"pa_cilt-ciltsiz","8":"pa_tur-kitap","9":"pa_yayinevi-kok-yayinevi","10":"pa_yazar-ibrahim-kibris","12":"first","13":"instock","14":"sale","15":"shipping-taxable","16":"purchasable","17":"product-type-simple"},"_links":{"self":[{"href":"https:\/\/roveyayinevi.com.tr\/index.php\/wp-json\/wp\/v2\/product\/691008","targetHints":{"allow":["GET"]}}],"collection":[{"href":"https:\/\/roveyayinevi.com.tr\/index.php\/wp-json\/wp\/v2\/product"}],"about":[{"href":"https:\/\/roveyayinevi.com.tr\/index.php\/wp-json\/wp\/v2\/types\/product"}],"wp:attachment":[{"href":"https:\/\/roveyayinevi.com.tr\/index.php\/wp-json\/wp\/v2\/media?parent=691008"}],"wp:term":[{"taxonomy":"product_brand","embeddable":true,"href":"https:\/\/roveyayinevi.com.tr\/index.php\/wp-json\/wp\/v2\/product_brand?post=691008"},{"taxonomy":"product_cat","embeddable":true,"href":"https:\/\/roveyayinevi.com.tr\/index.php\/wp-json\/wp\/v2\/product_cat?post=691008"},{"taxonomy":"product_tag","embeddable":true,"href":"https:\/\/roveyayinevi.com.tr\/index.php\/wp-json\/wp\/v2\/product_tag?post=691008"}],"curies":[{"name":"wp","href":"https:\/\/api.w.org\/{rel}","templated":true}]}}