{"id":691007,"date":"2025-08-27T13:55:00","date_gmt":"2025-08-27T10:55:00","guid":{"rendered":"https:\/\/roveyayinevi.com.tr\/index.php\/urun\/tilki-tilki-saat-kac\/"},"modified":"2026-04-16T02:00:25","modified_gmt":"2026-04-15T23:00:25","slug":"tilki-tilki-saat-kac","status":"publish","type":"product","link":"https:\/\/roveyayinevi.com.tr\/index.php\/urun\/tilki-tilki-saat-kac\/","title":{"rendered":"Tilki Tilki Saat Ka\u00e7?"},"content":{"rendered":"<p>&#8220;Tilki zil takm\u0131\u015f kuyru\u011funaDolan\u0131p dururmu\u015f ormanda.Bir \u00e7am fidan\u0131na asm\u0131\u015f zilini,Uzun bir yolculu\u011fa karar vermi\u015f.&#8221; .\u015eair Refik Durba\u015f&#8217;\u0131n Tilki masallar\u0131ndan olu\u015fan bu kitab\u0131n\u0131, T\u00fcrk \u00e7ocuk edebiyat\u0131na ve d\u00fcnya \u00e7ocuklar\u0131na \u015fiir tad\u0131nda bir arma\u011fan olarak sunuyoruz. <\/p>\n","protected":false},"excerpt":{"rendered":"<p>&#8220;Tilki zil takm\u0131\u015f kuyru\u011funaDolan\u0131p dururmu\u015f ormanda.Bir \u00e7am fidan\u0131na asm\u0131\u015f zilini,Uzun bir yolculu\u011fa karar vermi\u015f.&#8221; .\u015eair Refik Durba\u015f&#8217;\u0131n Tilki masallar\u0131ndan olu\u015fan bu kitab\u0131n\u0131, T\u00fcrk \u00e7ocuk edebiyat\u0131na ve<span class=\"excerpt-hellip\"> [\u2026]<\/span><\/p>\n","protected":false},"featured_media":0,"template":"","meta":{"_monsterinsights_skip_tracking":false,"_monsterinsights_sitenote_active":false,"_monsterinsights_sitenote_note":"","_monsterinsights_sitenote_category":0},"product_brand":[],"product_cat":[12275,12274],"product_tag":[],"class_list":{"0":"post-691007","1":"product","2":"type-product","3":"status-publish","5":"product_cat-6-12-yas-kitaplari","6":"product_cat-cocuk-ve-genclik-kitaplari","7":"pa_cilt-ciltsiz","8":"pa_tur-kitap","9":"pa_yayinevi-kok-yayinevi","10":"pa_yazar-refik-durbas","12":"first","13":"instock","14":"sale","15":"shipping-taxable","16":"purchasable","17":"product-type-simple"},"_links":{"self":[{"href":"https:\/\/roveyayinevi.com.tr\/index.php\/wp-json\/wp\/v2\/product\/691007","targetHints":{"allow":["GET"]}}],"collection":[{"href":"https:\/\/roveyayinevi.com.tr\/index.php\/wp-json\/wp\/v2\/product"}],"about":[{"href":"https:\/\/roveyayinevi.com.tr\/index.php\/wp-json\/wp\/v2\/types\/product"}],"wp:attachment":[{"href":"https:\/\/roveyayinevi.com.tr\/index.php\/wp-json\/wp\/v2\/media?parent=691007"}],"wp:term":[{"taxonomy":"product_brand","embeddable":true,"href":"https:\/\/roveyayinevi.com.tr\/index.php\/wp-json\/wp\/v2\/product_brand?post=691007"},{"taxonomy":"product_cat","embeddable":true,"href":"https:\/\/roveyayinevi.com.tr\/index.php\/wp-json\/wp\/v2\/product_cat?post=691007"},{"taxonomy":"product_tag","embeddable":true,"href":"https:\/\/roveyayinevi.com.tr\/index.php\/wp-json\/wp\/v2\/product_tag?post=691007"}],"curies":[{"name":"wp","href":"https:\/\/api.w.org\/{rel}","templated":true}]}}