{"id":691006,"date":"2025-08-27T13:55:00","date_gmt":"2025-08-27T10:55:00","guid":{"rendered":"https:\/\/roveyayinevi.com.tr\/index.php\/urun\/sevgili-gunluk-oyku-anlatiyor\/"},"modified":"2026-04-16T02:00:25","modified_gmt":"2026-04-15T23:00:25","slug":"sevgili-gunluk-oyku-anlatiyor","status":"publish","type":"product","link":"https:\/\/roveyayinevi.com.tr\/index.php\/urun\/sevgili-gunluk-oyku-anlatiyor\/","title":{"rendered":"Sevgili G\u00fcnl\u00fck \u00d6yk\u00fc Anlat\u0131yor"},"content":{"rendered":"<p>Sevgili G\u00fcnl\u00fc\u011f\u00fc tan\u0131yorsunuzdur \u00c7o\u011fumuzun zaman zaman ara versek de g\u00fcnl\u00fck tuttu\u011fu g\u00fczel bir defteri vard\u0131r. Kimi zaman ya\u015fad\u0131\u011f\u0131m\u0131z olaylar\u0131, sevin\u00e7 ve co\u015fkular\u0131m\u0131z\u0131 bu g\u00fcnl\u00fcklerle payla\u015f\u0131r\u0131z. Peki yaln\u0131zca sevin\u00e7 ve co\u015fkular\u0131m\u0131z m\u0131 yer al\u0131r g\u00fcnl\u00fcklerimizde? Hay\u0131r Can s\u0131k\u0131nt\u0131lar\u0131m\u0131z\u0131n, \u00fcz\u00fcnt\u00fclerimizin de orta\u011f\u0131d\u0131r onlar. Ger\u00e7ek bir dost, a\u011fz\u0131 s\u0131k\u0131 bir s\u0131rda\u015ft\u0131r &#8220;Sevgili G\u00fcnl\u00fcklerimiz&#8221;. &#8220;Sevgili G\u00fcnl\u00fck&#8221; Ferit Avc\u0131&#8217;n\u0131n \u00e7izgileriyle b\u00fct\u00fcnle\u015ferek, dokuz ya\u015f ve \u00fczeri \u00e7ocuklar i\u00e7in haz\u0131rlanm\u0131\u015f on de\u011fi\u015fik g\u00fcnl\u00fck ve on de\u011fi\u015fik \u00f6yk\u00fcy\u00fc sayfalar\u0131nda sizlerle payla\u015fmaktad\u0131r. &#8220;Benim de bir becerim var&#8221; diyen Can&#8217;\u0131n tuttu\u011fu g\u00fcnl\u00fcklerden ba\u015flayacak ve &#8220;K\u00fc\u00e7\u00fck bir oyun&#8221; diyerek Mutluhan&#8217;\u0131n g\u00fcnl\u00fc\u011f\u00fcyle sona erecektir. Sona erecektir diyoruz ama bu son sizin sayfalar\u0131n\u0131zda yeni ba\u015flang\u0131\u00e7lara neden olacakt\u0131r. \u00c7\u00fcnk\u00fc; asl\u0131nda on g\u00fcnl\u00fck ve on \u00f6yk\u00fc dedik ama kitab\u0131n sonunda \u00e7ocuklar\u0131n\u0131z\u0131 bir s\u00fcrpriz bekliyor.. Belki bu kitab\u0131 kapatt\u0131ktan sonra sizin \u00e7ocu\u011funuzun da bir g\u00fcnl\u00fc\u011f\u00fc olur. Belki g\u00fcnl\u00fcklerin \u00f6yk\u00fcs\u00fcne bir g\u00fcnl\u00fck de siz katm\u0131\u015f olursunuz. <\/p>\n","protected":false},"excerpt":{"rendered":"<p>Sevgili G\u00fcnl\u00fc\u011f\u00fc tan\u0131yorsunuzdur \u00c7o\u011fumuzun zaman zaman ara versek de g\u00fcnl\u00fck tuttu\u011fu g\u00fczel bir defteri vard\u0131r. Kimi zaman ya\u015fad\u0131\u011f\u0131m\u0131z olaylar\u0131, sevin\u00e7 ve co\u015fkular\u0131m\u0131z\u0131 bu g\u00fcnl\u00fcklerle payla\u015f\u0131r\u0131z. Peki<span class=\"excerpt-hellip\"> [\u2026]<\/span><\/p>\n","protected":false},"featured_media":0,"template":"","meta":{"_monsterinsights_skip_tracking":false,"_monsterinsights_sitenote_active":false,"_monsterinsights_sitenote_note":"","_monsterinsights_sitenote_category":0},"product_brand":[],"product_cat":[12275,12274],"product_tag":[],"class_list":{"0":"post-691006","1":"product","2":"type-product","3":"status-publish","5":"product_cat-6-12-yas-kitaplari","6":"product_cat-cocuk-ve-genclik-kitaplari","7":"pa_cilt-ciltsiz","8":"pa_tur-kitap","9":"pa_yayinevi-kok-yayinevi","10":"pa_yazar-ahmet-onel","12":"first","13":"instock","14":"sale","15":"shipping-taxable","16":"purchasable","17":"product-type-simple"},"_links":{"self":[{"href":"https:\/\/roveyayinevi.com.tr\/index.php\/wp-json\/wp\/v2\/product\/691006","targetHints":{"allow":["GET"]}}],"collection":[{"href":"https:\/\/roveyayinevi.com.tr\/index.php\/wp-json\/wp\/v2\/product"}],"about":[{"href":"https:\/\/roveyayinevi.com.tr\/index.php\/wp-json\/wp\/v2\/types\/product"}],"wp:attachment":[{"href":"https:\/\/roveyayinevi.com.tr\/index.php\/wp-json\/wp\/v2\/media?parent=691006"}],"wp:term":[{"taxonomy":"product_brand","embeddable":true,"href":"https:\/\/roveyayinevi.com.tr\/index.php\/wp-json\/wp\/v2\/product_brand?post=691006"},{"taxonomy":"product_cat","embeddable":true,"href":"https:\/\/roveyayinevi.com.tr\/index.php\/wp-json\/wp\/v2\/product_cat?post=691006"},{"taxonomy":"product_tag","embeddable":true,"href":"https:\/\/roveyayinevi.com.tr\/index.php\/wp-json\/wp\/v2\/product_tag?post=691006"}],"curies":[{"name":"wp","href":"https:\/\/api.w.org\/{rel}","templated":true}]}}