{"id":691005,"date":"2025-08-27T13:54:59","date_gmt":"2025-08-27T10:54:59","guid":{"rendered":"https:\/\/roveyayinevi.com.tr\/index.php\/urun\/sakiz-cinleri\/"},"modified":"2026-04-16T02:00:25","modified_gmt":"2026-04-15T23:00:25","slug":"sakiz-cinleri","status":"publish","type":"product","link":"https:\/\/roveyayinevi.com.tr\/index.php\/urun\/sakiz-cinleri\/","title":{"rendered":"Sak\u0131z Cinleri"},"content":{"rendered":"<p>Evet, vard\u0131. Masal \u00e7a\u011f\u0131nda bir zaman, Demirkaz\u0131k ad\u0131nda bir k\u00f6y vard\u0131. Sak\u0131z Cinleri, 8\u2019den 88\u2019e herkesin ilgiyle okuyabilece\u011fi, her okuyu\u015funda da farkl\u0131 bir tad alaca\u011f\u0131 bir masal&#8230; G\u00fc\u00e7l\u00fc ve \u00e7ekici kurgusu, ak\u0131c\u0131 anlat\u0131m\u0131yla K\u00fc\u00e7\u00fck Karabal\u0131k, \u015eeker Portakal\u0131, K\u00fc\u00e7\u00fck Prens ve daha niceleri gibi zihinlerde yer tutacak. \ufffcTan\u0131t\u0131m Metni<\/p>\n","protected":false},"excerpt":{"rendered":"<p>Evet, vard\u0131. Masal \u00e7a\u011f\u0131nda bir zaman, Demirkaz\u0131k ad\u0131nda bir k\u00f6y vard\u0131. Sak\u0131z Cinleri, 8\u2019den 88\u2019e herkesin ilgiyle okuyabilece\u011fi, her okuyu\u015funda da farkl\u0131 bir tad alaca\u011f\u0131 bir<span class=\"excerpt-hellip\"> [\u2026]<\/span><\/p>\n","protected":false},"featured_media":0,"template":"","meta":{"_monsterinsights_skip_tracking":false,"_monsterinsights_sitenote_active":false,"_monsterinsights_sitenote_note":"","_monsterinsights_sitenote_category":0},"product_brand":[],"product_cat":[12275,12274],"product_tag":[],"class_list":{"0":"post-691005","1":"product","2":"type-product","3":"status-publish","5":"product_cat-6-12-yas-kitaplari","6":"product_cat-cocuk-ve-genclik-kitaplari","7":"pa_cilt-ciltsiz","8":"pa_tur-kitap","9":"pa_yayinevi-kok-yayinevi","10":"pa_yazar-alkim-yaka","12":"first","13":"instock","14":"sale","15":"shipping-taxable","16":"purchasable","17":"product-type-simple"},"_links":{"self":[{"href":"https:\/\/roveyayinevi.com.tr\/index.php\/wp-json\/wp\/v2\/product\/691005","targetHints":{"allow":["GET"]}}],"collection":[{"href":"https:\/\/roveyayinevi.com.tr\/index.php\/wp-json\/wp\/v2\/product"}],"about":[{"href":"https:\/\/roveyayinevi.com.tr\/index.php\/wp-json\/wp\/v2\/types\/product"}],"wp:attachment":[{"href":"https:\/\/roveyayinevi.com.tr\/index.php\/wp-json\/wp\/v2\/media?parent=691005"}],"wp:term":[{"taxonomy":"product_brand","embeddable":true,"href":"https:\/\/roveyayinevi.com.tr\/index.php\/wp-json\/wp\/v2\/product_brand?post=691005"},{"taxonomy":"product_cat","embeddable":true,"href":"https:\/\/roveyayinevi.com.tr\/index.php\/wp-json\/wp\/v2\/product_cat?post=691005"},{"taxonomy":"product_tag","embeddable":true,"href":"https:\/\/roveyayinevi.com.tr\/index.php\/wp-json\/wp\/v2\/product_tag?post=691005"}],"curies":[{"name":"wp","href":"https:\/\/api.w.org\/{rel}","templated":true}]}}