{"id":691004,"date":"2025-08-27T13:54:59","date_gmt":"2025-08-27T10:54:59","guid":{"rendered":"https:\/\/roveyayinevi.com.tr\/index.php\/urun\/muhammede-gore-muhammed\/"},"modified":"2026-04-16T02:00:25","modified_gmt":"2026-04-15T23:00:25","slug":"muhammede-gore-muhammed","status":"publish","type":"product","link":"https:\/\/roveyayinevi.com.tr\/index.php\/urun\/muhammede-gore-muhammed\/","title":{"rendered":"Muhammed\u2019e G\u00f6re Muhammed"},"content":{"rendered":"<p>Prof. Dr. \u0130lhan Arsel, bu kitab\u0131nda, Muhammed konusunu, bizzat Muhammed\u2019in kendi s\u00f6zleriyle ve Kur\u2019an, hadis gibi temel \u0130slam kaynaklar\u0131ndan aktararak ele al\u0131yor. Bu temel kaynaklarda yer alan Muhammed\u2019in kendini \u00f6v\u00fcc\u00fc ve y\u00fcceltici s\u00f6zlerini ele\u015ftirel akl\u0131n \u0131\u015f\u0131\u011f\u0131nda tart\u0131\u015f\u0131yor. Kitapta yer alan baz\u0131 konu ba\u015fl\u0131klar\u0131 \u015funlard\u0131r: \u0130slam D\u00fcnyas\u0131 Muhammed\u2019i, Onun Kendi Tan\u0131m\u0131na G\u00f6re De\u011ferlendirip Y\u00fccelttir; Y\u00fcce G\u00f6r\u00fcnme ve \u00d6v\u00fcnme Takti\u011finin Alt\u0131nda Yatan Ama\u00e7: \u0130nsanlara Ba\u015f E\u011fdirtmek!; Al\u00e7akg\u00f6n\u00fcll\u00fc ( Tevazu \u0130nsan\u0131 ) Oldu\u011fu S\u00f6ylenen Muhammed,  \u00d6v\u00fcnmekten  ve  \u00d6v\u00fclmekten  Ho\u015flan\u0131r: Hem de Ho\u015flanmazm\u0131\u015f Gibi G\u00f6r\u00fcnerek; \u00d6v\u00fcn\u00fcrken ve Kendisini Y\u00fcceltirken, \u0130nsanlar\u0131 A\u015fa\u011f\u0131lay\u0131c\u0131 ve Ezik K\u0131l\u0131c\u0131, Hatta Benlik Duygusundan Uzakla\u015ft\u0131r\u0131c\u0131 Tutum ve Davran\u0131\u015flara Y\u00f6nelir; Muhammed, Kendisini Y\u00fcce Niteliklerle Tan\u0131mlama Arzusunun S\u0131n\u0131rs\u0131zl\u0131\u011f\u0131 \u0130\u00e7erisinnde Tanr\u0131sal Kertede ya da Tanr\u0131\u2019ya E\u015f G\u00fc\u00e7te ve De\u011ferde G\u00f6r\u00fcnme Yollar\u0131na Ba\u015fvurur; Tanr\u0131 (Melekleriyle Birlikte) Muhammed\u2019e  Salat ve Selam  Ediyor; Tanr\u0131sal Kertede ve Y\u00fccelikte G\u00f6r\u00fcnmek \u0130\u00e7in Muhammed\u2019in Ba\u015fvurdu\u011fu Di\u011fer Baz\u0131 Usuller&#8230; <\/p>\n","protected":false},"excerpt":{"rendered":"<p>Prof. Dr. \u0130lhan Arsel, bu kitab\u0131nda, Muhammed konusunu, bizzat Muhammed\u2019in kendi s\u00f6zleriyle ve Kur\u2019an, hadis gibi temel \u0130slam kaynaklar\u0131ndan aktararak ele al\u0131yor. Bu temel kaynaklarda yer<span class=\"excerpt-hellip\"> [\u2026]<\/span><\/p>\n","protected":false},"featured_media":0,"template":"","meta":{"_monsterinsights_skip_tracking":false,"_monsterinsights_sitenote_active":false,"_monsterinsights_sitenote_note":"","_monsterinsights_sitenote_category":0},"product_brand":[],"product_cat":[16789,12718,12719],"product_tag":[],"class_list":{"0":"post-691004","1":"product","2":"type-product","3":"status-publish","5":"product_cat-diger-islam","6":"product_cat-din","7":"product_cat-islam","8":"pa_tur-kitap","9":"pa_yayinevi-kaynak-yayinlari","10":"pa_yazar-ilhan-arsel","12":"first","13":"instock","14":"sale","15":"shipping-taxable","16":"purchasable","17":"product-type-simple"},"_links":{"self":[{"href":"https:\/\/roveyayinevi.com.tr\/index.php\/wp-json\/wp\/v2\/product\/691004","targetHints":{"allow":["GET"]}}],"collection":[{"href":"https:\/\/roveyayinevi.com.tr\/index.php\/wp-json\/wp\/v2\/product"}],"about":[{"href":"https:\/\/roveyayinevi.com.tr\/index.php\/wp-json\/wp\/v2\/types\/product"}],"wp:attachment":[{"href":"https:\/\/roveyayinevi.com.tr\/index.php\/wp-json\/wp\/v2\/media?parent=691004"}],"wp:term":[{"taxonomy":"product_brand","embeddable":true,"href":"https:\/\/roveyayinevi.com.tr\/index.php\/wp-json\/wp\/v2\/product_brand?post=691004"},{"taxonomy":"product_cat","embeddable":true,"href":"https:\/\/roveyayinevi.com.tr\/index.php\/wp-json\/wp\/v2\/product_cat?post=691004"},{"taxonomy":"product_tag","embeddable":true,"href":"https:\/\/roveyayinevi.com.tr\/index.php\/wp-json\/wp\/v2\/product_tag?post=691004"}],"curies":[{"name":"wp","href":"https:\/\/api.w.org\/{rel}","templated":true}]}}