{"id":690998,"date":"2025-08-27T13:54:58","date_gmt":"2025-08-27T10:54:58","guid":{"rendered":"https:\/\/roveyayinevi.com.tr\/index.php\/urun\/sihirli-sapka\/"},"modified":"2026-04-16T02:00:25","modified_gmt":"2026-04-15T23:00:25","slug":"sihirli-sapka","status":"publish","type":"product","link":"https:\/\/roveyayinevi.com.tr\/index.php\/urun\/sihirli-sapka\/","title":{"rendered":"Sihirli \u015eapka"},"content":{"rendered":"<p>Burak&#8217;\u0131n onu g\u00f6r\u00fcnmez yapan bir \u015fapkas\u0131 var. Art\u0131k istedi\u011fi her \u015feyi yapabilece\u011fini ve bunun \u00e7ok e\u011flenceli olaca\u011f\u0131n\u0131 d\u00fc\u015f\u00fcn\u00fcyor. Peki ya i\u015fler yolunda gitmezse?.. D\u00fcr\u00fcstl\u00fck, cesaret ve \u00f6zg\u00fcven hakk\u0131nda e\u011flenceli bir roman&#8230; \ufffcTan\u0131t\u0131m Metni<\/p>\n","protected":false},"excerpt":{"rendered":"<p>Burak&#8217;\u0131n onu g\u00f6r\u00fcnmez yapan bir \u015fapkas\u0131 var. Art\u0131k istedi\u011fi her \u015feyi yapabilece\u011fini ve bunun \u00e7ok e\u011flenceli olaca\u011f\u0131n\u0131 d\u00fc\u015f\u00fcn\u00fcyor. Peki ya i\u015fler yolunda gitmezse?.. D\u00fcr\u00fcstl\u00fck, cesaret ve<span class=\"excerpt-hellip\"> [\u2026]<\/span><\/p>\n","protected":false},"featured_media":0,"template":"","meta":{"_monsterinsights_skip_tracking":false,"_monsterinsights_sitenote_active":false,"_monsterinsights_sitenote_note":"","_monsterinsights_sitenote_category":0},"product_brand":[],"product_cat":[12275,12274],"product_tag":[],"class_list":{"0":"post-690998","1":"product","2":"type-product","3":"status-publish","5":"product_cat-6-12-yas-kitaplari","6":"product_cat-cocuk-ve-genclik-kitaplari","7":"pa_cilt-ciltsiz","8":"pa_tur-kitap","9":"pa_yayinevi-mavi-bulut-yayinlari","10":"pa_yazar-fatih-erdogan","12":"first","13":"instock","14":"sale","15":"shipping-taxable","16":"purchasable","17":"product-type-simple"},"_links":{"self":[{"href":"https:\/\/roveyayinevi.com.tr\/index.php\/wp-json\/wp\/v2\/product\/690998","targetHints":{"allow":["GET"]}}],"collection":[{"href":"https:\/\/roveyayinevi.com.tr\/index.php\/wp-json\/wp\/v2\/product"}],"about":[{"href":"https:\/\/roveyayinevi.com.tr\/index.php\/wp-json\/wp\/v2\/types\/product"}],"wp:attachment":[{"href":"https:\/\/roveyayinevi.com.tr\/index.php\/wp-json\/wp\/v2\/media?parent=690998"}],"wp:term":[{"taxonomy":"product_brand","embeddable":true,"href":"https:\/\/roveyayinevi.com.tr\/index.php\/wp-json\/wp\/v2\/product_brand?post=690998"},{"taxonomy":"product_cat","embeddable":true,"href":"https:\/\/roveyayinevi.com.tr\/index.php\/wp-json\/wp\/v2\/product_cat?post=690998"},{"taxonomy":"product_tag","embeddable":true,"href":"https:\/\/roveyayinevi.com.tr\/index.php\/wp-json\/wp\/v2\/product_tag?post=690998"}],"curies":[{"name":"wp","href":"https:\/\/api.w.org\/{rel}","templated":true}]}}