{"id":690997,"date":"2025-08-27T13:54:58","date_gmt":"2025-08-27T10:54:58","guid":{"rendered":"https:\/\/roveyayinevi.com.tr\/index.php\/urun\/sihirli-kitap\/"},"modified":"2026-04-16T02:00:25","modified_gmt":"2026-04-15T23:00:25","slug":"sihirli-kitap","status":"publish","type":"product","link":"https:\/\/roveyayinevi.com.tr\/index.php\/urun\/sihirli-kitap\/","title":{"rendered":"Sihirli Kitap"},"content":{"rendered":"<p>Oktay \u0131\u015f\u0131\u011f\u0131n yans\u0131malar\u0131n\u0131 ayarlayarak yaz\u0131y\u0131 g\u00f6rmeye \u00e7al\u0131\u015f\u0131yordu. Y\u00fcksek sesle tekrarlad\u0131:\u201cKAPA\u011eI A\u00c7, MERAK ET.TEK GEREKEN, CESARET&#8230;\u201dTarih dersini hi\u00e7 sevmeyen ve \u00e7ok anlams\u0131z bulan kahraman\u0131m\u0131z Oktay&#8217;\u0131n tek dile\u011fi tarihi \u015f\u00f6yle canl\u0131 canl\u0131, e\u011flenceli, sanki ger\u00e7ekten ya\u015f\u0131yormu\u015f\u00e7as\u0131na anlatan bir tarih kitab\u0131 olmas\u0131&#8230;. Bunu dilemesinin nedeni de onlar\u0131 bekleyen zorlu tarih s\u0131nav\u0131n\u0131n yakla\u015fmas\u0131yd\u0131&#8230;. Tarih s\u0131nav\u0131n\u0131n zorlu olmas\u0131n\u0131n nedeni ise \u00f6\u011fretmenin iptal edilen s\u0131nav\u0131n ka\u011f\u0131tlar\u0131n\u0131n \u00e7al\u0131nd\u0131\u011f\u0131n\u0131 d\u00fc\u015f\u00fcnmesiydi&#8230; Nil\u00fcfer&#8217;in Oktay&#8217;\u0131n maceras\u0131na dahil olmas\u0131n\u0131n nedeni ise&#8230;Daha fazla anlatmayal\u0131m da okuyun ve bu maceran\u0131n tad\u0131na kendiniz var\u0131n&#8230; <\/p>\n","protected":false},"excerpt":{"rendered":"<p>Oktay \u0131\u015f\u0131\u011f\u0131n yans\u0131malar\u0131n\u0131 ayarlayarak yaz\u0131y\u0131 g\u00f6rmeye \u00e7al\u0131\u015f\u0131yordu. Y\u00fcksek sesle tekrarlad\u0131:\u201cKAPA\u011eI A\u00c7, MERAK ET.TEK GEREKEN, CESARET&#8230;\u201dTarih dersini hi\u00e7 sevmeyen ve \u00e7ok anlams\u0131z bulan kahraman\u0131m\u0131z Oktay&#8217;\u0131n tek dile\u011fi<span class=\"excerpt-hellip\"> [\u2026]<\/span><\/p>\n","protected":false},"featured_media":0,"template":"","meta":{"_monsterinsights_skip_tracking":false,"_monsterinsights_sitenote_active":false,"_monsterinsights_sitenote_note":"","_monsterinsights_sitenote_category":0},"product_brand":[],"product_cat":[12275,12274],"product_tag":[],"class_list":{"0":"post-690997","1":"product","2":"type-product","3":"status-publish","5":"product_cat-6-12-yas-kitaplari","6":"product_cat-cocuk-ve-genclik-kitaplari","7":"pa_cilt-ciltsiz","8":"pa_tur-kitap","9":"pa_yayinevi-mavi-bulut-yayinlari","10":"pa_yazar-fatih-erdogan","12":"first","13":"instock","14":"sale","15":"shipping-taxable","16":"purchasable","17":"product-type-simple"},"_links":{"self":[{"href":"https:\/\/roveyayinevi.com.tr\/index.php\/wp-json\/wp\/v2\/product\/690997","targetHints":{"allow":["GET"]}}],"collection":[{"href":"https:\/\/roveyayinevi.com.tr\/index.php\/wp-json\/wp\/v2\/product"}],"about":[{"href":"https:\/\/roveyayinevi.com.tr\/index.php\/wp-json\/wp\/v2\/types\/product"}],"wp:attachment":[{"href":"https:\/\/roveyayinevi.com.tr\/index.php\/wp-json\/wp\/v2\/media?parent=690997"}],"wp:term":[{"taxonomy":"product_brand","embeddable":true,"href":"https:\/\/roveyayinevi.com.tr\/index.php\/wp-json\/wp\/v2\/product_brand?post=690997"},{"taxonomy":"product_cat","embeddable":true,"href":"https:\/\/roveyayinevi.com.tr\/index.php\/wp-json\/wp\/v2\/product_cat?post=690997"},{"taxonomy":"product_tag","embeddable":true,"href":"https:\/\/roveyayinevi.com.tr\/index.php\/wp-json\/wp\/v2\/product_tag?post=690997"}],"curies":[{"name":"wp","href":"https:\/\/api.w.org\/{rel}","templated":true}]}}