{"id":690995,"date":"2025-08-27T13:54:57","date_gmt":"2025-08-27T10:54:57","guid":{"rendered":"https:\/\/roveyayinevi.com.tr\/index.php\/urun\/zeka-oyunlari-2\/"},"modified":"2026-04-16T02:00:25","modified_gmt":"2026-04-15T23:00:25","slug":"zeka-oyunlari-2","status":"publish","type":"product","link":"https:\/\/roveyayinevi.com.tr\/index.php\/urun\/zeka-oyunlari-2\/","title":{"rendered":"Zeka Oyunlar\u0131 2"},"content":{"rendered":"<p>Bu kitap; bir beyin jimnasti\u011fi kitab\u0131. Bulmacalar ve bilmeceler aras\u0131nda beyinleriniz hoplay\u0131p z\u0131playacak&#8230; Ferit Avc\u0131 bu kitab\u0131 haz\u0131rlarken, sekiz-on \u00fc\u00e7 ya\u015flar\u0131 aras\u0131ndaki t\u00fcm \u00e7ocuklar\u0131n \u015f\u0131p diye \u00e7\u00f6zebilecekleri kadar kolay bulmacalar olmas\u0131na \u00e7al\u0131\u015ft\u0131. Tatillerde zaman\u0131n\u0131z\u0131 de\u011ferlendirmek i\u00e7in, okul zaman\u0131 da derslere ara verip beyinlerinizi hoplat\u0131p dinlendirmek \u00fczere bu kitaba ba\u015fvurabilirsiniz. \ufffcTan\u0131t\u0131m Metni<\/p>\n","protected":false},"excerpt":{"rendered":"<p>Bu kitap; bir beyin jimnasti\u011fi kitab\u0131. Bulmacalar ve bilmeceler aras\u0131nda beyinleriniz hoplay\u0131p z\u0131playacak&#8230; Ferit Avc\u0131 bu kitab\u0131 haz\u0131rlarken, sekiz-on \u00fc\u00e7 ya\u015flar\u0131 aras\u0131ndaki t\u00fcm \u00e7ocuklar\u0131n \u015f\u0131p diye<span class=\"excerpt-hellip\"> [\u2026]<\/span><\/p>\n","protected":false},"featured_media":0,"template":"","meta":{"_monsterinsights_skip_tracking":false,"_monsterinsights_sitenote_active":false,"_monsterinsights_sitenote_note":"","_monsterinsights_sitenote_category":0},"product_brand":[],"product_cat":[12913,12274],"product_tag":[],"class_list":{"0":"post-690995","1":"product","2":"type-product","3":"status-publish","5":"product_cat-3-6-yas-kitaplari","6":"product_cat-cocuk-ve-genclik-kitaplari","7":"pa_cilt-ciltsiz","8":"pa_tur-kitap","9":"pa_yayinevi-kok-yayinevi","10":"pa_yazar-ferit-avci","12":"first","13":"instock","14":"sale","15":"shipping-taxable","16":"purchasable","17":"product-type-simple"},"_links":{"self":[{"href":"https:\/\/roveyayinevi.com.tr\/index.php\/wp-json\/wp\/v2\/product\/690995","targetHints":{"allow":["GET"]}}],"collection":[{"href":"https:\/\/roveyayinevi.com.tr\/index.php\/wp-json\/wp\/v2\/product"}],"about":[{"href":"https:\/\/roveyayinevi.com.tr\/index.php\/wp-json\/wp\/v2\/types\/product"}],"wp:attachment":[{"href":"https:\/\/roveyayinevi.com.tr\/index.php\/wp-json\/wp\/v2\/media?parent=690995"}],"wp:term":[{"taxonomy":"product_brand","embeddable":true,"href":"https:\/\/roveyayinevi.com.tr\/index.php\/wp-json\/wp\/v2\/product_brand?post=690995"},{"taxonomy":"product_cat","embeddable":true,"href":"https:\/\/roveyayinevi.com.tr\/index.php\/wp-json\/wp\/v2\/product_cat?post=690995"},{"taxonomy":"product_tag","embeddable":true,"href":"https:\/\/roveyayinevi.com.tr\/index.php\/wp-json\/wp\/v2\/product_tag?post=690995"}],"curies":[{"name":"wp","href":"https:\/\/api.w.org\/{rel}","templated":true}]}}