{"id":690993,"date":"2025-08-27T13:54:57","date_gmt":"2025-08-27T10:54:57","guid":{"rendered":"https:\/\/roveyayinevi.com.tr\/index.php\/urun\/sosyal-davranis-problemi-olan-cocuklarin-anne-babalarina-yonelik-anne-baba-egitim-programi\/"},"modified":"2026-04-16T02:00:25","modified_gmt":"2026-04-15T23:00:25","slug":"sosyal-davranis-problemi-olan-cocuklarin-anne-babalarina-yonelik-anne-baba-egitim-programi","status":"publish","type":"product","link":"https:\/\/roveyayinevi.com.tr\/index.php\/urun\/sosyal-davranis-problemi-olan-cocuklarin-anne-babalarina-yonelik-anne-baba-egitim-programi\/","title":{"rendered":"Sosyal Davran\u0131\u015f Problemi Olan \u00c7ocuklar\u0131n Anne Babalar\u0131na Y\u00f6nelik Anne Baba E\u011fitim Program\u0131"},"content":{"rendered":"<p>Bu e\u011fitim program\u0131, zaman zaman \u201czor \u00e7ocuk\u201d olarak adland\u0131r\u0131lan \u00e7ocuklar\u0131n anne babalar\u0131na y\u00f6neliktir. Bu anne babalar, \u00e7ocuklar\u0131n\u0131 uygun bir \u015fekilde y\u00f6nlendirmeyi ba\u015faramazlar. G\u00fcnl\u00fck problemler onlara olduk\u00e7a karma\u015f\u0131k g\u00f6r\u00fcn\u00fcr. G\u00fcnl\u00fck ya\u015fam genellikle streslidir. Ev \u00f6devlerinde ya da uykuya gitmede ya\u015fanan \u00e7at\u0131\u015fmalar ya da karde\u015flerle edilen kavgalar. Aile i\u00e7inde ya\u015fanan bu ve benzeri problemlere \u00e7\u00f6z\u00fcm \u00fcretmek amac\u0131yla geli\u015ftirilen bu e\u011fitim program\u0131, anne babalara m\u00fcmk\u00fcn oldu\u011funca somut \u015feyler s\u00f6ylemektedir. Bu e\u011fitim program\u0131 ile anne babalar soyut \u00f6rneklerin de\u011fil, tamamen kendi ya\u015fant\u0131lar\u0131ndan somut \u00f6rneklerin \u00fczerinde dururlar. Kendi e\u011fitimle ilgili problemlerini analiz eder ve \u00e7\u00f6z\u00fcmleri m\u00fcmk\u00fcn oldu\u011funca kendileri geli\u015ftirirler. <\/p>\n","protected":false},"excerpt":{"rendered":"<p>Bu e\u011fitim program\u0131, zaman zaman \u201czor \u00e7ocuk\u201d olarak adland\u0131r\u0131lan \u00e7ocuklar\u0131n anne babalar\u0131na y\u00f6neliktir. Bu anne babalar, \u00e7ocuklar\u0131n\u0131 uygun bir \u015fekilde y\u00f6nlendirmeyi ba\u015faramazlar. G\u00fcnl\u00fck problemler onlara olduk\u00e7a<span class=\"excerpt-hellip\"> [\u2026]<\/span><\/p>\n","protected":false},"featured_media":0,"template":"","meta":{"_monsterinsights_skip_tracking":false,"_monsterinsights_sitenote_active":false,"_monsterinsights_sitenote_note":"","_monsterinsights_sitenote_category":0},"product_brand":[],"product_cat":[12831,12324],"product_tag":[],"class_list":{"0":"post-690993","1":"product","2":"type-product","3":"status-publish","5":"product_cat-aile-ve-cocuk","6":"product_cat-sosyoloji","7":"pa_cilt-ciltsiz","8":"pa_tur-kitap","9":"pa_yayinevi-kok-yayinevi","10":"pa_yazar-bernd-heubeck","12":"first","13":"instock","14":"sale","15":"shipping-taxable","16":"purchasable","17":"product-type-simple"},"_links":{"self":[{"href":"https:\/\/roveyayinevi.com.tr\/index.php\/wp-json\/wp\/v2\/product\/690993","targetHints":{"allow":["GET"]}}],"collection":[{"href":"https:\/\/roveyayinevi.com.tr\/index.php\/wp-json\/wp\/v2\/product"}],"about":[{"href":"https:\/\/roveyayinevi.com.tr\/index.php\/wp-json\/wp\/v2\/types\/product"}],"wp:attachment":[{"href":"https:\/\/roveyayinevi.com.tr\/index.php\/wp-json\/wp\/v2\/media?parent=690993"}],"wp:term":[{"taxonomy":"product_brand","embeddable":true,"href":"https:\/\/roveyayinevi.com.tr\/index.php\/wp-json\/wp\/v2\/product_brand?post=690993"},{"taxonomy":"product_cat","embeddable":true,"href":"https:\/\/roveyayinevi.com.tr\/index.php\/wp-json\/wp\/v2\/product_cat?post=690993"},{"taxonomy":"product_tag","embeddable":true,"href":"https:\/\/roveyayinevi.com.tr\/index.php\/wp-json\/wp\/v2\/product_tag?post=690993"}],"curies":[{"name":"wp","href":"https:\/\/api.w.org\/{rel}","templated":true}]}}