{"id":690990,"date":"2025-08-27T13:54:57","date_gmt":"2025-08-27T10:54:57","guid":{"rendered":"https:\/\/roveyayinevi.com.tr\/index.php\/urun\/sayi-avcisi-2\/"},"modified":"2026-04-16T02:00:25","modified_gmt":"2026-04-15T23:00:25","slug":"sayi-avcisi-2","status":"publish","type":"product","link":"https:\/\/roveyayinevi.com.tr\/index.php\/urun\/sayi-avcisi-2\/","title":{"rendered":"Say\u0131 Avc\u0131s\u0131 2"},"content":{"rendered":"<p>Say\u0131 Avc\u0131s\u0131 2, yeni \u00f6\u011fretim program\u0131 do\u011frultusunda ilk\u00f6\u011fretim 2. s\u0131n\u0131f matematik dersi kazan\u0131mlar\u0131 g\u00f6z \u00f6n\u00fcne al\u0131narak haz\u0131rland\u0131. Ancak kitaplar\u0131m\u0131z, \u00e7ocuklar\u0131m\u0131z\u0131n bug\u00fcne de\u011fin g\u00f6rmeye al\u0131\u015f\u0131k olduklar\u0131 m\u00f6atematik kitaplar\u0131ndan olduk\u00e7a farkl\u0131. \ufffcTan\u0131t\u0131m Metni<\/p>\n","protected":false},"excerpt":{"rendered":"<p>Say\u0131 Avc\u0131s\u0131 2, yeni \u00f6\u011fretim program\u0131 do\u011frultusunda ilk\u00f6\u011fretim 2. s\u0131n\u0131f matematik dersi kazan\u0131mlar\u0131 g\u00f6z \u00f6n\u00fcne al\u0131narak haz\u0131rland\u0131. Ancak kitaplar\u0131m\u0131z, \u00e7ocuklar\u0131m\u0131z\u0131n bug\u00fcne de\u011fin g\u00f6rmeye al\u0131\u015f\u0131k olduklar\u0131 m\u00f6atematik<span class=\"excerpt-hellip\"> [\u2026]<\/span><\/p>\n","protected":false},"featured_media":0,"template":"","meta":{"_monsterinsights_skip_tracking":false,"_monsterinsights_sitenote_active":false,"_monsterinsights_sitenote_note":"","_monsterinsights_sitenote_category":0},"product_brand":[],"product_cat":[12274,12518],"product_tag":[],"class_list":{"0":"post-690990","1":"product","2":"type-product","3":"status-publish","5":"product_cat-cocuk-ve-genclik-kitaplari","6":"product_cat-okul-oncesi-kitaplar","7":"pa_cilt-ciltsiz","8":"pa_tur-kitap","9":"pa_yayinevi-kok-yayinevi","10":"pa_yazar-sibel-bayamlioglu","12":"first","13":"instock","14":"sale","15":"shipping-taxable","16":"purchasable","17":"product-type-simple"},"_links":{"self":[{"href":"https:\/\/roveyayinevi.com.tr\/index.php\/wp-json\/wp\/v2\/product\/690990","targetHints":{"allow":["GET"]}}],"collection":[{"href":"https:\/\/roveyayinevi.com.tr\/index.php\/wp-json\/wp\/v2\/product"}],"about":[{"href":"https:\/\/roveyayinevi.com.tr\/index.php\/wp-json\/wp\/v2\/types\/product"}],"wp:attachment":[{"href":"https:\/\/roveyayinevi.com.tr\/index.php\/wp-json\/wp\/v2\/media?parent=690990"}],"wp:term":[{"taxonomy":"product_brand","embeddable":true,"href":"https:\/\/roveyayinevi.com.tr\/index.php\/wp-json\/wp\/v2\/product_brand?post=690990"},{"taxonomy":"product_cat","embeddable":true,"href":"https:\/\/roveyayinevi.com.tr\/index.php\/wp-json\/wp\/v2\/product_cat?post=690990"},{"taxonomy":"product_tag","embeddable":true,"href":"https:\/\/roveyayinevi.com.tr\/index.php\/wp-json\/wp\/v2\/product_tag?post=690990"}],"curies":[{"name":"wp","href":"https:\/\/api.w.org\/{rel}","templated":true}]}}