{"id":690989,"date":"2025-08-27T13:54:56","date_gmt":"2025-08-27T10:54:56","guid":{"rendered":"https:\/\/roveyayinevi.com.tr\/index.php\/urun\/uykusuz-bir-gece\/"},"modified":"2026-04-16T02:00:25","modified_gmt":"2026-04-15T23:00:25","slug":"uykusuz-bir-gece","status":"publish","type":"product","link":"https:\/\/roveyayinevi.com.tr\/index.php\/urun\/uykusuz-bir-gece\/","title":{"rendered":"Uykusuz Bir Gece"},"content":{"rendered":"<p>Vakit ge\u00e7 olmu\u015ftu ve Bay Ay\u0131 \u00e7ok yorgundu. Ama ne yaparsa yaps\u0131n nereye giderse gitsin, bir t\u00fcrl\u00fc uykuya dalam\u0131yordu. Acaba Bay Ay\u0131 m\u0131\u015f\u0131l m\u0131\u015f\u0131l bir uykuya kavu\u015fabilecek mi? B\u00fct\u00fcn d\u00fcnyada bir milyondan fazla \u00e7ocu\u011fun okudu\u011fu bu kitap sevimli hik\u00e2yesi ve \u00e7izimleriyle hem sizi hem de \u00e7ocu\u011funuzu etkileyecek. <\/p>\n","protected":false},"excerpt":{"rendered":"<p>Vakit ge\u00e7 olmu\u015ftu ve Bay Ay\u0131 \u00e7ok yorgundu. Ama ne yaparsa yaps\u0131n nereye giderse gitsin, bir t\u00fcrl\u00fc uykuya dalam\u0131yordu. Acaba Bay Ay\u0131 m\u0131\u015f\u0131l m\u0131\u015f\u0131l bir uykuya<span class=\"excerpt-hellip\"> [\u2026]<\/span><\/p>\n","protected":false},"featured_media":0,"template":"","meta":{"_monsterinsights_skip_tracking":false,"_monsterinsights_sitenote_active":false,"_monsterinsights_sitenote_note":"","_monsterinsights_sitenote_category":0},"product_brand":[],"product_cat":[12274,12518],"product_tag":[],"class_list":{"0":"post-690989","1":"product","2":"type-product","3":"status-publish","5":"product_cat-cocuk-ve-genclik-kitaplari","6":"product_cat-okul-oncesi-kitaplar","7":"pa_tur-kitap","8":"pa_yayinevi-mandolin-yayinlari","9":"pa_yazar-jill-murphy","11":"first","12":"instock","13":"sale","14":"shipping-taxable","15":"purchasable","16":"product-type-simple"},"_links":{"self":[{"href":"https:\/\/roveyayinevi.com.tr\/index.php\/wp-json\/wp\/v2\/product\/690989","targetHints":{"allow":["GET"]}}],"collection":[{"href":"https:\/\/roveyayinevi.com.tr\/index.php\/wp-json\/wp\/v2\/product"}],"about":[{"href":"https:\/\/roveyayinevi.com.tr\/index.php\/wp-json\/wp\/v2\/types\/product"}],"wp:attachment":[{"href":"https:\/\/roveyayinevi.com.tr\/index.php\/wp-json\/wp\/v2\/media?parent=690989"}],"wp:term":[{"taxonomy":"product_brand","embeddable":true,"href":"https:\/\/roveyayinevi.com.tr\/index.php\/wp-json\/wp\/v2\/product_brand?post=690989"},{"taxonomy":"product_cat","embeddable":true,"href":"https:\/\/roveyayinevi.com.tr\/index.php\/wp-json\/wp\/v2\/product_cat?post=690989"},{"taxonomy":"product_tag","embeddable":true,"href":"https:\/\/roveyayinevi.com.tr\/index.php\/wp-json\/wp\/v2\/product_tag?post=690989"}],"curies":[{"name":"wp","href":"https:\/\/api.w.org\/{rel}","templated":true}]}}