{"id":690983,"date":"2025-08-27T13:54:55","date_gmt":"2025-08-27T10:54:55","guid":{"rendered":"https:\/\/roveyayinevi.com.tr\/index.php\/urun\/dedem-bana-duduk-yapti\/"},"modified":"2026-04-16T02:00:25","modified_gmt":"2026-04-15T23:00:25","slug":"dedem-bana-duduk-yapti","status":"publish","type":"product","link":"https:\/\/roveyayinevi.com.tr\/index.php\/urun\/dedem-bana-duduk-yapti\/","title":{"rendered":"Dedem Bana D\u00fcd\u00fck Yapt\u0131"},"content":{"rendered":"<p>Art\u0131k Kendim Okuyabilirim\u2019 Mavibulut Yay\u0131nlar\u0131\u2019n\u0131n okul \u00f6ncesi ve birinci s\u0131n\u0131f \u00e7ocuklar\u0131n\u0131n okumay\u0131 s\u00f6kmeleri ve geli\u015ftirmeleri i\u00e7in haz\u0131rlad\u0131\u011f\u0131 kitaplara koydu\u011fu \u00f6zel amblemdir. K\u0131sa, uyakl\u0131 ve ritmik c\u00fcmle yap\u0131lar\u0131, belletici tekrarlar, dil ve zeka k\u0131vrakl\u0131\u011f\u0131n\u0131 kazand\u0131racak s\u00f6z oyunlar\u0131 ve tekerlemelerle anlat\u0131lan e\u011flenceli \u00f6yk\u00fcler, hen\u00fcz okumay\u0131 \u00f6\u011frenmemi\u015f \u00e7ocuklar\u0131 bile \u2018okur\u2019 haline getirmekte, onlara kitaplar\u0131 sevdirmektedir.\u2019 \ufffcTan\u0131t\u0131m Metni<\/p>\n","protected":false},"excerpt":{"rendered":"<p>Art\u0131k Kendim Okuyabilirim\u2019 Mavibulut Yay\u0131nlar\u0131\u2019n\u0131n okul \u00f6ncesi ve birinci s\u0131n\u0131f \u00e7ocuklar\u0131n\u0131n okumay\u0131 s\u00f6kmeleri ve geli\u015ftirmeleri i\u00e7in haz\u0131rlad\u0131\u011f\u0131 kitaplara koydu\u011fu \u00f6zel amblemdir. K\u0131sa, uyakl\u0131 ve ritmik c\u00fcmle<span class=\"excerpt-hellip\"> [\u2026]<\/span><\/p>\n","protected":false},"featured_media":0,"template":"","meta":{"_monsterinsights_skip_tracking":false,"_monsterinsights_sitenote_active":false,"_monsterinsights_sitenote_note":"","_monsterinsights_sitenote_category":0},"product_brand":[],"product_cat":[12274,12518],"product_tag":[],"class_list":{"0":"post-690983","1":"product","2":"type-product","3":"status-publish","5":"product_cat-cocuk-ve-genclik-kitaplari","6":"product_cat-okul-oncesi-kitaplar","7":"pa_tur-kitap","8":"pa_yayinevi-mavi-bulut-yayinlari","9":"pa_yazar-fatih-erdogan","11":"first","12":"instock","13":"sale","14":"shipping-taxable","15":"purchasable","16":"product-type-simple"},"_links":{"self":[{"href":"https:\/\/roveyayinevi.com.tr\/index.php\/wp-json\/wp\/v2\/product\/690983","targetHints":{"allow":["GET"]}}],"collection":[{"href":"https:\/\/roveyayinevi.com.tr\/index.php\/wp-json\/wp\/v2\/product"}],"about":[{"href":"https:\/\/roveyayinevi.com.tr\/index.php\/wp-json\/wp\/v2\/types\/product"}],"wp:attachment":[{"href":"https:\/\/roveyayinevi.com.tr\/index.php\/wp-json\/wp\/v2\/media?parent=690983"}],"wp:term":[{"taxonomy":"product_brand","embeddable":true,"href":"https:\/\/roveyayinevi.com.tr\/index.php\/wp-json\/wp\/v2\/product_brand?post=690983"},{"taxonomy":"product_cat","embeddable":true,"href":"https:\/\/roveyayinevi.com.tr\/index.php\/wp-json\/wp\/v2\/product_cat?post=690983"},{"taxonomy":"product_tag","embeddable":true,"href":"https:\/\/roveyayinevi.com.tr\/index.php\/wp-json\/wp\/v2\/product_tag?post=690983"}],"curies":[{"name":"wp","href":"https:\/\/api.w.org\/{rel}","templated":true}]}}