{"id":690973,"date":"2025-08-27T13:54:53","date_gmt":"2025-08-27T10:54:53","guid":{"rendered":"https:\/\/roveyayinevi.com.tr\/index.php\/urun\/efendi-uyaniyor\/"},"modified":"2025-12-30T09:37:58","modified_gmt":"2025-12-30T06:37:58","slug":"efendi-uyaniyor","status":"publish","type":"product","link":"https:\/\/roveyayinevi.com.tr\/index.php\/urun\/efendi-uyaniyor\/","title":{"rendered":"Efendi Uyan\u0131yor"},"content":{"rendered":"<p>Edebiyat tarihinin ilk distopyas\u0131 olan Efendi Uyan\u0131yor bir 19. yy. centilmeni olan Graham&#8217;\u0131n \u00f6yk\u00fcs\u00fcn\u00fc anlat\u0131yor. Nadir g\u00f6r\u00fclen bir uykusuzluk hastal\u0131\u011f\u0131ndan mustarip olan Graham en sonunda uyumay\u0131 ba\u015far\u0131r. Ne var ki bu kez 200 y\u0131ll\u0131k trans halinde bir uykuya dalacakt\u0131r. Uyand\u0131\u011f\u0131nda ise, banka hesab\u0131na i\u015fleyen faizler sayesinde d\u00fcnyan\u0131n en zengin ve en g\u00fc\u00e7l\u00fc adam\u0131 oldu\u011funu \u00f6\u011frenir. O art\u0131k bamba\u015fka ve hi\u00e7 tan\u0131mad\u0131\u011f\u0131 bir d\u00fcnyada ya\u015famaktad\u0131r. D\u00fcnyan\u0131n tek efendisi ve sahibi odur! Graham uyudu\u011fu s\u0131rada servetini idare eden Konsey, t\u00fcm gezegene h\u00fck\u00fcm s\u00fcren son derece karanl\u0131k ve ac\u0131mas\u0131z bir sistem kurmu\u015ftur. Oysa insanlar\u0131n bir kurtar\u0131c\u0131 olarak g\u00f6rd\u00fc\u011f\u00fc Graham&#8217;dan beklenen, toplumu bu korkun\u00e7 despotlardan kurtarmas\u0131d\u0131r.Bir distopya klasi\u011fi ve politik bilimkurgu t\u00fcr\u00fcn\u00fcn en iyi \u00f6rneklerinden biri olan Wells&#8217;in bu ba\u015fyap\u0131t\u0131, okuru fantastik bir maceraya s\u00fcr\u00fckl\u00fcyor. G\u00fcn\u00fcm\u00fczden 114 y\u0131l \u00f6nce yaz\u0131lm\u0131\u015f olmas\u0131na ra\u011fmen global \u015firketlerin y\u00fckseli\u015fi, u\u00e7aklar\u0131n seyahat ama\u00e7l\u0131 kullan\u0131m\u0131 ve bir\u00e7ok teknolojik geli\u015fmeyi zaman\u0131n\u0131n \u00e7ok \u00f6tesinde ba\u015far\u0131l\u0131 bir \u015fekilde tahmin etmi\u015f olmas\u0131 \u015fa\u015fk\u0131nl\u0131k yarat\u0131yor. Gelece\u011fe dair yerinde tahminlerinin yan\u0131 s\u0131ra toplumsal adaletsizlikle bo\u011fu\u015fan bir d\u00fcnyay\u0131 tasvir eden Efendi Uyan\u0131yor, distopya, bilim kurgu ve politik roman hayranlar\u0131 i\u00e7in m\u00fckemmel bir se\u00e7im. <\/p>\n","protected":false},"excerpt":{"rendered":"<p>Edebiyat tarihinin ilk distopyas\u0131 olan Efendi Uyan\u0131yor bir 19. yy. centilmeni olan Graham&#8217;\u0131n \u00f6yk\u00fcs\u00fcn\u00fc anlat\u0131yor. Nadir g\u00f6r\u00fclen bir uykusuzluk hastal\u0131\u011f\u0131ndan mustarip olan Graham en sonunda uyumay\u0131<span class=\"excerpt-hellip\"> [\u2026]<\/span><\/p>\n","protected":false},"featured_media":0,"template":"","meta":{"_monsterinsights_skip_tracking":false,"_monsterinsights_sitenote_active":false,"_monsterinsights_sitenote_note":"","_monsterinsights_sitenote_category":0},"product_brand":[],"product_cat":[12540,12291],"product_tag":[],"class_list":{"0":"post-690973","1":"product","2":"type-product","3":"status-publish","5":"product_cat-bilim-kurgu","6":"product_cat-edebiyat","7":"pa_cilt-ciltsiz","8":"pa_tur-kitap","9":"pa_yayinevi-maya-kitap","10":"pa_yazar-h-g-wells","12":"first","13":"instock","14":"sale","15":"shipping-taxable","16":"purchasable","17":"product-type-simple"},"_links":{"self":[{"href":"https:\/\/roveyayinevi.com.tr\/index.php\/wp-json\/wp\/v2\/product\/690973","targetHints":{"allow":["GET"]}}],"collection":[{"href":"https:\/\/roveyayinevi.com.tr\/index.php\/wp-json\/wp\/v2\/product"}],"about":[{"href":"https:\/\/roveyayinevi.com.tr\/index.php\/wp-json\/wp\/v2\/types\/product"}],"wp:attachment":[{"href":"https:\/\/roveyayinevi.com.tr\/index.php\/wp-json\/wp\/v2\/media?parent=690973"}],"wp:term":[{"taxonomy":"product_brand","embeddable":true,"href":"https:\/\/roveyayinevi.com.tr\/index.php\/wp-json\/wp\/v2\/product_brand?post=690973"},{"taxonomy":"product_cat","embeddable":true,"href":"https:\/\/roveyayinevi.com.tr\/index.php\/wp-json\/wp\/v2\/product_cat?post=690973"},{"taxonomy":"product_tag","embeddable":true,"href":"https:\/\/roveyayinevi.com.tr\/index.php\/wp-json\/wp\/v2\/product_tag?post=690973"}],"curies":[{"name":"wp","href":"https:\/\/api.w.org\/{rel}","templated":true}]}}