{"id":690971,"date":"2025-08-27T13:54:53","date_gmt":"2025-08-27T10:54:53","guid":{"rendered":"https:\/\/roveyayinevi.com.tr\/index.php\/urun\/sihirli-kupe\/"},"modified":"2026-04-16T02:00:25","modified_gmt":"2026-04-15T23:00:25","slug":"sihirli-kupe","status":"publish","type":"product","link":"https:\/\/roveyayinevi.com.tr\/index.php\/urun\/sihirli-kupe\/","title":{"rendered":"Sihirli K\u00fcpe"},"content":{"rendered":"<p>Ah Elif! Nas\u0131l da zor ge\u00e7iyor onun geceleri! Mutfak d\u0131\u015f\u0131nda yaln\u0131zca tek bir odalar\u0131 var yat\u0131p uyuduklar\u0131. A\u011fabeyleri, ablalar\u0131 bir de annesi, iki sedir ve bir yer yata\u011f\u0131na s\u0131\u011fmak zorundalar. \u00dcff! Ablas\u0131 da ikide bir d\u00f6n\u00fcp durmasa olmaz! Bir yanda annesi, bir yanda ablas\u0131, zavall\u0131 Elif\u2019in uyumas\u0131 ne m\u00fcmk\u00fcn! \u201cKe\u015fke\u201d diyor bir g\u00fcn, kom\u015fu ona oyuncak bebek yata\u011f\u0131n\u0131 hediye etti\u011finde. \u201cKe\u015fke \u015fu bebek yata\u011f\u0131na s\u0131\u011fabilecek kadar k\u00fc\u00e7\u00fck olsayd\u0131m da \u015f\u00f6yle gerine gerine uyusayd\u0131m tek ba\u015f\u0131ma kendi yata\u011f\u0131mda!\u201dSihirli K\u00fcpe&#8217;de sizi soluksuz okuyaca\u011f\u0131n\u0131z bir macera bekliyor; hem duygulanacak, hem g\u00fclmekten kat\u0131lacaks\u0131n\u0131z\u2026 <\/p>\n","protected":false},"excerpt":{"rendered":"<p>Ah Elif! Nas\u0131l da zor ge\u00e7iyor onun geceleri! Mutfak d\u0131\u015f\u0131nda yaln\u0131zca tek bir odalar\u0131 var yat\u0131p uyuduklar\u0131. A\u011fabeyleri, ablalar\u0131 bir de annesi, iki sedir ve bir<span class=\"excerpt-hellip\"> [\u2026]<\/span><\/p>\n","protected":false},"featured_media":0,"template":"","meta":{"_monsterinsights_skip_tracking":false,"_monsterinsights_sitenote_active":false,"_monsterinsights_sitenote_note":"","_monsterinsights_sitenote_category":0},"product_brand":[],"product_cat":[12275,12274],"product_tag":[],"class_list":{"0":"post-690971","1":"product","2":"type-product","3":"status-publish","5":"product_cat-6-12-yas-kitaplari","6":"product_cat-cocuk-ve-genclik-kitaplari","7":"pa_cilt-ciltsiz","8":"pa_tur-kitap","9":"pa_yayinevi-mavi-bulut-yayinlari","10":"pa_yazar-fatih-erdogan","12":"first","13":"instock","14":"sale","15":"shipping-taxable","16":"purchasable","17":"product-type-simple"},"_links":{"self":[{"href":"https:\/\/roveyayinevi.com.tr\/index.php\/wp-json\/wp\/v2\/product\/690971","targetHints":{"allow":["GET"]}}],"collection":[{"href":"https:\/\/roveyayinevi.com.tr\/index.php\/wp-json\/wp\/v2\/product"}],"about":[{"href":"https:\/\/roveyayinevi.com.tr\/index.php\/wp-json\/wp\/v2\/types\/product"}],"wp:attachment":[{"href":"https:\/\/roveyayinevi.com.tr\/index.php\/wp-json\/wp\/v2\/media?parent=690971"}],"wp:term":[{"taxonomy":"product_brand","embeddable":true,"href":"https:\/\/roveyayinevi.com.tr\/index.php\/wp-json\/wp\/v2\/product_brand?post=690971"},{"taxonomy":"product_cat","embeddable":true,"href":"https:\/\/roveyayinevi.com.tr\/index.php\/wp-json\/wp\/v2\/product_cat?post=690971"},{"taxonomy":"product_tag","embeddable":true,"href":"https:\/\/roveyayinevi.com.tr\/index.php\/wp-json\/wp\/v2\/product_tag?post=690971"}],"curies":[{"name":"wp","href":"https:\/\/api.w.org\/{rel}","templated":true}]}}