{"id":690964,"date":"2025-08-27T13:54:52","date_gmt":"2025-08-27T10:54:52","guid":{"rendered":"https:\/\/roveyayinevi.com.tr\/index.php\/urun\/ablam-bana-dil-cikardi\/"},"modified":"2026-04-16T02:00:25","modified_gmt":"2026-04-15T23:00:25","slug":"ablam-bana-dil-cikardi","status":"publish","type":"product","link":"https:\/\/roveyayinevi.com.tr\/index.php\/urun\/ablam-bana-dil-cikardi\/","title":{"rendered":"Ablam Bana Dil \u00c7\u0131kard\u0131!.."},"content":{"rendered":"<p>Art\u0131k Kendim Okuyabilirim\u2019 Mavibulut Yay\u0131nlar\u0131\u2019n\u0131n okul\u00f6ncesi ve birinci s\u0131n\u0131f \u00e7ocuklar\u0131n\u0131n okumay\u0131 s\u00f6kmeleri ve geli\u015ftirmeleri i\u00e7in haz\u0131rlad\u0131\u011f\u0131 kitaplara koydu\u011fu \u00f6zel amblemdir. K\u0131sa, uyakl\u0131 ve ritmik c\u00fcmle yap\u0131lar\u0131, belletici tekrarlar, dil ve zeka k\u0131vrakl\u0131\u011f\u0131n\u0131 kazand\u0131racak s\u00f6z oyunlar\u0131 ve tekerlemelerle anlat\u0131lan e\u011flenceli \u00f6yk\u00fcler, hen\u00fcz okumay\u0131 \u00f6\u011frenmemi\u015f \u00e7ocuklar\u0131 bile \u2018okur\u2019 haline getirmekte, onlara kitaplar\u0131 sevdirmektedir.  Art\u0131k Kendim Okuyabilirim  dizisindeki kitaplar\u0131n\u0131n okul\u00f6ncesi ve ilkokul birinci s\u0131n\u0131f d\u00f6nemlerinde \u00e7ok \u00f6zel bir yeri vard\u0131r. 1985 y\u0131l\u0131ndan beri yay\u0131mlanmakta olan bu kitaplardan birini okuyup da dizinin \u00f6teki kitaplar\u0131n\u0131 okumak istemeyen \u00e7ocu\u011fa rastlanmam\u0131\u015ft\u0131r. Ritmik c\u00fcmle yap\u0131lar\u0131, kafiyeli ve renkli anlat\u0131m\u0131yla bu kitaplar daha okumay\u0131 \u00f6\u011frenmeden \u00e7ocuklara kitab\u0131 sevdirmeyi ba\u015farmaktad\u0131r. \u0130lk yay\u0131mland\u0131\u011f\u0131 1985 y\u0131l\u0131ndan beri bu dizinin kitaplar\u0131 g\u00fcnden g\u00fcne artan bir ilgi g\u00f6rm\u00fc\u015f, ilkokul birinci s\u0131n\u0131flarda ve anaokullar\u0131nda \u00e7ocuklar\u0131n tutkusu haline gelmi\u015ftir. Yay\u0131nevimiz, bu kitaplar\u0131 \u00e7ocuklar\u0131na her ak\u015fam tekrar tekrar okumak ve her kitab\u0131n giri\u015finde yer alan \u00fcnl\u00fc tekerlemeyi ezberlemek zorunda kalacak olan anne babalardan, a\u011fabey ve ablalardan, dede ve ninelerden, amcalardan, teyzelerden ve halalardan, kuzenlerden ve ye\u011fenlerden, kom\u015fulardan ve yat\u0131l\u0131 yat\u0131s\u0131z t\u00fcm \u00e7ocuk bak\u0131c\u0131lar\u0131ndan \u00f6z\u00fcr diler. <\/p>\n","protected":false},"excerpt":{"rendered":"<p>Art\u0131k Kendim Okuyabilirim\u2019 Mavibulut Yay\u0131nlar\u0131\u2019n\u0131n okul\u00f6ncesi ve birinci s\u0131n\u0131f \u00e7ocuklar\u0131n\u0131n okumay\u0131 s\u00f6kmeleri ve geli\u015ftirmeleri i\u00e7in haz\u0131rlad\u0131\u011f\u0131 kitaplara koydu\u011fu \u00f6zel amblemdir. K\u0131sa, uyakl\u0131 ve ritmik c\u00fcmle yap\u0131lar\u0131,<span class=\"excerpt-hellip\"> [\u2026]<\/span><\/p>\n","protected":false},"featured_media":0,"template":"","meta":{"_monsterinsights_skip_tracking":false,"_monsterinsights_sitenote_active":false,"_monsterinsights_sitenote_note":"","_monsterinsights_sitenote_category":0},"product_brand":[],"product_cat":[12275,12274],"product_tag":[],"class_list":{"0":"post-690964","1":"product","2":"type-product","3":"status-publish","5":"product_cat-6-12-yas-kitaplari","6":"product_cat-cocuk-ve-genclik-kitaplari","7":"pa_cilt-ciltsiz","8":"pa_tur-kitap","9":"pa_yayinevi-mavi-bulut-yayinlari","10":"pa_yazar-fatih-erdogan","12":"first","13":"instock","14":"sale","15":"shipping-taxable","16":"purchasable","17":"product-type-simple"},"_links":{"self":[{"href":"https:\/\/roveyayinevi.com.tr\/index.php\/wp-json\/wp\/v2\/product\/690964","targetHints":{"allow":["GET"]}}],"collection":[{"href":"https:\/\/roveyayinevi.com.tr\/index.php\/wp-json\/wp\/v2\/product"}],"about":[{"href":"https:\/\/roveyayinevi.com.tr\/index.php\/wp-json\/wp\/v2\/types\/product"}],"wp:attachment":[{"href":"https:\/\/roveyayinevi.com.tr\/index.php\/wp-json\/wp\/v2\/media?parent=690964"}],"wp:term":[{"taxonomy":"product_brand","embeddable":true,"href":"https:\/\/roveyayinevi.com.tr\/index.php\/wp-json\/wp\/v2\/product_brand?post=690964"},{"taxonomy":"product_cat","embeddable":true,"href":"https:\/\/roveyayinevi.com.tr\/index.php\/wp-json\/wp\/v2\/product_cat?post=690964"},{"taxonomy":"product_tag","embeddable":true,"href":"https:\/\/roveyayinevi.com.tr\/index.php\/wp-json\/wp\/v2\/product_tag?post=690964"}],"curies":[{"name":"wp","href":"https:\/\/api.w.org\/{rel}","templated":true}]}}