{"id":690955,"date":"2025-08-27T13:54:50","date_gmt":"2025-08-27T10:54:50","guid":{"rendered":"https:\/\/roveyayinevi.com.tr\/index.php\/urun\/fili-yuttu-bir-yilan\/"},"modified":"2026-04-16T02:00:24","modified_gmt":"2026-04-15T23:00:24","slug":"fili-yuttu-bir-yilan","status":"publish","type":"product","link":"https:\/\/roveyayinevi.com.tr\/index.php\/urun\/fili-yuttu-bir-yilan\/","title":{"rendered":"Fili Yuttu Bir Y\u0131lan!.."},"content":{"rendered":"<p>Fili Yuttu Bir Y\u0131lan, yalan \u00fczerine kelime oyunlar\u0131na dayal\u0131 fantastik bir \u00e7e\u015fitleme.Art\u0131k Kendim Okuyabilirim dizisindeki kitaplar\u0131n okul\u00f6ncesi ve ilkokul birinci s\u0131n\u0131f d\u00f6nemlerinde \u00e7ok \u00f6zel bir yeri vard\u0131r. 1985 y\u0131l\u0131ndan beri yay\u0131mlanmakta olan bu kitaplardan birini okuyup da dizinin \u00f6teki kitaplar\u0131n\u0131n pe\u015fine d\u00fc\u015fmeyen \u00e7ocu\u011fa rastlanmam\u0131\u015ft\u0131r. <\/p>\n","protected":false},"excerpt":{"rendered":"<p>Fili Yuttu Bir Y\u0131lan, yalan \u00fczerine kelime oyunlar\u0131na dayal\u0131 fantastik bir \u00e7e\u015fitleme.Art\u0131k Kendim Okuyabilirim dizisindeki kitaplar\u0131n okul\u00f6ncesi ve ilkokul birinci s\u0131n\u0131f d\u00f6nemlerinde \u00e7ok \u00f6zel bir yeri<span class=\"excerpt-hellip\"> [\u2026]<\/span><\/p>\n","protected":false},"featured_media":0,"template":"","meta":{"_monsterinsights_skip_tracking":false,"_monsterinsights_sitenote_active":false,"_monsterinsights_sitenote_note":"","_monsterinsights_sitenote_category":0},"product_brand":[],"product_cat":[12275,12274],"product_tag":[],"class_list":{"0":"post-690955","1":"product","2":"type-product","3":"status-publish","5":"product_cat-6-12-yas-kitaplari","6":"product_cat-cocuk-ve-genclik-kitaplari","7":"pa_cilt-ciltsiz","8":"pa_tur-kitap","9":"pa_yayinevi-mavi-bulut-yayinlari","10":"pa_yazar-fatih-erdogan","12":"first","13":"instock","14":"sale","15":"shipping-taxable","16":"purchasable","17":"product-type-simple"},"_links":{"self":[{"href":"https:\/\/roveyayinevi.com.tr\/index.php\/wp-json\/wp\/v2\/product\/690955","targetHints":{"allow":["GET"]}}],"collection":[{"href":"https:\/\/roveyayinevi.com.tr\/index.php\/wp-json\/wp\/v2\/product"}],"about":[{"href":"https:\/\/roveyayinevi.com.tr\/index.php\/wp-json\/wp\/v2\/types\/product"}],"wp:attachment":[{"href":"https:\/\/roveyayinevi.com.tr\/index.php\/wp-json\/wp\/v2\/media?parent=690955"}],"wp:term":[{"taxonomy":"product_brand","embeddable":true,"href":"https:\/\/roveyayinevi.com.tr\/index.php\/wp-json\/wp\/v2\/product_brand?post=690955"},{"taxonomy":"product_cat","embeddable":true,"href":"https:\/\/roveyayinevi.com.tr\/index.php\/wp-json\/wp\/v2\/product_cat?post=690955"},{"taxonomy":"product_tag","embeddable":true,"href":"https:\/\/roveyayinevi.com.tr\/index.php\/wp-json\/wp\/v2\/product_tag?post=690955"}],"curies":[{"name":"wp","href":"https:\/\/api.w.org\/{rel}","templated":true}]}}