{"id":690954,"date":"2025-08-27T13:54:50","date_gmt":"2025-08-27T10:54:50","guid":{"rendered":"https:\/\/roveyayinevi.com.tr\/index.php\/urun\/fa-ustanin-kemanlari\/"},"modified":"2026-04-16T02:00:24","modified_gmt":"2026-04-15T23:00:24","slug":"fa-ustanin-kemanlari","status":"publish","type":"product","link":"https:\/\/roveyayinevi.com.tr\/index.php\/urun\/fa-ustanin-kemanlari\/","title":{"rendered":"Fa Usta\u2019n\u0131n Kemanlar\u0131"},"content":{"rendered":"<p>Fa Usta, kar\u0131s\u0131n\u0131n \u00f6l\u00fcm\u00fcnden sonra hayata k\u00fcsm\u00fc\u015f d\u00fcnyan\u0131n en iyi keman yap\u0131m ustas\u0131. Mifa, onun o\u011flu. Lare, Solfasol \u00dclkesi\u2019nin k\u00fc\u00e7\u00fck prensesi; keman \u00e7almay\u0131 \u00e7ok istiyor ama geleneklere g\u00f6re k\u0131z \u00e7ocuklar\u0131 keman \u00e7alamaz. Refa ise onun a\u011fabeyi, \u00e7ok iyi keman \u00e7almas\u0131 gerekiyor ama onun istedi\u011fi tek \u015fey kurba\u011falar\u0131 incelemek. Tabii bir de Solfasol \u00dclkesi\u2019ni \u00e7ekemeyen kom\u015fu \u00fclke Remido\u2019nun kral\u0131 Kral Remi var&#8230; Olaylar 343. Solfej \u015eenlikleri\u2019nde Kral Remi\u2019nin Solfasol \u00dclkesi\u2019ne yapaca\u011f\u0131 ziyaretle ba\u015fl\u0131yor\u2026Fa Usta\u2019n\u0131n Kemanlar\u0131 cinsiyet ayr\u0131mc\u0131l\u0131\u011f\u0131na, \u00e7al\u0131\u015fmak ve ba\u015farmak kavramlar\u0131na, hayallerimizin pe\u015finden ko\u015fmaya, d\u00fcr\u00fcstl\u00fc\u011fe ayna tutan duygusal bir metin\u2026<\/p>\n","protected":false},"excerpt":{"rendered":"<p>Fa Usta, kar\u0131s\u0131n\u0131n \u00f6l\u00fcm\u00fcnden sonra hayata k\u00fcsm\u00fc\u015f d\u00fcnyan\u0131n en iyi keman yap\u0131m ustas\u0131. Mifa, onun o\u011flu. Lare, Solfasol \u00dclkesi\u2019nin k\u00fc\u00e7\u00fck prensesi; keman \u00e7almay\u0131 \u00e7ok istiyor ama<span class=\"excerpt-hellip\"> [\u2026]<\/span><\/p>\n","protected":false},"featured_media":0,"template":"","meta":{"_monsterinsights_skip_tracking":false,"_monsterinsights_sitenote_active":false,"_monsterinsights_sitenote_note":"","_monsterinsights_sitenote_category":0},"product_brand":[],"product_cat":[12274,12284],"product_tag":[],"class_list":{"0":"post-690954","1":"product","2":"type-product","3":"status-publish","5":"product_cat-cocuk-ve-genclik-kitaplari","6":"product_cat-hikayeler","7":"pa_cilt-ciltsiz","8":"pa_tur-kitap","9":"pa_yayinevi-mavi-bulut-yayinlari","10":"pa_yazar-fatih-erdogan","12":"first","13":"instock","14":"sale","15":"shipping-taxable","16":"purchasable","17":"product-type-simple"},"_links":{"self":[{"href":"https:\/\/roveyayinevi.com.tr\/index.php\/wp-json\/wp\/v2\/product\/690954","targetHints":{"allow":["GET"]}}],"collection":[{"href":"https:\/\/roveyayinevi.com.tr\/index.php\/wp-json\/wp\/v2\/product"}],"about":[{"href":"https:\/\/roveyayinevi.com.tr\/index.php\/wp-json\/wp\/v2\/types\/product"}],"wp:attachment":[{"href":"https:\/\/roveyayinevi.com.tr\/index.php\/wp-json\/wp\/v2\/media?parent=690954"}],"wp:term":[{"taxonomy":"product_brand","embeddable":true,"href":"https:\/\/roveyayinevi.com.tr\/index.php\/wp-json\/wp\/v2\/product_brand?post=690954"},{"taxonomy":"product_cat","embeddable":true,"href":"https:\/\/roveyayinevi.com.tr\/index.php\/wp-json\/wp\/v2\/product_cat?post=690954"},{"taxonomy":"product_tag","embeddable":true,"href":"https:\/\/roveyayinevi.com.tr\/index.php\/wp-json\/wp\/v2\/product_tag?post=690954"}],"curies":[{"name":"wp","href":"https:\/\/api.w.org\/{rel}","templated":true}]}}