{"id":690953,"date":"2025-08-27T13:54:50","date_gmt":"2025-08-27T10:54:50","guid":{"rendered":"https:\/\/roveyayinevi.com.tr\/index.php\/urun\/turkiyenin-kuslari\/"},"modified":"2026-04-16T02:00:24","modified_gmt":"2026-04-15T23:00:24","slug":"turkiyenin-kuslari","status":"publish","type":"product","link":"https:\/\/roveyayinevi.com.tr\/index.php\/urun\/turkiyenin-kuslari\/","title":{"rendered":"T\u00fcrkiye\u2019nin Ku\u015flar\u0131"},"content":{"rendered":"<p>Do\u011fal hayata hi\u00e7 ilgisi olmad\u0131\u011f\u0131n\u0131 d\u00fc\u015f\u00fcnenlerin bile g\u00fczellikleri, renkleri, \u00f6t\u00fc\u015fleri, u\u00e7u\u015f becerileri ve \u00f6zg\u00fcrl\u00fckleriyle insanlara daima ilham kayna\u011f\u0131 olan ku\u015flarla mutlaka bir ili\u015fkisi vard\u0131r. Ku\u015flar\u0131n sembolik ve \u015fiirsel anlamlar\u0131 bir yana, bilim insanlar\u0131 aerodinamikleri, y\u00f6n bulma kabiliyetleri, evrimleri ve nazik evrenimizdeki de\u011fi\u015fen durumlar\u0131 konusunda s\u00fcrekli yeni s\u0131rlar a\u00e7\u0131\u011fa \u00e7\u0131karmaya devam ediyor. Peki biz \u00e7evremizdeki ku\u015flar\u0131 ne kadar tan\u0131yoruz? T\u00fcrkiye k\u0131y\u0131lar\u0131nda, ormanlar\u0131nda, g\u00f6llerinde, tarlalar\u0131nda ve da\u011flar\u0131nda ya\u015fayan pek \u00e7ok ku\u015f t\u00fcr\u00fc ile kutsanm\u0131\u015f bir \u00fclke. Ancak \u00e7o\u011fumuzun en iyi bildi\u011fi ku\u015flar, \u015fehirlerde de kar\u015f\u0131m\u0131za \u00e7\u0131kan g\u00fcvercinler ve ser\u00e7eler. \u0130\u015fte bu bildik t\u00fcrlerle ba\u015flayan bu rehber, ba\u015flang\u0131\u00e7 seviyesindeki herkesi kitapta ad\u0131 ge\u00e7en ku\u015flar\u0131 g\u00f6rebilecekleri yerlerden onlar\u0131 tan\u0131mlamaya ve davran\u0131\u015flar\u0131n\u0131 anlamaya dek b\u00fcy\u00fck bir yolculu\u011fa \u00e7\u0131kar\u0131yor. T\u00fcrkiye\u2019nin Ku\u015flar\u0131, \u00e7evresindeki ku\u015flar\u0131 merak eden ya da onlar hakk\u0131nda daha \u00e7ok \u015fey bilmek isteyen herkes i\u00e7in ideal bir ba\u015flang\u0131\u00e7 kitab\u0131&#8230;<\/p>\n","protected":false},"excerpt":{"rendered":"<p>Do\u011fal hayata hi\u00e7 ilgisi olmad\u0131\u011f\u0131n\u0131 d\u00fc\u015f\u00fcnenlerin bile g\u00fczellikleri, renkleri, \u00f6t\u00fc\u015fleri, u\u00e7u\u015f becerileri ve \u00f6zg\u00fcrl\u00fckleriyle insanlara daima ilham kayna\u011f\u0131 olan ku\u015flarla mutlaka bir ili\u015fkisi vard\u0131r. Ku\u015flar\u0131n sembolik<span class=\"excerpt-hellip\"> [\u2026]<\/span><\/p>\n","protected":false},"featured_media":0,"template":"","meta":{"_monsterinsights_skip_tracking":false,"_monsterinsights_sitenote_active":false,"_monsterinsights_sitenote_note":"","_monsterinsights_sitenote_category":0},"product_brand":[],"product_cat":[12274,14573],"product_tag":[],"class_list":{"0":"post-690953","1":"product","2":"type-product","3":"status-publish","5":"product_cat-cocuk-ve-genclik-kitaplari","6":"product_cat-referans-kitaplar-cocuk-ve-genclik-kitaplari","7":"pa_cilt-ciltsiz","8":"pa_tur-kitap","9":"pa_yayinevi-mandolin-yayinlari","10":"pa_yazar-tim-davis","12":"first","13":"instock","14":"sale","15":"shipping-taxable","16":"purchasable","17":"product-type-simple"},"_links":{"self":[{"href":"https:\/\/roveyayinevi.com.tr\/index.php\/wp-json\/wp\/v2\/product\/690953","targetHints":{"allow":["GET"]}}],"collection":[{"href":"https:\/\/roveyayinevi.com.tr\/index.php\/wp-json\/wp\/v2\/product"}],"about":[{"href":"https:\/\/roveyayinevi.com.tr\/index.php\/wp-json\/wp\/v2\/types\/product"}],"wp:attachment":[{"href":"https:\/\/roveyayinevi.com.tr\/index.php\/wp-json\/wp\/v2\/media?parent=690953"}],"wp:term":[{"taxonomy":"product_brand","embeddable":true,"href":"https:\/\/roveyayinevi.com.tr\/index.php\/wp-json\/wp\/v2\/product_brand?post=690953"},{"taxonomy":"product_cat","embeddable":true,"href":"https:\/\/roveyayinevi.com.tr\/index.php\/wp-json\/wp\/v2\/product_cat?post=690953"},{"taxonomy":"product_tag","embeddable":true,"href":"https:\/\/roveyayinevi.com.tr\/index.php\/wp-json\/wp\/v2\/product_tag?post=690953"}],"curies":[{"name":"wp","href":"https:\/\/api.w.org\/{rel}","templated":true}]}}