{"id":690944,"date":"2025-08-27T13:54:48","date_gmt":"2025-08-27T10:54:48","guid":{"rendered":"https:\/\/roveyayinevi.com.tr\/index.php\/urun\/mutfak-cini\/"},"modified":"2026-04-16T02:00:24","modified_gmt":"2026-04-15T23:00:24","slug":"mutfak-cini","status":"publish","type":"product","link":"https:\/\/roveyayinevi.com.tr\/index.php\/urun\/mutfak-cini\/","title":{"rendered":"Mutfak Cini"},"content":{"rendered":"<p>Mutfakta birileri mi var? T\u0131k\u0131r t\u0131k\u0131r sesler geliyor. Mutfak Cini yine i\u015f ba\u015f\u0131nda! En sevdi\u011fin yemekleri yap\u0131p harika tarifleri \u00f6\u011frenerek arkada\u015flar\u0131n\u0131 ve aileni \u015fa\u015f\u0131rtmak ister miydin? Cevab\u0131n  Evet  ise arad\u0131\u011f\u0131n her \u015fey burada! Sen Mutfak Cini\u2019nin \u00f6\u011fretti\u011fi lezzetli ve kolay yemekleri haz\u0131rlarken g\u00fczel kokular herkesin akl\u0131n\u0131 ba\u015f\u0131ndan alacak. Ayr\u0131ca Mutfak Cini pratik bilgilerden sofra haz\u0131rlamaya, kullanaca\u011f\u0131n ara\u00e7 gere\u00e7lerden mutfa\u011f\u0131 nas\u0131l d\u00fczenlemen gerekti\u011fine kadar ihtiyac\u0131n olan her \u015feyi sana anlatacak. Haydi, hemen \u00f6nl\u00fc\u011f\u00fcn\u00fc tak! Reng\u00e2renk kurabiyeler, nefis hamburgerler ve i\u015ftah kabartacak pizzalar seni bekliyor! <\/p>\n","protected":false},"excerpt":{"rendered":"<p>Mutfakta birileri mi var? T\u0131k\u0131r t\u0131k\u0131r sesler geliyor. Mutfak Cini yine i\u015f ba\u015f\u0131nda! En sevdi\u011fin yemekleri yap\u0131p harika tarifleri \u00f6\u011frenerek arkada\u015flar\u0131n\u0131 ve aileni \u015fa\u015f\u0131rtmak ister miydin?<span class=\"excerpt-hellip\"> [\u2026]<\/span><\/p>\n","protected":false},"featured_media":0,"template":"","meta":{"_monsterinsights_skip_tracking":false,"_monsterinsights_sitenote_active":false,"_monsterinsights_sitenote_note":"","_monsterinsights_sitenote_category":0},"product_brand":[],"product_cat":[12274,12649],"product_tag":[],"class_list":{"0":"post-690944","1":"product","2":"type-product","3":"status-publish","5":"product_cat-cocuk-ve-genclik-kitaplari","6":"product_cat-hobi-muzik","7":"pa_tur-kitap","8":"pa_yayinevi-mandolin-yayinlari","9":"pa_yazar-dilek-unal","11":"first","12":"instock","13":"sale","14":"shipping-taxable","15":"purchasable","16":"product-type-simple"},"_links":{"self":[{"href":"https:\/\/roveyayinevi.com.tr\/index.php\/wp-json\/wp\/v2\/product\/690944","targetHints":{"allow":["GET"]}}],"collection":[{"href":"https:\/\/roveyayinevi.com.tr\/index.php\/wp-json\/wp\/v2\/product"}],"about":[{"href":"https:\/\/roveyayinevi.com.tr\/index.php\/wp-json\/wp\/v2\/types\/product"}],"wp:attachment":[{"href":"https:\/\/roveyayinevi.com.tr\/index.php\/wp-json\/wp\/v2\/media?parent=690944"}],"wp:term":[{"taxonomy":"product_brand","embeddable":true,"href":"https:\/\/roveyayinevi.com.tr\/index.php\/wp-json\/wp\/v2\/product_brand?post=690944"},{"taxonomy":"product_cat","embeddable":true,"href":"https:\/\/roveyayinevi.com.tr\/index.php\/wp-json\/wp\/v2\/product_cat?post=690944"},{"taxonomy":"product_tag","embeddable":true,"href":"https:\/\/roveyayinevi.com.tr\/index.php\/wp-json\/wp\/v2\/product_tag?post=690944"}],"curies":[{"name":"wp","href":"https:\/\/api.w.org\/{rel}","templated":true}]}}