{"id":690941,"date":"2025-08-27T13:54:47","date_gmt":"2025-08-27T10:54:47","guid":{"rendered":"https:\/\/roveyayinevi.com.tr\/index.php\/urun\/aysegule-ne-oldu\/"},"modified":"2026-04-16T02:00:24","modified_gmt":"2026-04-15T23:00:24","slug":"aysegule-ne-oldu","status":"publish","type":"product","link":"https:\/\/roveyayinevi.com.tr\/index.php\/urun\/aysegule-ne-oldu\/","title":{"rendered":"Ay\u015feg\u00fcl\u2019e Ne Oldu?"},"content":{"rendered":"<p>Bulut ve d\u00f6rt arkada\u015f\u0131 d\u00fcnyay\u0131 dola\u015fma planlar\u0131 yaparken, arkada\u015flar\u0131 Ay\u015feg\u00fcl\u2019\u00fcn birdenbire ortadan kayboldu\u011funu fark ederler. Ay\u015feg\u00fcl\u2019\u00fcn ka\u00e7\u0131r\u0131ld\u0131\u011f\u0131n\u0131 d\u00fc\u015f\u00fcnen Bulut, onu aramaya ba\u015flar. Bunun i\u00e7in daha \u00f6nce hi\u00e7 girmedi\u011fi sokaklara girecek, ta\u015f ocaklar\u0131nda ke\u015fif yapacak ve sonunda kendisini tarihi eser ka\u00e7ak\u00e7\u0131lar\u0131n\u0131n aras\u0131nda bulacakt\u0131r. Siz de Fatih Erdo\u011fan\u2019\u0131n bu en sevilen macera roman\u0131n\u0131 elinizden d\u00fc\u015f\u00fcremeyeceksiniz.\u0130yi okumalar\u2026<\/p>\n","protected":false},"excerpt":{"rendered":"<p>Bulut ve d\u00f6rt arkada\u015f\u0131 d\u00fcnyay\u0131 dola\u015fma planlar\u0131 yaparken, arkada\u015flar\u0131 Ay\u015feg\u00fcl\u2019\u00fcn birdenbire ortadan kayboldu\u011funu fark ederler. Ay\u015feg\u00fcl\u2019\u00fcn ka\u00e7\u0131r\u0131ld\u0131\u011f\u0131n\u0131 d\u00fc\u015f\u00fcnen Bulut, onu aramaya ba\u015flar. Bunun i\u00e7in daha \u00f6nce<span class=\"excerpt-hellip\"> [\u2026]<\/span><\/p>\n","protected":false},"featured_media":0,"template":"","meta":{"_monsterinsights_skip_tracking":false,"_monsterinsights_sitenote_active":false,"_monsterinsights_sitenote_note":"","_monsterinsights_sitenote_category":0},"product_brand":[],"product_cat":[12274,12284],"product_tag":[],"class_list":{"0":"post-690941","1":"product","2":"type-product","3":"status-publish","5":"product_cat-cocuk-ve-genclik-kitaplari","6":"product_cat-hikayeler","7":"pa_cilt-ciltsiz","8":"pa_tur-kitap","9":"pa_yayinevi-mavi-bulut-yayinlari","10":"pa_yazar-fatih-erdogan","12":"first","13":"instock","14":"sale","15":"shipping-taxable","16":"purchasable","17":"product-type-simple"},"_links":{"self":[{"href":"https:\/\/roveyayinevi.com.tr\/index.php\/wp-json\/wp\/v2\/product\/690941","targetHints":{"allow":["GET"]}}],"collection":[{"href":"https:\/\/roveyayinevi.com.tr\/index.php\/wp-json\/wp\/v2\/product"}],"about":[{"href":"https:\/\/roveyayinevi.com.tr\/index.php\/wp-json\/wp\/v2\/types\/product"}],"wp:attachment":[{"href":"https:\/\/roveyayinevi.com.tr\/index.php\/wp-json\/wp\/v2\/media?parent=690941"}],"wp:term":[{"taxonomy":"product_brand","embeddable":true,"href":"https:\/\/roveyayinevi.com.tr\/index.php\/wp-json\/wp\/v2\/product_brand?post=690941"},{"taxonomy":"product_cat","embeddable":true,"href":"https:\/\/roveyayinevi.com.tr\/index.php\/wp-json\/wp\/v2\/product_cat?post=690941"},{"taxonomy":"product_tag","embeddable":true,"href":"https:\/\/roveyayinevi.com.tr\/index.php\/wp-json\/wp\/v2\/product_tag?post=690941"}],"curies":[{"name":"wp","href":"https:\/\/api.w.org\/{rel}","templated":true}]}}