{"id":690939,"date":"2025-08-27T13:54:47","date_gmt":"2025-08-27T10:54:47","guid":{"rendered":"https:\/\/roveyayinevi.com.tr\/index.php\/urun\/damdaki-inek\/"},"modified":"2026-04-16T02:00:24","modified_gmt":"2026-04-15T23:00:24","slug":"damdaki-inek","status":"publish","type":"product","link":"https:\/\/roveyayinevi.com.tr\/index.php\/urun\/damdaki-inek\/","title":{"rendered":"Damdaki \u0130nek"},"content":{"rendered":"<p>Kar\u0131s\u0131 Sian\u2019dan \u00e7ok daha fazla \u00e7al\u0131\u015ft\u0131\u011f\u0131n\u0131 d\u00fc\u015f\u00fcnen \u00e7ift\u00e7i Shon, bir g\u00fcnl\u00fc\u011f\u00fcne i\u015flerini de\u011fi\u015ftirmelerini teklif eder. Tarlada b\u00fct\u00fcn g\u00fcn \u00e7al\u0131\u015fmak yerine evde yan gelip yataca\u011f\u0131n\u0131 sanan Shon, asl\u0131nda i\u015flerin hi\u00e7 de sand\u0131\u011f\u0131 gibi olmad\u0131\u011f\u0131n\u0131 k\u0131sa s\u00fcrede anlar. Ama tabii olan olmu\u015ftur! Galler versiyonundan al\u0131nan ama pek \u00e7ok Kuzey \u00fclkesinde de anlat\u0131lan bu hik\u00e2ye,  En G\u00fczel D\u00fcnya Hik\u00e2yeleri  serisinin d\u00f6rd\u00fcnc\u00fc kitab\u0131d\u0131r. <\/p>\n","protected":false},"excerpt":{"rendered":"<p>Kar\u0131s\u0131 Sian\u2019dan \u00e7ok daha fazla \u00e7al\u0131\u015ft\u0131\u011f\u0131n\u0131 d\u00fc\u015f\u00fcnen \u00e7ift\u00e7i Shon, bir g\u00fcnl\u00fc\u011f\u00fcne i\u015flerini de\u011fi\u015ftirmelerini teklif eder. Tarlada b\u00fct\u00fcn g\u00fcn \u00e7al\u0131\u015fmak yerine evde yan gelip yataca\u011f\u0131n\u0131 sanan Shon,<span class=\"excerpt-hellip\"> [\u2026]<\/span><\/p>\n","protected":false},"featured_media":0,"template":"","meta":{"_monsterinsights_skip_tracking":false,"_monsterinsights_sitenote_active":false,"_monsterinsights_sitenote_note":"","_monsterinsights_sitenote_category":0},"product_brand":[],"product_cat":[12274,12284],"product_tag":[],"class_list":{"0":"post-690939","1":"product","2":"type-product","3":"status-publish","5":"product_cat-cocuk-ve-genclik-kitaplari","6":"product_cat-hikayeler","7":"pa_cilt-ciltsiz","8":"pa_tur-kitap","9":"pa_yayinevi-mandolin-yayinlari","10":"pa_yazar-eric-maddern","12":"first","13":"instock","14":"sale","15":"shipping-taxable","16":"purchasable","17":"product-type-simple"},"_links":{"self":[{"href":"https:\/\/roveyayinevi.com.tr\/index.php\/wp-json\/wp\/v2\/product\/690939","targetHints":{"allow":["GET"]}}],"collection":[{"href":"https:\/\/roveyayinevi.com.tr\/index.php\/wp-json\/wp\/v2\/product"}],"about":[{"href":"https:\/\/roveyayinevi.com.tr\/index.php\/wp-json\/wp\/v2\/types\/product"}],"wp:attachment":[{"href":"https:\/\/roveyayinevi.com.tr\/index.php\/wp-json\/wp\/v2\/media?parent=690939"}],"wp:term":[{"taxonomy":"product_brand","embeddable":true,"href":"https:\/\/roveyayinevi.com.tr\/index.php\/wp-json\/wp\/v2\/product_brand?post=690939"},{"taxonomy":"product_cat","embeddable":true,"href":"https:\/\/roveyayinevi.com.tr\/index.php\/wp-json\/wp\/v2\/product_cat?post=690939"},{"taxonomy":"product_tag","embeddable":true,"href":"https:\/\/roveyayinevi.com.tr\/index.php\/wp-json\/wp\/v2\/product_tag?post=690939"}],"curies":[{"name":"wp","href":"https:\/\/api.w.org\/{rel}","templated":true}]}}