{"id":690938,"date":"2025-08-27T13:54:47","date_gmt":"2025-08-27T10:54:47","guid":{"rendered":"https:\/\/roveyayinevi.com.tr\/index.php\/urun\/baska-bir-ulkede-yasasaydin\/"},"modified":"2026-04-16T02:00:24","modified_gmt":"2026-04-15T23:00:24","slug":"baska-bir-ulkede-yasasaydin","status":"publish","type":"product","link":"https:\/\/roveyayinevi.com.tr\/index.php\/urun\/baska-bir-ulkede-yasasaydin\/","title":{"rendered":"Ba\u015fka Bir \u00dclkede Ya\u015fasayd\u0131n"},"content":{"rendered":"<p>Ba\u015fka bir \u00fclkede ya\u015fasayd\u0131n&#8230; D\u00fcnyan\u0131n \u00f6b\u00fcr ucunda do\u011fsayd\u0131n ne olurdu? Daha \u00f6nce bu soruyu kendine sordun mu? Mesela Meksika\u2019n\u0131n k\u00fc\u00e7\u00fck bir kasabas\u0131nda ya\u015fayan bir k\u0131z g\u00fcn\u00fcn\u00fc nas\u0131l ge\u00e7irir? Tokyo\u2019da ya\u015fayan biri \u00f6\u011flen okulda ne yer? Ya da Afrika\u2019n\u0131n kalbindeki bir k\u00f6yde b\u00fcy\u00fcmek nas\u0131l olurdu? Bu kitap, muhte\u015fem \u00e7izimlerle d\u00fcnyan\u0131n d\u00f6rt bir yan\u0131ndaki 15 ayr\u0131 b\u00f6lgeyi tan\u0131t\u0131rken buralarda ya\u015fayan \u00e7ocuklar\u0131n nas\u0131l bir hayat\u0131 oldu\u011funu da anlat\u0131yor. Birbirinden farkl\u0131 ya\u015fam tarzlar\u0131 ve co\u011frafyalar d\u00fcnyan\u0131z\u0131 geni\u015fletecek&#8230; \ufffcTan\u0131t\u0131m Metni<\/p>\n","protected":false},"excerpt":{"rendered":"<p>Ba\u015fka bir \u00fclkede ya\u015fasayd\u0131n&#8230; D\u00fcnyan\u0131n \u00f6b\u00fcr ucunda do\u011fsayd\u0131n ne olurdu? Daha \u00f6nce bu soruyu kendine sordun mu? Mesela Meksika\u2019n\u0131n k\u00fc\u00e7\u00fck bir kasabas\u0131nda ya\u015fayan bir k\u0131z g\u00fcn\u00fcn\u00fc<span class=\"excerpt-hellip\"> [\u2026]<\/span><\/p>\n","protected":false},"featured_media":0,"template":"","meta":{"_monsterinsights_skip_tracking":false,"_monsterinsights_sitenote_active":false,"_monsterinsights_sitenote_note":"","_monsterinsights_sitenote_category":0},"product_brand":[],"product_cat":[12312,12304],"product_tag":[],"class_list":{"0":"post-690938","1":"product","2":"type-product","3":"status-publish","5":"product_cat-diger","6":"product_cat-tarih","7":"pa_cilt-ciltsiz","8":"pa_tur-kitap","9":"pa_yayinevi-mandolin-yayinlari","10":"pa_yazar-stephanie-ledu","12":"first","13":"instock","14":"sale","15":"shipping-taxable","16":"purchasable","17":"product-type-simple"},"_links":{"self":[{"href":"https:\/\/roveyayinevi.com.tr\/index.php\/wp-json\/wp\/v2\/product\/690938","targetHints":{"allow":["GET"]}}],"collection":[{"href":"https:\/\/roveyayinevi.com.tr\/index.php\/wp-json\/wp\/v2\/product"}],"about":[{"href":"https:\/\/roveyayinevi.com.tr\/index.php\/wp-json\/wp\/v2\/types\/product"}],"wp:attachment":[{"href":"https:\/\/roveyayinevi.com.tr\/index.php\/wp-json\/wp\/v2\/media?parent=690938"}],"wp:term":[{"taxonomy":"product_brand","embeddable":true,"href":"https:\/\/roveyayinevi.com.tr\/index.php\/wp-json\/wp\/v2\/product_brand?post=690938"},{"taxonomy":"product_cat","embeddable":true,"href":"https:\/\/roveyayinevi.com.tr\/index.php\/wp-json\/wp\/v2\/product_cat?post=690938"},{"taxonomy":"product_tag","embeddable":true,"href":"https:\/\/roveyayinevi.com.tr\/index.php\/wp-json\/wp\/v2\/product_tag?post=690938"}],"curies":[{"name":"wp","href":"https:\/\/api.w.org\/{rel}","templated":true}]}}